{"id":1089,"date":"2022-02-24T14:11:37","date_gmt":"2022-02-24T14:11:37","guid":{"rendered":"https:\/\/educhampions.eu\/about\/"},"modified":"2024-11-05T08:42:21","modified_gmt":"2024-11-05T08:42:21","slug":"about","status":"publish","type":"page","link":"https:\/\/educhampions.eu\/tr\/about\/","title":{"rendered":"Hakk\u0131m\u0131zda"},"content":{"rendered":"<div>EduChampions projesinin slogan\u0131, e\u011fitimciler aras\u0131nda giri\u015fimci zihniyeti ve tutumu besleyerek, \u00d6\u011frenim i\u00e7in Evrensel Tasar\u0131m ilkelerine ve \u00f6\u011frenci merkezli pedagojilerin \u00f6\u011frenme i\u00e7in ilgili dijital ara\u00e7larla birle\u015fimine dayanan yenilik\u00e7i, kapsay\u0131c\u0131, esnek \u00f6\u011frenme uygulamalar\u0131n\u0131n tasarlanmas\u0131na ve \u00f6l\u00e7eklendirilmesine yard\u0131mc\u0131 olmakt\u0131r. E\u011fitim, sosyal, co\u011frafi, k\u00fclt\u00fcrel, ekonomik, e\u011fitim ve \u00f6\u011fretimle ilgili engellerle kar\u015f\u0131la\u015fan ve say\u0131lar\u0131 giderek artan insan gruplar\u0131 kar\u015f\u0131s\u0131nda son derece \u00f6nemli olan, her birinin mevcut ve gelecekteki f\u0131rsatlar\u0131n\u0131 g\u00fc\u00e7lendirerek e\u011fitmen ve \u00f6\u011frenenlerin ko\u015fullar\u0131n\u0131 ve olanaklar\u0131n\u0131 artt\u0131rma potansiyeline sahiptir.<\/div>\n<h3>Hedefler<\/h3>\n<div>\n<ol>\n<li>\n<p><span>UDL&#8217;den ilham alan, \u00f6\u011frenen merkezli, dijital olarak desteklenen \u00f6\u011frenme uygulamalar\u0131n\u0131 te\u015fvik eden e\u011fitim giri\u015fimcilerinin k\u00fclt\u00fcrler aras\u0131 ilham verici \u00f6rneklerini ve hikayelerini toplamak ve s\u00fcre\u00e7teki \u00f6nemli pedagoji, teknoloji ve giri\u015fimcilik boyutlar\u0131n\u0131 netle\u015ftirmeye yard\u0131mc\u0131 olmak i\u00e7in a\u015fa\u011f\u0131daki ama\u00e7lar\u0131 kendi topluluklar\u0131 i\u00e7inde yaymakt\u0131r;<\/span><\/p>\n<\/li>\n<li>\n<p><span><\/span><span>Bu paradigma de\u011fi\u015fimi ger\u00e7ekle\u015ftirmek ve yayg\u0131nla\u015ft\u0131rmak i\u00e7in e\u011fitim giri\u015fimcilerinin ve e\u011fitim \u015fampiyonlar\u0131n\u0131n rol\u00fc hakk\u0131nda fark\u0131ndal\u0131k yaratmak;<\/span><\/p>\n<\/li>\n<li>\n<p><span><\/span><span>E\u011fitimcilerin \u00f6\u011frenci merkezli stratejiler tasarlama, \u00f6\u011frenme i\u00e7in dijital ara\u00e7lar\u0131 bilin\u00e7li bir \u015fekilde kullanma ve \u00f6\u011frencilerin ihtiya\u00e7lar\u0131n\u0131 daha kapsaml\u0131 bir \u015fekilde ele alma konusundaki yetkinliklerini g\u00fc\u00e7lendirmelerine yard\u0131mc\u0131 olmak;<\/span><\/p>\n<\/li>\n<li>\n<p><span><\/span><span>Mesleki E\u011fitim ve \u00d6\u011fretim ekosisteminde yenilik\u00e7i kapsay\u0131c\u0131 ve esnek \u00f6\u011frenme f\u0131rsatlar\u0131n\u0131n te\u015fvik edilmesine y\u00f6nelik en iyi uygulamalar\u0131n yayg\u0131nla\u015ft\u0131r\u0131lmas\u0131 ve di\u011fer e\u011fitim tekliflerine de geni\u015fletilmesi.<\/span><\/p>\n<\/li>\n<\/ol>\n<\/div>\n<p><img decoding=\"async\" src=\"\/wp-content\/uploads\/2023\/06\/inner-about-12.png\" alt=\"\"><\/p>\n<h3>Ortaklar<\/h3>\n<ul>\n<li>\n<p>        <img decoding=\"async\" src=\"\/wp-content\/uploads\/2023\/06\/Logo-Ikaslan.png\" alt=\"\"><\/p>\n<h3>Ikaslan Bizkaia<\/h3>\n<div>Ikaslan, \u0130spanya&#8217;n\u0131n Basque B\u00f6lgesi Bizkaia&#8217;da bulunan, 28 kamu meslek y\u00fcksekokulundan olu\u015fan bir kurulu\u015ftur. Zorunlu e\u011fitim sonras\u0131 \u00f6\u011frenciler i\u00e7in ilk mesleki e\u011fitim ve i\u015f\u00e7iler, i\u015fsizler ve i\u015fsizlik tehdidi alt\u0131nda olanlar i\u00e7in s\u00fcrekli e\u011fitim f\u0131rsatlar\u0131 sunmaktad\u0131r.<\/div>\n<p><a href=\"https:\/\/www.ikaslanbizkaia.eus\">\u0130nternet sitesi<\/a><\/p>\n<\/li>\n<li>\n<p>        <img decoding=\"async\" src=\"\/wp-content\/uploads\/2023\/06\/Mindshift_logo.png\" alt=\"\"><\/p>\n<h3>Mindshift<\/h3>\n<div>\n<p><span>Mindshift, kurulu\u015flarda ve toplumda dijital ve ki\u015filer aras\u0131 olgunlu\u011fu art\u0131rmay\u0131 ama\u00e7layan, insanlar\u0131n yetkinliklerinin performans\u0131na ve geli\u015ftirilmesine yat\u0131r\u0131m yapan, \u0130nsan Kaynaklar\u0131 alan\u0131nda uzmanla\u015fm\u0131\u015f bir dan\u0131\u015fmanl\u0131k \u015firketidir.<\/span><\/p>\n<p>Mindshift, hem ulusal hem de uluslararas\u0131 pazarlarda a\u015fa\u011f\u0131daki temel i\u015f alanlar\u0131nda faaliyet g\u00f6stermektedir: yetkinliklerin ve beceri geli\u015ftirme yollar\u0131n\u0131n de\u011ferlendirilmesi ve geli\u015ftirilmesi, e\u011fitim, ko\u00e7luk ve mentorluk, kariyer y\u00f6netimi ve ki\u015fisel geli\u015fim planlar\u0131, i\u015fg\u00fcc\u00fcn\u00fcn yeni i\u015fg\u00fcc\u00fc piyasas\u0131 taleplerine haz\u0131rlanmas\u0131, gen\u00e7 yeteneklerin stajyer programlar\u0131na dahil edilmesi, sosyal a\u011flarda ileti\u015fim stratejilerinin tasarlanmas\u0131.<\/p>\n<\/div>\n<p><a href=\"https:\/\/www.mindshift.pt\">\u0130nternet sitesi<\/a><\/p>\n<\/li>\n<li>\n<p>        <img decoding=\"async\" src=\"\/wp-content\/uploads\/2023\/06\/logo-landscape-blue.png\" alt=\"\"><\/p>\n<h3>Inovasyon Giri\u015fimcilik E\u011fitim ve Ara\u015ft\u0131rma Derne\u011fi<\/h3>\n<div>IGEA, Bursa&#8217;da kurulmu\u015f ve uluslararas\u0131 faaliyetler y\u00fcr\u00fcten bir sivil toplum kurulu\u015fudur. IGEA\u2019n\u0131n amac\u0131, sosyal inovasyonu te\u015fvik etmek, gen\u00e7ler ve yeti\u015fkinler i\u00e7in yeni f\u0131rsatlar yaratmak ve istihdamlar\u0131na y\u00f6nelik \u00e7al\u0131\u015fmalar yapmakt\u0131r, Ayr\u0131ca, bilim ve teknolojiyi takip eden, sa\u011fl\u0131k ve e\u011fitim alan\u0131nda etkin ileti\u015fim kurma becerisine sahip bireylerin toplumsal fark\u0131ndal\u0131klar\u0131n\u0131n art\u0131r\u0131lmas\u0131n\u0131 da ama\u00e7lamaktad\u0131r.<\/div>\n<p><a href=\"http:\/\/www.igea.org.tr\">\u0130nternet sitesi<\/a><\/p>\n<\/li>\n<li>\n<p>        <img decoding=\"async\" src=\"\/wp-content\/uploads\/2023\/06\/Screenshot-2023-01-16-at-10-24-27-Team-Found.ation_.png\" alt=\"\"><\/p>\n<h3>Found.ation<\/h3>\n<div>Found.ation, yeni becerileri ve ezber bozan metodolojileri harekete ge\u00e7irerek kurulu\u015flar\u0131 ve ekipleri tutkuyla d\u00f6n\u00fc\u015ft\u00fcren bir inovasyon y\u00f6netimi dan\u0131\u015fmanl\u0131k firmas\u0131d\u0131r.<\/div>\n<p><a href=\"https:\/\/thefoundation.gr\/\">\u0130nternet sitesi<\/a><\/p>\n<\/li>\n<li>\n<p>        <img decoding=\"async\" src=\"\/wp-content\/uploads\/2023\/06\/cardetLogo-13.png\" alt=\"\"><\/p>\n<h3>CARDET<\/h3>\n<div>CARDET, mesleki e\u011fitim ve \u00f6\u011fretim, giri\u015fimcilik dijital becerileri ve kapasite geli\u015ftirme konular\u0131nda k\u00fcresel uzmanl\u0131\u011fa sahip Akdeniz b\u00f6lgesinin \u00f6nde gelen ara\u015ft\u0131rma ve geli\u015ftirme merkezidir. K\u0131br\u0131s merkezli en b\u00fcy\u00fck ba\u011f\u0131ms\u0131z kar amac\u0131 g\u00fctmeyen merkez olan CARDET, Yale \u00dcniversitesi, Lefko\u015fa \u00dcniversitesi ve Uluslararas\u0131 E\u011fitim Medyas\u0131 Konseyi gibi d\u00fcnyan\u0131n d\u00f6rt bir yan\u0131ndan \u00fcniversiteler ve kurumlarla ba\u011f\u0131ms\u0131z olarak ba\u011flant\u0131l\u0131d\u0131r.<\/div>\n<p><a href=\"https:\/\/www.cardet.org\">\u0130nternet sitesi<\/a><\/p>\n<\/li>\n<li>\n<p>        <img decoding=\"async\" src=\"\/wp-content\/uploads\/2023\/06\/Disruptia_logo_cuadrado_pos_con-marco.png\" alt=\"\"><\/p>\n<h3>DISRUPTIA<\/h3>\n<div>DISRUPTIA, gelece\u011fin s\u00fcrd\u00fcr\u00fclebilir toplumunu in\u015fa etmek i\u00e7in dijitalle\u015fmenin sa\u011flayabilece\u011fi f\u0131rsatlardan tam olarak yararlanmak amac\u0131yla ak\u0131ll\u0131 teknolojileri oyunun kurallar\u0131n\u0131 de\u011fi\u015ftiren ara\u00e7lar olarak g\u00f6ren dijital d\u00f6n\u00fc\u015f\u00fcm konusunda uzman bir \u015firkettir. DISRUPTIA, etkili bir dijital d\u00f6n\u00fc\u015f\u00fcm stratejisi i\u00e7in net hedefler belirlemeleri, y\u00fcksek performansl\u0131 bir dijital e\u011fitim ekosisteminin geli\u015ftirilmesini te\u015fvik etmeleri ve dijital d\u00f6n\u00fc\u015f\u00fcm i\u00e7in dijital becerileri ve yeterlilikleri art\u0131rmalar\u0131 i\u00e7in e\u011fitim kurumlar\u0131n\u0131 ve kamu kurumlar\u0131n\u0131 desteklemektedir.<\/div>\n<p><a href=\"https:\/\/www.disruptia.es\">\u0130nternet sitesi<\/a><\/p>\n<\/li>\n<li>\n<p>        <img decoding=\"async\" src=\"\/wp-content\/uploads\/2023\/06\/Logo-Training-2000-1.jpg\" alt=\"\"><\/p>\n<h3>Training 2000<\/h3>\n<div>TRAINING 2000, farkl\u0131 ekonomik sekt\u00f6rlerde e\u011fitim ve \u00f6\u011fretim deneyimi olan, b\u00f6lgesel e\u011fitim i\u00e7in Marche B\u00f6lgesi&#8217;nde sertifikal\u0131 bir yeti\u015fkin e\u011fitim merkezidir. Training 2000, yeti\u015fkinlerin yeniden beceri kazanmalar\u0131 ve becerilerini geli\u015ftirmeleri i\u00e7in yenilik\u00e7i e\u011fitim i\u00e7eri\u011fi ve yeni metodolojilerin (harmanlanm\u0131\u015f \u00f6\u011frenme) ara\u015ft\u0131r\u0131lmas\u0131 ve geli\u015ftirilmesinde yer almaktad\u0131r.<\/div>\n<p><a href=\"https:\/\/www.training2000.it\">\u0130nternet sitesi<\/a><\/p>\n<\/li>\n<li>\n<p>        <img decoding=\"async\" src=\"\/wp-content\/uploads\/2023\/06\/Screenshot-2023-01-16-at-10-22-53-Home-Biedriba-Eurofortis.png\" alt=\"\"><\/p>\n<h3>BIEDRIBA EUROFORTIS<\/h3>\n<div>Eurofortis 2007 y\u0131l\u0131ndan bu yana Riga, Letonya merkezli dinamik bir \u00c7ek-Letonya merkezi, e\u011fitim alan\u0131nda, ki\u015fisel ve mesleki yeterlilik geli\u015ftirme alan\u0131nda \u00e7al\u0131\u015fan bir kurulu\u015ftur. Biedriba Eurofortis, Erasmus+ Program\u0131 \u00e7er\u00e7evesinde ger\u00e7ekle\u015ftirilen Avrupa e\u011fitim projelerinde aktif rol almakta ve \u00f6ncelikle \u00e7e\u015fitli yetkinliklerin ve bilgilerin tan\u0131mlanmas\u0131, geli\u015ftirilmesi ve iyile\u015ftirilmesini ama\u00e7layan projeler kapsam\u0131nda e\u011fitim ve g\u00fcncel \u00f6\u011frenme materyalleri, ara\u00e7lar\u0131 ve y\u00f6ntemlerinin yan\u0131 s\u0131ra seminerler ve farkl\u0131 e\u011fitimlerin kullan\u0131labilirli\u011fini sa\u011flamaktad\u0131r.<\/div>\n<p><a href=\"https:\/\/www.eurofortis.lv\">\u0130nternet sitesi<\/a><\/p>\n<\/li>\n<\/ul>\n<p><!--more--><br \/>\n<!-- {\"type\":\"layout\",\"children\":[{\"type\":\"section\",\"props\":{\"image_position\":\"center-center\",\"padding_remove_top\":true,\"style\":\"default\",\"title_breakpoint\":\"xl\",\"title_position\":\"top-left\",\"title_rotation\":\"left\",\"vertical_align\":\"middle\",\"width\":\"default\"},\"children\":[{\"type\":\"row\",\"children\":[{\"type\":\"column\",\"props\":{\"image_position\":\"center-center\",\"media_overlay_gradient\":\"\",\"position_sticky_breakpoint\":\"m\"},\"children\":[{\"type\":\"headline\",\"props\":{\"text_align\":\"left\",\"title_color\":\"primary\",\"title_element\":\"h1\",\"title_style\":\"h1\"},\"name\":\"headline-pages\",\"source\":{\"query\":{\"name\":\"pages.singlePage\"},\"props\":{\"content\":{\"filters\":{\"search\":\"\"},\"name\":\"title\"}}}}]}]},{\"type\":\"row\",\"children\":[{\"type\":\"column\",\"props\":{\"image_position\":\"center-center\",\"media_overlay_gradient\":\"\",\"position_sticky_breakpoint\":\"m\"},\"children\":[{\"type\":\"text\",\"props\":{\"column_breakpoint\":\"m\",\"content\":\"EduChampions projesinin slogan\\u0131, e\\u011fitimciler aras\\u0131nda giri\\u015fimci zihniyeti ve tutumu besleyerek, \\u00d6\\u011frenim i\\u00e7in Evrensel Tasar\\u0131m ilkelerine ve \\u00f6\\u011frenci merkezli pedagojilerin \\u00f6\\u011frenme i\\u00e7in ilgili dijital ara\\u00e7larla birle\\u015fimine dayanan yenilik\\u00e7i, kapsay\\u0131c\\u0131, esnek \\u00f6\\u011frenme uygulamalar\\u0131n\\u0131n tasarlanmas\\u0131na ve \\u00f6l\\u00e7eklendirilmesine yard\\u0131mc\\u0131 olmakt\\u0131r. E\\u011fitim, sosyal, co\\u011frafi, k\\u00fclt\\u00fcrel, ekonomik, e\\u011fitim ve \\u00f6\\u011fretimle ilgili engellerle kar\\u015f\\u0131la\\u015fan ve say\\u0131lar\\u0131 giderek artan insan gruplar\\u0131 kar\\u015f\\u0131s\\u0131nda son derece \\u00f6nemli olan, her birinin mevcut ve gelecekteki f\\u0131rsatlar\\u0131n\\u0131 g\\u00fc\\u00e7lendirerek e\\u011fitmen ve \\u00f6\\u011frenenlerin ko\\u015fullar\\u0131n\\u0131 ve olanaklar\\u0131n\\u0131 artt\\u0131rma potansiyeline sahiptir.\",\"margin\":\"default\"}}]}]},{\"type\":\"row\",\"children\":[{\"type\":\"column\",\"props\":{\"image_position\":\"center-center\",\"media_overlay_gradient\":\"\",\"position_sticky_breakpoint\":\"m\",\"vertical_align\":\"middle\",\"width_medium\":\"2-3\"},\"children\":[{\"type\":\"headline\",\"props\":{\"content\":\"Hedefler\",\"title_color\":\"success\",\"title_element\":\"h3\"}},{\"type\":\"text\",\"props\":{\"column_breakpoint\":\"m\",\"content\":\"\n\n<ol>\\n\n\n<li>\\n\n\n<p><span>UDL'den ilham alan, \\u00f6\\u011frenen merkezli, dijital olarak desteklenen \\u00f6\\u011frenme uygulamalar\\u0131n\\u0131 te\\u015fvik eden e\\u011fitim giri\\u015fimcilerinin k\\u00fclt\\u00fcrler aras\\u0131 ilham verici \\u00f6rneklerini ve hikayelerini toplamak ve s\\u00fcre\\u00e7teki \\u00f6nemli pedagoji, teknoloji ve giri\\u015fimcilik boyutlar\\u0131n\\u0131 netle\\u015ftirmeye yard\\u0131mc\\u0131 olmak i\\u00e7in a\\u015fa\\u011f\\u0131daki ama\\u00e7lar\\u0131 kendi topluluklar\\u0131 i\\u00e7inde yaymakt\\u0131r;<\\\/span><\\\/p>\\n<\\\/li>\\n\n\n<li>\\n\n\n<p><span><\\\/span><span>Bu paradigma de\\u011fi\\u015fimi ger\\u00e7ekle\\u015ftirmek ve yayg\\u0131nla\\u015ft\\u0131rmak i\\u00e7in e\\u011fitim giri\\u015fimcilerinin ve e\\u011fitim \\u015fampiyonlar\\u0131n\\u0131n rol\\u00fc hakk\\u0131nda fark\\u0131ndal\\u0131k yaratmak;<\\\/span><\\\/p>\\n<\\\/li>\\n\n\n<li>\\n\n\n<p><span><\\\/span><span>E\\u011fitimcilerin \\u00f6\\u011frenci merkezli stratejiler tasarlama, \\u00f6\\u011frenme i\\u00e7in dijital ara\\u00e7lar\\u0131 bilin\\u00e7li bir \\u015fekilde kullanma ve \\u00f6\\u011frencilerin ihtiya\\u00e7lar\\u0131n\\u0131 daha kapsaml\\u0131 bir \\u015fekilde ele alma konusundaki yetkinliklerini g\\u00fc\\u00e7lendirmelerine yard\\u0131mc\\u0131 olmak;<\\\/span><\\\/p>\\n<\\\/li>\\n\n\n<li>\\n\n\n<p><span><\\\/span><span>Mesleki E\\u011fitim ve \\u00d6\\u011fretim ekosisteminde yenilik\\u00e7i kapsay\\u0131c\\u0131 ve esnek \\u00f6\\u011frenme f\\u0131rsatlar\\u0131n\\u0131n te\\u015fvik edilmesine y\\u00f6nelik en iyi uygulamalar\\u0131n yayg\\u0131nla\\u015ft\\u0131r\\u0131lmas\\u0131 ve di\\u011fer e\\u011fitim tekliflerine de geni\\u015fletilmesi.<\\\/span><\\\/p>\\n<\\\/li>\\n<\\\/ol>\",\"margin\":\"default\"}}]},{\"type\":\"column\",\"props\":{\"image_position\":\"center-center\",\"media_overlay_gradient\":\"\",\"position_sticky_breakpoint\":\"m\",\"vertical_align\":\"middle\",\"width_medium\":\"1-3\"},\"children\":[{\"type\":\"image\",\"props\":{\"image\":\"wp-content\\\/uploads\\\/2023\\\/06\\\/inner-about-12.png\",\"image_svg_color\":\"emphasis\",\"margin\":\"default\"}}]}],\"props\":{\"layout\":\"2-3,1-3\"}},{\"type\":\"row\",\"children\":[{\"type\":\"column\",\"props\":{\"image_position\":\"center-center\",\"media_overlay_gradient\":\"\",\"position_sticky_breakpoint\":\"m\"},\"children\":[{\"type\":\"headline\",\"props\":{\"content\":\"Ortaklar\",\"title_color\":\"success\",\"title_element\":\"h3\"}}]}]},{\"type\":\"row\",\"children\":[{\"type\":\"column\",\"props\":{\"image_position\":\"center-center\",\"media_overlay_gradient\":\"\",\"position_sticky_breakpoint\":\"m\"},\"children\":[{\"name\":\"Accordion Image Top\",\"type\":\"accordion\",\"children\":[{\"name\":\"\",\"type\":\"accordion_item\",\"props\":{\"content\":\"Ikaslan, \\u0130spanya'n\\u0131n Basque B\\u00f6lgesi Bizkaia'da bulunan, 28 kamu meslek y\\u00fcksekokulundan olu\\u015fan bir kurulu\\u015ftur. Zorunlu e\\u011fitim sonras\\u0131 \\u00f6\\u011frenciler i\\u00e7in ilk mesleki e\\u011fitim ve i\\u015f\\u00e7iler, i\\u015fsizler ve i\\u015fsizlik tehdidi alt\\u0131nda olanlar i\\u00e7in s\\u00fcrekli e\\u011fitim f\\u0131rsatlar\\u0131 sunmaktad\\u0131r.\",\"image\":\"wp-content\\\/uploads\\\/2023\\\/06\\\/Logo-Ikaslan.png\",\"link\":\"https:\\\/\\\/www.ikaslanbizkaia.eus\",\"link_text\":\"\\u0130nternet sitesi\",\"title\":\"Ikaslan Bizkaia\"}},{\"name\":\"\",\"type\":\"accordion_item\",\"props\":{\"content\":\"\n\n<p><span>Mindshift, kurulu\\u015flarda ve toplumda dijital ve ki\\u015filer aras\\u0131 olgunlu\\u011fu art\\u0131rmay\\u0131 ama\\u00e7layan, insanlar\\u0131n yetkinliklerinin performans\\u0131na ve geli\\u015ftirilmesine yat\\u0131r\\u0131m yapan, \\u0130nsan Kaynaklar\\u0131 alan\\u0131nda uzmanla\\u015fm\\u0131\\u015f bir dan\\u0131\\u015fmanl\\u0131k \\u015firketidir.<\\\/span><\\\/p>\\n\n\n<p>Mindshift, hem ulusal hem de uluslararas\\u0131 pazarlarda a\\u015fa\\u011f\\u0131daki temel i\\u015f alanlar\\u0131nda faaliyet g\\u00f6stermektedir: yetkinliklerin ve beceri geli\\u015ftirme yollar\\u0131n\\u0131n de\\u011ferlendirilmesi ve geli\\u015ftirilmesi, e\\u011fitim, ko\\u00e7luk ve mentorluk, kariyer y\\u00f6netimi ve ki\\u015fisel geli\\u015fim planlar\\u0131, i\\u015fg\\u00fcc\\u00fcn\\u00fcn yeni i\\u015fg\\u00fcc\\u00fc piyasas\\u0131 taleplerine haz\\u0131rlanmas\\u0131, gen\\u00e7 yeteneklerin stajyer programlar\\u0131na dahil edilmesi, sosyal a\\u011flarda ileti\\u015fim stratejilerinin tasarlanmas\\u0131.<\\\/p>\",\"image\":\"wp-content\\\/uploads\\\/2023\\\/06\\\/Mindshift_logo.png\",\"link\":\"https:\\\/\\\/www.mindshift.pt\",\"link_text\":\"\\u0130nternet sitesi\",\"title\":\"Mindshift\"}},{\"name\":\"\",\"type\":\"accordion_item\",\"props\":{\"content\":\"IGEA, Bursa'da kurulmu\\u015f ve uluslararas\\u0131 faaliyetler y\\u00fcr\\u00fcten bir sivil toplum kurulu\\u015fudur. IGEA\\u2019n\\u0131n amac\\u0131, sosyal inovasyonu te\\u015fvik etmek, gen\\u00e7ler ve yeti\\u015fkinler i\\u00e7in yeni f\\u0131rsatlar yaratmak ve istihdamlar\\u0131na y\\u00f6nelik \\u00e7al\\u0131\\u015fmalar yapmakt\\u0131r, Ayr\\u0131ca, bilim ve teknolojiyi takip eden, sa\\u011fl\\u0131k ve e\\u011fitim alan\\u0131nda etkin ileti\\u015fim kurma becerisine sahip bireylerin toplumsal fark\\u0131ndal\\u0131klar\\u0131n\\u0131n art\\u0131r\\u0131lmas\\u0131n\\u0131 da ama\\u00e7lamaktad\\u0131r.\",\"image\":\"wp-content\\\/uploads\\\/2023\\\/06\\\/logo-landscape-blue.png\",\"link\":\"http:\\\/\\\/www.igea.org.tr\",\"link_text\":\"\\u0130nternet sitesi\",\"title\":\"Inovasyon Giri\\u015fimcilik E\\u011fitim ve Ara\\u015ft\\u0131rma Derne\\u011fi\"}},{\"name\":\"\",\"type\":\"accordion_item\",\"props\":{\"content\":\"Found.ation, yeni becerileri ve ezber bozan metodolojileri harekete ge\\u00e7irerek kurulu\\u015flar\\u0131 ve ekipleri tutkuyla d\\u00f6n\\u00fc\\u015ft\\u00fcren bir inovasyon y\\u00f6netimi dan\\u0131\\u015fmanl\\u0131k firmas\\u0131d\\u0131r.\",\"image\":\"wp-content\\\/uploads\\\/2023\\\/06\\\/Screenshot-2023-01-16-at-10-24-27-Team-Found.ation_.png\",\"link\":\"https:\\\/\\\/thefoundation.gr\\\/\",\"link_text\":\"\\u0130nternet sitesi\",\"title\":\"Found.ation\"}},{\"type\":\"accordion_item\",\"props\":{\"content\":\"CARDET, mesleki e\\u011fitim ve \\u00f6\\u011fretim, giri\\u015fimcilik dijital becerileri ve kapasite geli\\u015ftirme konular\\u0131nda k\\u00fcresel uzmanl\\u0131\\u011fa sahip Akdeniz b\\u00f6lgesinin \\u00f6nde gelen ara\\u015ft\\u0131rma ve geli\\u015ftirme merkezidir. K\\u0131br\\u0131s merkezli en b\\u00fcy\\u00fck ba\\u011f\\u0131ms\\u0131z kar amac\\u0131 g\\u00fctmeyen merkez olan CARDET, Yale \\u00dcniversitesi, Lefko\\u015fa \\u00dcniversitesi ve Uluslararas\\u0131 E\\u011fitim Medyas\\u0131 Konseyi gibi d\\u00fcnyan\\u0131n d\\u00f6rt bir yan\\u0131ndan \\u00fcniversiteler ve kurumlarla ba\\u011f\\u0131ms\\u0131z olarak ba\\u011flant\\u0131l\\u0131d\\u0131r.\",\"image\":\"wp-content\\\/uploads\\\/2023\\\/06\\\/cardetLogo-13.png\",\"link\":\"https:\\\/\\\/www.cardet.org\",\"link_text\":\"\\u0130nternet sitesi\",\"title\":\"CARDET\"}},{\"type\":\"accordion_item\",\"props\":{\"content\":\"DISRUPTIA, gelece\\u011fin s\\u00fcrd\\u00fcr\\u00fclebilir toplumunu in\\u015fa etmek i\\u00e7in dijitalle\\u015fmenin sa\\u011flayabilece\\u011fi f\\u0131rsatlardan tam olarak yararlanmak amac\\u0131yla ak\\u0131ll\\u0131 teknolojileri oyunun kurallar\\u0131n\\u0131 de\\u011fi\\u015ftiren ara\\u00e7lar olarak g\\u00f6ren dijital d\\u00f6n\\u00fc\\u015f\\u00fcm konusunda uzman bir \\u015firkettir. DISRUPTIA, etkili bir dijital d\\u00f6n\\u00fc\\u015f\\u00fcm stratejisi i\\u00e7in net hedefler belirlemeleri, y\\u00fcksek performansl\\u0131 bir dijital e\\u011fitim ekosisteminin geli\\u015ftirilmesini te\\u015fvik etmeleri ve dijital d\\u00f6n\\u00fc\\u015f\\u00fcm i\\u00e7in dijital becerileri ve yeterlilikleri art\\u0131rmalar\\u0131 i\\u00e7in e\\u011fitim kurumlar\\u0131n\\u0131 ve kamu kurumlar\\u0131n\\u0131 desteklemektedir.\",\"image\":\"wp-content\\\/uploads\\\/2023\\\/06\\\/Disruptia_logo_cuadrado_pos_con-marco.png\",\"link\":\"https:\\\/\\\/www.disruptia.es\",\"link_text\":\"\\u0130nternet sitesi\",\"title\":\"DISRUPTIA\"}},{\"type\":\"accordion_item\",\"props\":{\"content\":\"TRAINING 2000, farkl\\u0131 ekonomik sekt\\u00f6rlerde e\\u011fitim ve \\u00f6\\u011fretim deneyimi olan, b\\u00f6lgesel e\\u011fitim i\\u00e7in Marche B\\u00f6lgesi'nde sertifikal\\u0131 bir yeti\\u015fkin e\\u011fitim merkezidir. Training 2000, yeti\\u015fkinlerin yeniden beceri kazanmalar\\u0131 ve becerilerini geli\\u015ftirmeleri i\\u00e7in yenilik\\u00e7i e\\u011fitim i\\u00e7eri\\u011fi ve yeni metodolojilerin (harmanlanm\\u0131\\u015f \\u00f6\\u011frenme) ara\\u015ft\\u0131r\\u0131lmas\\u0131 ve geli\\u015ftirilmesinde yer almaktad\\u0131r.\",\"image\":\"wp-content\\\/uploads\\\/2023\\\/06\\\/Logo-Training-2000-1.jpg\",\"link\":\"https:\\\/\\\/www.training2000.it\",\"link_text\":\"\\u0130nternet sitesi\",\"title\":\"Training 2000\"}},{\"type\":\"accordion_item\",\"props\":{\"content\":\"Eurofortis 2007 y\\u0131l\\u0131ndan bu yana Riga, Letonya merkezli dinamik bir \\u00c7ek-Letonya merkezi, e\\u011fitim alan\\u0131nda, ki\\u015fisel ve mesleki yeterlilik geli\\u015ftirme alan\\u0131nda \\u00e7al\\u0131\\u015fan bir kurulu\\u015ftur. Biedriba Eurofortis, Erasmus+ Program\\u0131 \\u00e7er\\u00e7evesinde ger\\u00e7ekle\\u015ftirilen Avrupa e\\u011fitim projelerinde aktif rol almakta ve \\u00f6ncelikle \\u00e7e\\u015fitli yetkinliklerin ve bilgilerin tan\\u0131mlanmas\\u0131, geli\\u015ftirilmesi ve iyile\\u015ftirilmesini ama\\u00e7layan projeler kapsam\\u0131nda e\\u011fitim ve g\\u00fcncel \\u00f6\\u011frenme materyalleri, ara\\u00e7lar\\u0131 ve y\\u00f6ntemlerinin yan\\u0131 s\\u0131ra seminerler ve farkl\\u0131 e\\u011fitimlerin kullan\\u0131labilirli\\u011fini sa\\u011flamaktad\\u0131r.\",\"image\":\"wp-content\\\/uploads\\\/2023\\\/06\\\/Screenshot-2023-01-16-at-10-22-53-Home-Biedriba-Eurofortis.png\",\"link\":\"https:\\\/\\\/www.eurofortis.lv\",\"link_text\":\"\\u0130nternet sitesi\",\"title\":\"BIEDRIBA EUROFORTIS\"}}],\"props\":{\"class\":\"partners-accordion\",\"collapsible\":false,\"content_column\":\"\",\"content_column_breakpoint\":\"m\",\"content_dropcap\":false,\"image_align\":\"left\",\"image_grid_breakpoint\":\"m\",\"image_grid_width\":\"1-4\",\"image_svg_color\":\"emphasis\",\"image_vertical_align\":true,\"link_style\":\"primary\",\"link_target\":true,\"link_text\":\"[website_text]\",\"multiple\":false,\"show_image\":true,\"show_link\":true,\"text_align\":\"center\",\"title_element\":\"h3\"}}]}]}]}],\"version\":\"3.0.20\"} --><\/p>\n","protected":false},"excerpt":{"rendered":"<p>EduChampions projesinin slogan\u0131, e\u011fitimciler aras\u0131nda giri\u015fimci zihniyeti ve tutumu besleyerek, \u00d6\u011frenim i\u00e7in Evrensel Tasar\u0131m ilkelerine ve \u00f6\u011frenci merkezli pedagojilerin \u00f6\u011frenme i\u00e7in ilgili dijital ara\u00e7larla birle\u015fimine..<\/p>\n","protected":false},"author":1,"featured_media":0,"parent":0,"menu_order":0,"comment_status":"closed","ping_status":"closed","template":"","meta":{"_acf_changed":false,"inline_featured_image":false,"footnotes":""},"class_list":["post-1089","page","type-page","status-publish","hentry"],"acf":[],"_links":{"self":[{"href":"https:\/\/educhampions.eu\/tr\/wp-json\/wp\/v2\/pages\/1089","targetHints":{"allow":["GET"]}}],"collection":[{"href":"https:\/\/educhampions.eu\/tr\/wp-json\/wp\/v2\/pages"}],"about":[{"href":"https:\/\/educhampions.eu\/tr\/wp-json\/wp\/v2\/types\/page"}],"author":[{"embeddable":true,"href":"https:\/\/educhampions.eu\/tr\/wp-json\/wp\/v2\/users\/1"}],"replies":[{"embeddable":true,"href":"https:\/\/educhampions.eu\/tr\/wp-json\/wp\/v2\/comments?post=1089"}],"version-history":[{"count":7,"href":"https:\/\/educhampions.eu\/tr\/wp-json\/wp\/v2\/pages\/1089\/revisions"}],"predecessor-version":[{"id":3375,"href":"https:\/\/educhampions.eu\/tr\/wp-json\/wp\/v2\/pages\/1089\/revisions\/3375"}],"wp:attachment":[{"href":"https:\/\/educhampions.eu\/tr\/wp-json\/wp\/v2\/media?parent=1089"}],"curies":[{"name":"wp","href":"https:\/\/api.w.org\/{rel}","templated":true}]}}