{"id":1083,"date":"2022-02-24T14:11:37","date_gmt":"2022-02-24T14:11:37","guid":{"rendered":"https:\/\/educhampions.eu\/home\/"},"modified":"2023-12-20T14:00:10","modified_gmt":"2023-12-20T14:00:10","slug":"home","status":"publish","type":"page","link":"https:\/\/educhampions.eu\/tr\/","title":{"rendered":"Anasayfa"},"content":{"rendered":"<h1>E\u011fitim giri\u015fimcili\u011fini te\u015fvik etmek i\u00e7in<br \/>\n\u00f6\u011frenenlerin \u00e7e\u015fitlili\u011fini kucaklamak<\/h1>\n<p><img decoding=\"async\" src=\"\/wp-content\/uploads\/2023\/06\/home-intro.png\" alt=\"\"><br \/>\n<img decoding=\"async\" src=\"\/wp-content\/uploads\/2023\/06\/home-about.png\" alt=\"\"><\/p>\n<h2>Hakk\u0131m\u0131zda<\/h2>\n<div>EduChampions projesinin slogan\u0131, e\u011fitimciler aras\u0131nda giri\u015fimci zihniyeti ve tutumu besleyerek, \u00d6\u011frenim i\u00e7in Evrensel Tasar\u0131m ilkelerine ve \u00f6\u011frenci merkezli pedagojilerin \u00f6\u011frenme i\u00e7in ilgili dijital ara\u00e7larla birle\u015fimine dayanan yenilik\u00e7i, kapsay\u0131c\u0131, esnek \u00f6\u011frenme uygulamalar\u0131n\u0131n tasarlanmas\u0131na ve \u00f6l\u00e7eklendirilmesine yard\u0131mc\u0131 olmakt\u0131r. E\u011fitim, sosyal, co\u011frafi, k\u00fclt\u00fcrel, ekonomik, e\u011fitim ve \u00f6\u011fretimle ilgili engellerle kar\u015f\u0131la\u015fan ve say\u0131lar\u0131 giderek artan insan gruplar\u0131 kar\u015f\u0131s\u0131nda son derece \u00f6nemli olan, her birinin mevcut ve gelecekteki f\u0131rsatlar\u0131n\u0131 g\u00fc\u00e7lendirerek e\u011fitmen ve \u00f6\u011frenenlerin ko\u015fullar\u0131n\u0131 ve olanaklar\u0131n\u0131 artt\u0131rma potansiyeline sahiptir.<\/div>\n<p>\n    <a href=\"\/tr\/about\/\">Daha fazla bilgi<\/a>\n<\/p>\n<h2>Haberler<\/h2>\n<div>\n<\/div>\n<p>\n    <a href=\"\/tr\/category\/news-tr\/\">B\u00fct\u00fcn haberler<\/a>\n<\/p>\n<p><!--more--><br \/>\n<!-- {\"type\":\"layout\",\"children\":[{\"type\":\"section\",\"props\":{\"animation\":\"fade\",\"height\":\"section\",\"image_position\":\"center-center\",\"padding_remove_bottom\":true,\"sticky\":\"cover\",\"style\":\"default\",\"title_breakpoint\":\"xl\",\"title_position\":\"top-left\",\"title_rotation\":\"left\",\"vertical_align\":\"\",\"width\":\"default\"},\"children\":[{\"type\":\"row\",\"children\":[{\"type\":\"column\",\"props\":{\"image_position\":\"center-center\",\"media_overlay_gradient\":\"\",\"position_sticky_breakpoint\":\"m\"},\"children\":[{\"type\":\"headline\",\"props\":{\"animation\":\"slide-top-small\",\"content\":\"E\\u011fitim giri\\u015fimcili\\u011fini te\\u015fvik etmek i\\u00e7in<br \/>\\n\\u00f6\\u011frenenlerin \\u00e7e\\u015fitlili\\u011fini kucaklamak\",\"margin\":\"default\",\"margin_remove_top\":false,\"text_align\":\"center\",\"title_color\":\"primary\",\"title_element\":\"h1\"}},{\"type\":\"image\",\"props\":{\"animation\":\"slide-bottom-small\",\"image\":\"wp-content\\\/uploads\\\/2023\\\/06\\\/home-intro.png\",\"image_svg_color\":\"emphasis\",\"margin\":\"medium\",\"margin_remove_bottom\":true,\"text_align\":\"center\"}}]}]}]},{\"type\":\"section\",\"props\":{\"animation\":\"fade\",\"css\":\".el-section{\\n\\tborder-top: 3px solid #32015c;\\n}\",\"image_position\":\"center-center\",\"sticky\":\"cover\",\"style\":\"default\",\"title_breakpoint\":\"xl\",\"title_position\":\"top-left\",\"title_rotation\":\"left\",\"vertical_align\":\"middle\",\"width\":\"default\"},\"children\":[{\"type\":\"row\",\"props\":{\"column_gap\":\"large\",\"layout\":\"1-2,1-2\"},\"children\":[{\"type\":\"column\",\"props\":{\"image_position\":\"center-center\",\"media_overlay_gradient\":\"\",\"position_sticky_breakpoint\":\"m\",\"width_medium\":\"1-2\"},\"children\":[{\"type\":\"image\",\"props\":{\"image\":\"wp-content\\\/uploads\\\/2023\\\/06\\\/home-about.png\",\"image_svg_color\":\"emphasis\",\"margin\":\"default\"}}]},{\"type\":\"column\",\"props\":{\"image_position\":\"center-center\",\"media_overlay_gradient\":\"\",\"position_sticky_breakpoint\":\"m\",\"vertical_align\":\"middle\",\"width_medium\":\"1-2\"},\"children\":[{\"type\":\"headline\",\"props\":{\"content\":\"Hakk\\u0131m\\u0131zda\",\"title_color\":\"primary\",\"title_element\":\"h2\"}},{\"type\":\"text\",\"props\":{\"column_breakpoint\":\"m\",\"content\":\"EduChampions projesinin slogan\\u0131, e\\u011fitimciler aras\\u0131nda giri\\u015fimci zihniyeti ve tutumu besleyerek, \\u00d6\\u011frenim i\\u00e7in Evrensel Tasar\\u0131m ilkelerine ve \\u00f6\\u011frenci merkezli pedagojilerin \\u00f6\\u011frenme i\\u00e7in ilgili dijital ara\\u00e7larla birle\\u015fimine dayanan yenilik\\u00e7i, kapsay\\u0131c\\u0131, esnek \\u00f6\\u011frenme uygulamalar\\u0131n\\u0131n tasarlanmas\\u0131na ve \\u00f6l\\u00e7eklendirilmesine yard\\u0131mc\\u0131 olmakt\\u0131r. E\\u011fitim, sosyal, co\\u011frafi, k\\u00fclt\\u00fcrel, ekonomik, e\\u011fitim ve \\u00f6\\u011fretimle ilgili engellerle kar\\u015f\\u0131la\\u015fan ve say\\u0131lar\\u0131 giderek artan insan gruplar\\u0131 kar\\u015f\\u0131s\\u0131nda son derece \\u00f6nemli olan, her birinin mevcut ve gelecekteki f\\u0131rsatlar\\u0131n\\u0131 g\\u00fc\\u00e7lendirerek e\\u011fitmen ve \\u00f6\\u011frenenlerin ko\\u015fullar\\u0131n\\u0131 ve olanaklar\\u0131n\\u0131 artt\\u0131rma potansiyeline sahiptir.\",\"margin\":\"default\"}},{\"type\":\"button\",\"props\":{\"grid_column_gap\":\"small\",\"grid_row_gap\":\"small\",\"margin\":\"default\"},\"children\":[{\"type\":\"button_item\",\"props\":{\"button_style\":\"primary\",\"content\":\"Daha fazla bilgi\",\"icon_align\":\"left\",\"link\":\"\\\/tr\\\/about\\\/\"}}]}]}]}]},{\"type\":\"section\",\"props\":{\"css\":\".el-section{\\n\\tbackground: #4ea5c4;\\n}\",\"image_position\":\"center-center\",\"padding\":\"small\",\"style\":\"default\",\"title_breakpoint\":\"xl\",\"title_position\":\"top-left\",\"title_rotation\":\"left\",\"vertical_align\":\"middle\",\"width\":\"default\"},\"children\":[{\"type\":\"row\",\"children\":[{\"type\":\"column\",\"props\":{\"image_position\":\"center-center\",\"media_overlay_gradient\":\"\",\"position_sticky_breakpoint\":\"m\"},\"children\":[{\"type\":\"headline\",\"props\":{\"content\":\"[news_header]\",\"css\":\".el-element{\\n\\tcolor: #fff;\\n    text-transform: uppercase;\\n}\",\"text_align\":\"center\",\"title_element\":\"h2\",\"title_style\":\"h2\"}},{\"type\":\"grid\",\"props\":{\"class\":\"news-grid\",\"content_column_breakpoint\":\"m\",\"css\":\".el-item{\\n    background: #fff;\\n    padding: 20px;\\n    border-radius: 40px;\\n    box-shadow: 4px 4px 6px 0 rgba(0 0 0 \\\/.28);\\n}\\n.el-content{\\n\\tmargin-top: 10px!important;\\n    padding-top: 0;\\n}\",\"filter_align\":\"left\",\"filter_all\":true,\"filter_grid_breakpoint\":\"m\",\"filter_grid_width\":\"auto\",\"filter_position\":\"top\",\"filter_style\":\"tab\",\"grid_default\":\"1\",\"grid_medium\":\"3\",\"grid_small\":\"3\",\"icon_width\":80,\"image_align\":\"top\",\"image_grid_breakpoint\":\"m\",\"image_grid_width\":\"1-2\",\"image_svg_color\":\"emphasis\",\"item_animation\":true,\"link_style\":\"secondary\",\"link_text\":\"\",\"margin\":\"default\",\"margin_remove_top\":false,\"meta_align\":\"below-title\",\"meta_element\":\"div\",\"meta_style\":\"text-meta\",\"panel_link\":true,\"parallax_easing\":\"1\",\"show_content\":true,\"show_image\":true,\"show_link\":true,\"show_meta\":true,\"show_title\":true,\"title_align\":\"top\",\"title_color\":\"success\",\"title_element\":\"h4\",\"title_grid_breakpoint\":\"m\",\"title_grid_width\":\"1-2\",\"title_hover_style\":\"reset\"},\"children\":[{\"type\":\"grid_item\",\"props\":{\"link_text\":\"\"},\"source\":{\"query\":{\"name\":\"posts.customPosts\",\"arguments\":{\"terms\":[10],\"category_operator\":\"IN\",\"post_tag_operator\":\"IN\",\"users\":[],\"users_operator\":\"IN\",\"offset\":0,\"limit\":10,\"order\":\"date\",\"order_direction\":\"DESC\"}},\"props\":{\"title\":{\"filters\":{\"search\":\"\"},\"name\":\"title\"},\"content\":{\"filters\":{\"search\":\"\"},\"name\":\"excerpt\"},\"image\":{\"filters\":{\"search\":\"\"},\"name\":\"featuredImage.url\"},\"link\":{\"filters\":{\"search\":\"\"},\"name\":\"link\"}}}}]},{\"type\":\"button\",\"props\":{\"grid_column_gap\":\"small\",\"grid_row_gap\":\"small\",\"margin\":\"default\",\"text_align\":\"center\"},\"children\":[{\"type\":\"button_item\",\"props\":{\"button_style\":\"primary\",\"content\":\"B\\u00fct\\u00fcn haberler\",\"icon_align\":\"left\",\"link\":\"\\\/tr\\\/category\\\/news-tr\\\/\"},\"source\":{\"query\":{\"name\":\"categories.customCategories\",\"arguments\":{\"id\":0,\"offset\":0,\"limit\":10,\"order\":\"term_order\",\"order_direction\":\"ASC\"}}}}]}]}]}]}],\"version\":\"3.0.20\"} --><\/p>\n","protected":false},"excerpt":{"rendered":"<p>E\u011fitim giri\u015fimcili\u011fini te\u015fvik etmek i\u00e7in \u00f6\u011frenenlerin \u00e7e\u015fitlili\u011fini kucaklamak Hakk\u0131m\u0131zda EduChampions projesinin slogan\u0131, e\u011fitimciler aras\u0131nda giri\u015fimci zihniyeti ve tutumu besleyerek, \u00d6\u011frenim i\u00e7in Evrensel Tasar\u0131m ilkelerine ve..<\/p>\n","protected":false},"author":1,"featured_media":0,"parent":0,"menu_order":0,"comment_status":"closed","ping_status":"closed","template":"","meta":{"_acf_changed":false,"inline_featured_image":false,"footnotes":""},"class_list":["post-1083","page","type-page","status-publish","hentry"],"acf":[],"_links":{"self":[{"href":"https:\/\/educhampions.eu\/tr\/wp-json\/wp\/v2\/pages\/1083","targetHints":{"allow":["GET"]}}],"collection":[{"href":"https:\/\/educhampions.eu\/tr\/wp-json\/wp\/v2\/pages"}],"about":[{"href":"https:\/\/educhampions.eu\/tr\/wp-json\/wp\/v2\/types\/page"}],"author":[{"embeddable":true,"href":"https:\/\/educhampions.eu\/tr\/wp-json\/wp\/v2\/users\/1"}],"replies":[{"embeddable":true,"href":"https:\/\/educhampions.eu\/tr\/wp-json\/wp\/v2\/comments?post=1083"}],"version-history":[{"count":4,"href":"https:\/\/educhampions.eu\/tr\/wp-json\/wp\/v2\/pages\/1083\/revisions"}],"predecessor-version":[{"id":1194,"href":"https:\/\/educhampions.eu\/tr\/wp-json\/wp\/v2\/pages\/1083\/revisions\/1194"}],"wp:attachment":[{"href":"https:\/\/educhampions.eu\/tr\/wp-json\/wp\/v2\/media?parent=1083"}],"curies":[{"name":"wp","href":"https:\/\/api.w.org\/{rel}","templated":true}]}}