{"id":1087,"date":"2022-02-24T14:11:37","date_gmt":"2022-02-24T14:11:37","guid":{"rendered":"https:\/\/educhampions.eu\/about\/"},"modified":"2024-12-02T08:57:16","modified_gmt":"2024-12-02T08:57:16","slug":"about","status":"publish","type":"page","link":"https:\/\/educhampions.eu\/pt-pt\/about\/","title":{"rendered":"Sobre"},"content":{"rendered":"<div>O lema do projeto EduChampions \u00e9 ajudar a conceber e a expandir pr\u00e1ticas de aprendizagem inovadoras, inclusivas e flex\u00edveis \u2013 baseadas nos princ\u00edpios do Desenho Universal para a Aprendizagem e numa combina\u00e7\u00e3o de pedagogias centradas nos formandos com ferramentas digitais relevantes para a aprendizagem \u2013, alimentando a mentalidade e a atitude empreendedoras dos formadores. A forma\u00e7\u00e3o tem o potencial de alavancar as condi\u00e7\u00f5es e possibilidades das pessoas, ampliando as oportunidades presentes e futuras de cada um, o que \u00e9 extremamente importante face ao crescente grupo de pessoas que enfrentam barreiras sociais, geogr\u00e1ficas, culturais, econ\u00f3micas e de forma\u00e7\u00e3o.<\/div>\n<h3>Objetivos<\/h3>\n<div>\n<ol>\n<li>\n<p>recolher exemplos e hist\u00f3rias de inspira\u00e7\u00e3o transcultural de <em>edupreneurs<\/em> que promovem pr\u00e1ticas de aprendizagem inspiradas no Desenho Universal para a Aprendizagem \u2013 centradas nos formandos e apoiadas digitalmente \u2013 e divulg\u00e1-las nas suas comunidades para ajudar a clarificar dimens\u00f5es importantes da pedagogia, da tecnologia e do empreendedorismo no processo;<\/p>\n<\/li>\n<li>sensibilizar para esta mudan\u00e7a de paradigma e para o papel dos <em>edupreneurs<\/em> e dos campe\u00f5es da educa\u00e7\u00e3o para a concretizar e ampliar;\n<\/li>\n<li>ajudar os formadores a refor\u00e7ar as suas compet\u00eancias em mat\u00e9ria de conce\u00e7\u00e3o de estrat\u00e9gias centradas no formando, de utiliza\u00e7\u00e3o intencional de ferramentas digitais para a aprendizagem e de resposta \u00e0s necessidades dos formandos de uma forma mais inclusiva e abrangente;\n<\/li>\n<li>fomentar a divulga\u00e7\u00e3o de boas pr\u00e1ticas na promo\u00e7\u00e3o de oportunidades de aprendizagem inovadoras, inclusivas e flex\u00edveis no sistema do EFP e alarg\u00e1-las a outras ofertas formativas.<\/li>\n<\/ol>\n<\/div>\n<p><img decoding=\"async\" src=\"\/wp-content\/uploads\/2023\/06\/inner-about-12.png\" alt=\"\"><\/p>\n<h3>Parceiros<\/h3>\n<ul>\n<li>\n<p>        <img decoding=\"async\" src=\"\/wp-content\/uploads\/2023\/06\/Logo-Ikaslan.png\" alt=\"\"><\/p>\n<h3>Ikaslan Bizkaia<\/h3>\n<div>\n<p>O Ikaslan \u00e9 uma associa\u00e7\u00e3o de 28 escolas profissionais p\u00fablicas no Pa\u00eds Basco espanhol, na Biscaia (Bilbao). Disponibiliza forma\u00e7\u00e3o profissional inicial para formandos do ensino p\u00f3s-obrigat\u00f3rio e forma\u00e7\u00e3o cont\u00ednua para trabalhadores, desempregados e pessoas em risco de desemprego.<\/p>\n<\/div>\n<p><a href=\"https:\/\/www.ikaslanbizkaia.eus\">sitio web<\/a><\/p>\n<\/li>\n<li>\n<p>        <img decoding=\"async\" src=\"\/wp-content\/uploads\/2023\/06\/Mindshift_logo.png\" alt=\"\"><\/p>\n<h3>Mindshift<\/h3>\n<div>\n<p>A Mindshift \u00e9 uma empresa de consultoria especialista em Recursos Humanos que aposta na performance e atualiza\u00e7\u00e3o das compet\u00eancias das pessoas, procurando favorecer a maturidade digital e interpessoal nas organiza\u00e7\u00f5es e sociedade.<\/p>\n<p>A Mindshift atua tanto no mercado nacional como no internacional, nas seguintes \u00e1reas de neg\u00f3cio: avalia\u00e7\u00e3o e desenvolvimento de compet\u00eancias e percursos de <em>upskilling<\/em>; forma\u00e7\u00e3o, <em>coaching<\/em> e mentoria; planos de desenvolvimento pessoal e gest\u00e3o de carreira; prepara\u00e7\u00e3o da for\u00e7a de trabalho para as novas exig\u00eancias do mercado de trabalho; integra\u00e7\u00e3o de jovens talentos em programas de est\u00e1gio; conce\u00e7\u00e3o de estrat\u00e9gias de comunica\u00e7\u00e3o nas redes sociais.<\/p>\n<\/div>\n<p><a href=\"https:\/\/www.mindshift.pt\">sitio web<\/a><\/p>\n<\/li>\n<li>\n<p>        <img decoding=\"async\" src=\"\/wp-content\/uploads\/2023\/06\/logo-landscape-blue.png\" alt=\"\"><\/p>\n<h3>Giri\u015fimcilik E\u011fitimve Ara\u015ft\u0131rma Derne\u011f<\/h3>\n<div>A IGEA \u00e9 uma organiza\u00e7\u00e3o n\u00e3o governamental estabelecida em Bursa, na Turquia. Visa promover a inova\u00e7\u00e3o social, criar oportunidades para jovens e adultos e trabalhar para a sua inclus\u00e3o no mercado de trabalho. Procura tamb\u00e9m aumentar a consci\u00eancia social dos indiv\u00edduos que est\u00e3o ligados \u00e0 ci\u00eancia e tecnologia e que t\u00eam a capacidade de comunicar eficazmente no dom\u00ednio da sa\u00fade e da educa\u00e7\u00e3o.<\/div>\n<p><a href=\"http:\/\/www.igea.org.tr\">sitio web<\/a><\/p>\n<\/li>\n<li>\n<p>        <img decoding=\"async\" src=\"\/wp-content\/uploads\/2023\/06\/Screenshot-2023-01-16-at-10-24-27-Team-Found.ation_.png\" alt=\"\"><\/p>\n<h3>Found.ation<\/h3>\n<div>A Found.ation \u00e9 uma empresa de consultoria em gest\u00e3o da inova\u00e7\u00e3o que transforma entusiasticamente organiza\u00e7\u00f5es e equipas atrav\u00e9s da ativa\u00e7\u00e3o de novas compet\u00eancias e metodologias disruptivas.<\/div>\n<p><a href=\"https:\/\/thefoundation.gr\/\">sitio web<\/a><\/p>\n<\/li>\n<li>\n<p>        <img decoding=\"async\" src=\"\/wp-content\/uploads\/2023\/06\/cardetLogo-13.png\" alt=\"\"><\/p>\n<h3>CARDET<\/h3>\n<div>O CARDET \u00e9 um dos principais centros de investiga\u00e7\u00e3o e desenvolvimento da regi\u00e3o mediterr\u00e2nica, com compet\u00eancias globais no dom\u00ednio do ensino e forma\u00e7\u00e3o profissionais, do empreendedorismo digital e do refor\u00e7o das compet\u00eancias. Sendo o maior centro independente sem fins lucrativos sediado em Chipre, est\u00e1 associado de forma aut\u00f3noma a universidades e institui\u00e7\u00f5es de todo o mundo, como a Universidade de Yale, a Universidade de Nic\u00f3sia e o International Council of Educational Media.<\/div>\n<p><a href=\"https:\/\/www.cardet.org\">sitio web<\/a><\/p>\n<\/li>\n<li>\n<p>        <img decoding=\"async\" src=\"\/wp-content\/uploads\/2023\/06\/Disruptia_logo_cuadrado_pos_con-marco.png\" alt=\"\"><\/p>\n<h3>DISRUPTIA<\/h3>\n<div>A DISRUPTIA \u00e9 uma empresa especialista em transforma\u00e7\u00e3o digital que encara as tecnologias inteligentes como ferramentas revolucion\u00e1rias para explorar plenamente as oportunidades que a digitaliza\u00e7\u00e3o pode proporcionar para a constru\u00e7\u00e3o da sociedade sustent\u00e1vel do futuro. Apoia as entidades educativas e as institui\u00e7\u00f5es p\u00fablicas na defini\u00e7\u00e3o de objetivos claros para uma estrat\u00e9gia de transforma\u00e7\u00e3o digital eficaz, promovendo o desenvolvimento de um ecossistema de forma\u00e7\u00e3o digital de elevado desempenho e melhorando as compet\u00eancias digitais para a transforma\u00e7\u00e3o digital.<\/div>\n<p><a href=\"https:\/\/www.disruptia.es\">sitio web<\/a><\/p>\n<\/li>\n<li>\n<p>        <img decoding=\"async\" src=\"\/wp-content\/uploads\/2023\/06\/Logo-Training-2000-1.jpg\" alt=\"\"><\/p>\n<h3>Training 2000<\/h3>\n<div>A TRAINING 2000 \u00e9 um centro regional de forma\u00e7\u00e3o de adultos certificado da Regi\u00e3o das Marcas, em It\u00e1lia, com experi\u00eancia na forma\u00e7\u00e3o em diferentes setores econ\u00f3micos. Est\u00e1 envolvida na investiga\u00e7\u00e3o e no desenvolvimento de conte\u00fados formativos inovadores e de novas metodologias (blended learning) para a requalifica\u00e7\u00e3o e a melhoria das compet\u00eancias de adultos.<\/div>\n<p><a href=\"https:\/\/www.training2000.it\">sitio web<\/a><\/p>\n<\/li>\n<li>\n<p>        <img decoding=\"async\" src=\"\/wp-content\/uploads\/2023\/06\/Screenshot-2023-01-16-at-10-22-53-Home-Biedriba-Eurofortis.png\" alt=\"\"><\/p>\n<h3>BIEDRIBA EUROFORTIS<\/h3>\n<div>\n<p><span>Since 2007 is Eurofortis a dynamic Czech-Latvian centre based in Riga, Latvia, organisation working in the training field, <\/span><span>personal and professional competence development. <\/span><span>Biedriba Eurofortis takes an active part in European educational projects realised within the framework of Erasmus+ <\/span><span>Programme and ensures availability of educational and up-to-date learning materials, tools and methods, as well as <\/span><span>seminars and different training within projects primarily aimed at identification, development and improvement of various <\/span><span>competences and knowledge.<\/span><\/p>\n<\/div>\n<p><a href=\"https:\/\/www.eurofortis.lv\">sitio web<\/a><\/p>\n<\/li>\n<\/ul>\n<p><!--more--><br \/>\n<!-- {\"type\":\"layout\",\"children\":[{\"type\":\"section\",\"props\":{\"image_position\":\"center-center\",\"padding_remove_top\":true,\"style\":\"default\",\"title_breakpoint\":\"xl\",\"title_position\":\"top-left\",\"title_rotation\":\"left\",\"vertical_align\":\"middle\",\"width\":\"default\"},\"children\":[{\"type\":\"row\",\"children\":[{\"type\":\"column\",\"props\":{\"image_position\":\"center-center\",\"media_overlay_gradient\":\"\",\"position_sticky_breakpoint\":\"m\"},\"children\":[{\"type\":\"headline\",\"props\":{\"text_align\":\"left\",\"title_color\":\"primary\",\"title_element\":\"h1\",\"title_style\":\"h1\"},\"name\":\"headline-pages\",\"source\":{\"query\":{\"name\":\"pages.singlePage\"},\"props\":{\"content\":{\"filters\":{\"search\":\"\"},\"name\":\"title\"}}}}]}]},{\"type\":\"row\",\"children\":[{\"type\":\"column\",\"props\":{\"image_position\":\"center-center\",\"media_overlay_gradient\":\"\",\"position_sticky_breakpoint\":\"m\"},\"children\":[{\"type\":\"text\",\"props\":{\"column_breakpoint\":\"m\",\"content\":\"O lema do projeto EduChampions \\u00e9 ajudar a conceber e a expandir pr\\u00e1ticas de aprendizagem inovadoras, inclusivas e flex\\u00edveis \\u2013 baseadas nos princ\\u00edpios do Desenho Universal para a Aprendizagem e numa combina\\u00e7\\u00e3o de pedagogias centradas nos formandos com ferramentas digitais relevantes para a aprendizagem \\u2013, alimentando a mentalidade e a atitude empreendedoras dos formadores. A forma\\u00e7\\u00e3o tem o potencial de alavancar as condi\\u00e7\\u00f5es e possibilidades das pessoas, ampliando as oportunidades presentes e futuras de cada um, o que \\u00e9 extremamente importante face ao crescente grupo de pessoas que enfrentam barreiras sociais, geogr\\u00e1ficas, culturais, econ\\u00f3micas e de forma\\u00e7\\u00e3o.\",\"margin\":\"default\"}}]}]},{\"type\":\"row\",\"children\":[{\"type\":\"column\",\"props\":{\"image_position\":\"center-center\",\"media_overlay_gradient\":\"\",\"position_sticky_breakpoint\":\"m\",\"vertical_align\":\"middle\",\"width_medium\":\"2-3\"},\"children\":[{\"type\":\"headline\",\"props\":{\"content\":\"Objetivos\",\"title_color\":\"success\",\"title_element\":\"h3\"}},{\"type\":\"text\",\"props\":{\"column_breakpoint\":\"m\",\"content\":\"\n\n<ol>\\n\n\n<li>\\n\n\n<p>recolher exemplos e hist\\u00f3rias de inspira\\u00e7\\u00e3o transcultural de <em>edupreneurs<\\\/em> que promovem pr\\u00e1ticas de aprendizagem inspiradas no Desenho Universal para a Aprendizagem \\u2013 centradas nos formandos e apoiadas digitalmente \\u2013 e divulg\\u00e1-las nas suas comunidades para ajudar a clarificar dimens\\u00f5es importantes da pedagogia, da tecnologia e do empreendedorismo no processo;<\\\/p>\\n<\\\/li>\\n\n\n<li>sensibilizar para esta mudan\\u00e7a de paradigma e para o papel dos <em>edupreneurs<\\\/em> e dos campe\\u00f5es da educa\\u00e7\\u00e3o para a concretizar e ampliar;<br \\\/><br \\\/><\\\/li>\\n\n\n<li>ajudar os formadores a refor\\u00e7ar as suas compet\\u00eancias em mat\\u00e9ria de conce\\u00e7\\u00e3o de estrat\\u00e9gias centradas no formando, de utiliza\\u00e7\\u00e3o intencional de ferramentas digitais para a aprendizagem e de resposta \\u00e0s necessidades dos formandos de uma forma mais inclusiva e abrangente;<br \\\/><br \\\/><\\\/li>\\n\n\n<li>fomentar a divulga\\u00e7\\u00e3o de boas pr\\u00e1ticas na promo\\u00e7\\u00e3o de oportunidades de aprendizagem inovadoras, inclusivas e flex\\u00edveis no sistema do EFP e alarg\\u00e1-las a outras ofertas formativas.<\\\/li>\\n<\\\/ol>\",\"margin\":\"default\"}}]},{\"type\":\"column\",\"props\":{\"image_position\":\"center-center\",\"media_overlay_gradient\":\"\",\"position_sticky_breakpoint\":\"m\",\"vertical_align\":\"middle\",\"width_medium\":\"1-3\"},\"children\":[{\"type\":\"image\",\"props\":{\"image\":\"wp-content\\\/uploads\\\/2023\\\/06\\\/inner-about-12.png\",\"image_svg_color\":\"emphasis\",\"margin\":\"default\"}}]}],\"props\":{\"layout\":\"2-3,1-3\"}},{\"type\":\"row\",\"children\":[{\"type\":\"column\",\"props\":{\"image_position\":\"center-center\",\"media_overlay_gradient\":\"\",\"position_sticky_breakpoint\":\"m\"},\"children\":[{\"type\":\"headline\",\"props\":{\"content\":\"Parceiros\",\"title_color\":\"success\",\"title_element\":\"h3\"}}]}]},{\"type\":\"row\",\"children\":[{\"type\":\"column\",\"props\":{\"image_position\":\"center-center\",\"media_overlay_gradient\":\"\",\"position_sticky_breakpoint\":\"m\"},\"children\":[{\"name\":\"Accordion Image Top\",\"type\":\"accordion\",\"children\":[{\"name\":\"\",\"type\":\"accordion_item\",\"props\":{\"content\":\"\n\n<p>O Ikaslan \\u00e9 uma associa\\u00e7\\u00e3o de 28 escolas profissionais p\\u00fablicas no Pa\\u00eds Basco espanhol, na Biscaia (Bilbao). Disponibiliza forma\\u00e7\\u00e3o profissional inicial para formandos do ensino p\\u00f3s-obrigat\\u00f3rio e forma\\u00e7\\u00e3o cont\\u00ednua para trabalhadores, desempregados e pessoas em risco de desemprego.<\\\/p>\",\"image\":\"wp-content\\\/uploads\\\/2023\\\/06\\\/Logo-Ikaslan.png\",\"link\":\"https:\\\/\\\/www.ikaslanbizkaia.eus\",\"link_text\":\"sitio web\",\"title\":\"Ikaslan Bizkaia\"}},{\"name\":\"\",\"type\":\"accordion_item\",\"props\":{\"content\":\"\n\n<p>A Mindshift \\u00e9 uma empresa de consultoria especialista em Recursos Humanos que aposta na performance e atualiza\\u00e7\\u00e3o das compet\\u00eancias das pessoas, procurando favorecer a maturidade digital e interpessoal nas organiza\\u00e7\\u00f5es e sociedade.<\\\/p>\\n\n\n<p>A Mindshift atua tanto no mercado nacional como no internacional, nas seguintes \\u00e1reas de neg\\u00f3cio: avalia\\u00e7\\u00e3o e desenvolvimento de compet\\u00eancias e percursos de <em>upskilling<\\\/em>; forma\\u00e7\\u00e3o, <em>coaching<\\\/em> e mentoria; planos de desenvolvimento pessoal e gest\\u00e3o de carreira; prepara\\u00e7\\u00e3o da for\\u00e7a de trabalho para as novas exig\\u00eancias do mercado de trabalho; integra\\u00e7\\u00e3o de jovens talentos em programas de est\\u00e1gio; conce\\u00e7\\u00e3o de estrat\\u00e9gias de comunica\\u00e7\\u00e3o nas redes sociais.<\\\/p>\",\"image\":\"wp-content\\\/uploads\\\/2023\\\/06\\\/Mindshift_logo.png\",\"link\":\"https:\\\/\\\/www.mindshift.pt\",\"link_text\":\"sitio web\",\"title\":\"Mindshift\"}},{\"name\":\"\",\"type\":\"accordion_item\",\"props\":{\"content\":\"A IGEA \\u00e9 uma organiza\\u00e7\\u00e3o n\\u00e3o governamental estabelecida em Bursa, na Turquia. Visa promover a inova\\u00e7\\u00e3o social, criar oportunidades para jovens e adultos e trabalhar para a sua inclus\\u00e3o no mercado de trabalho. Procura tamb\\u00e9m aumentar a consci\\u00eancia social dos indiv\\u00edduos que est\\u00e3o ligados \\u00e0 ci\\u00eancia e tecnologia e que t\\u00eam a capacidade de comunicar eficazmente no dom\\u00ednio da sa\\u00fade e da educa\\u00e7\\u00e3o.\",\"image\":\"wp-content\\\/uploads\\\/2023\\\/06\\\/logo-landscape-blue.png\",\"link\":\"http:\\\/\\\/www.igea.org.tr\",\"link_text\":\"sitio web\",\"title\":\"Giri\\u015fimcilik E\\u011fitimve Ara\\u015ft\\u0131rma Derne\\u011f\"}},{\"name\":\"\",\"type\":\"accordion_item\",\"props\":{\"content\":\"A Found.ation \\u00e9 uma empresa de consultoria em gest\\u00e3o da inova\\u00e7\\u00e3o que transforma entusiasticamente organiza\\u00e7\\u00f5es e equipas atrav\\u00e9s da ativa\\u00e7\\u00e3o de novas compet\\u00eancias e metodologias disruptivas.\",\"image\":\"wp-content\\\/uploads\\\/2023\\\/06\\\/Screenshot-2023-01-16-at-10-24-27-Team-Found.ation_.png\",\"link\":\"https:\\\/\\\/thefoundation.gr\\\/\",\"link_text\":\"sitio web\",\"title\":\"Found.ation\"}},{\"type\":\"accordion_item\",\"props\":{\"content\":\"O CARDET \\u00e9 um dos principais centros de investiga\\u00e7\\u00e3o e desenvolvimento da regi\\u00e3o mediterr\\u00e2nica, com compet\\u00eancias globais no dom\\u00ednio do ensino e forma\\u00e7\\u00e3o profissionais, do empreendedorismo digital e do refor\\u00e7o das compet\\u00eancias. Sendo o maior centro independente sem fins lucrativos sediado em Chipre, est\\u00e1 associado de forma aut\\u00f3noma a universidades e institui\\u00e7\\u00f5es de todo o mundo, como a Universidade de Yale, a Universidade de Nic\\u00f3sia e o International Council of Educational Media.\",\"image\":\"wp-content\\\/uploads\\\/2023\\\/06\\\/cardetLogo-13.png\",\"link\":\"https:\\\/\\\/www.cardet.org\",\"link_text\":\"sitio web\",\"title\":\"CARDET\"}},{\"type\":\"accordion_item\",\"props\":{\"content\":\"A DISRUPTIA \\u00e9 uma empresa especialista em transforma\\u00e7\\u00e3o digital que encara as tecnologias inteligentes como ferramentas revolucion\\u00e1rias para explorar plenamente as oportunidades que a digitaliza\\u00e7\\u00e3o pode proporcionar para a constru\\u00e7\\u00e3o da sociedade sustent\\u00e1vel do futuro. Apoia as entidades educativas e as institui\\u00e7\\u00f5es p\\u00fablicas na defini\\u00e7\\u00e3o de objetivos claros para uma estrat\\u00e9gia de transforma\\u00e7\\u00e3o digital eficaz, promovendo o desenvolvimento de um ecossistema de forma\\u00e7\\u00e3o digital de elevado desempenho e melhorando as compet\\u00eancias digitais para a transforma\\u00e7\\u00e3o digital.\",\"image\":\"wp-content\\\/uploads\\\/2023\\\/06\\\/Disruptia_logo_cuadrado_pos_con-marco.png\",\"link\":\"https:\\\/\\\/www.disruptia.es\",\"link_text\":\"sitio web\",\"title\":\"DISRUPTIA\"}},{\"type\":\"accordion_item\",\"props\":{\"content\":\"A TRAINING 2000 \\u00e9 um centro regional de forma\\u00e7\\u00e3o de adultos certificado da Regi\\u00e3o das Marcas, em It\\u00e1lia, com experi\\u00eancia na forma\\u00e7\\u00e3o em diferentes setores econ\\u00f3micos. Est\\u00e1 envolvida na investiga\\u00e7\\u00e3o e no desenvolvimento de conte\\u00fados formativos inovadores e de novas metodologias (blended learning) para a requalifica\\u00e7\\u00e3o e a melhoria das compet\\u00eancias de adultos.\",\"image\":\"wp-content\\\/uploads\\\/2023\\\/06\\\/Logo-Training-2000-1.jpg\",\"link\":\"https:\\\/\\\/www.training2000.it\",\"link_text\":\"sitio web\",\"title\":\"Training 2000\"}},{\"type\":\"accordion_item\",\"props\":{\"content\":\"\n\n<p><span>Since 2007 is Eurofortis a dynamic Czech-Latvian centre based in Riga, Latvia, organisation working in the training field, <\\\/span><span>personal and professional competence development. <\\\/span><span>Biedriba Eurofortis takes an active part in European educational projects realised within the framework of Erasmus+ <\\\/span><span>Programme and ensures availability of educational and up-to-date learning materials, tools and methods, as well as <\\\/span><span>seminars and different training within projects primarily aimed at identification, development and improvement of various <\\\/span><span>competences and knowledge.<\\\/span><\\\/p>\",\"image\":\"wp-content\\\/uploads\\\/2023\\\/06\\\/Screenshot-2023-01-16-at-10-22-53-Home-Biedriba-Eurofortis.png\",\"link\":\"https:\\\/\\\/www.eurofortis.lv\",\"link_text\":\"sitio web\",\"title\":\"BIEDRIBA EUROFORTIS\"}}],\"props\":{\"class\":\"partners-accordion\",\"collapsible\":false,\"content_column\":\"\",\"content_column_breakpoint\":\"m\",\"content_dropcap\":false,\"image_align\":\"left\",\"image_grid_breakpoint\":\"m\",\"image_grid_width\":\"1-4\",\"image_svg_color\":\"emphasis\",\"image_vertical_align\":true,\"link_style\":\"primary\",\"link_target\":true,\"link_text\":\"[website_text]\",\"multiple\":false,\"show_image\":true,\"show_link\":true,\"text_align\":\"center\",\"title_element\":\"h3\"}}]}]}]}],\"version\":\"3.0.20\"} --><\/p>\n","protected":false},"excerpt":{"rendered":"<p>O lema do projeto EduChampions \u00e9 ajudar a conceber e a expandir pr\u00e1ticas de aprendizagem inovadoras, inclusivas e flex\u00edveis \u2013 baseadas nos princ\u00edpios do Desenho..<\/p>\n","protected":false},"author":1,"featured_media":0,"parent":0,"menu_order":0,"comment_status":"closed","ping_status":"closed","template":"","meta":{"_acf_changed":false,"inline_featured_image":false,"footnotes":""},"class_list":["post-1087","page","type-page","status-publish","hentry"],"acf":[],"_links":{"self":[{"href":"https:\/\/educhampions.eu\/pt-pt\/wp-json\/wp\/v2\/pages\/1087","targetHints":{"allow":["GET"]}}],"collection":[{"href":"https:\/\/educhampions.eu\/pt-pt\/wp-json\/wp\/v2\/pages"}],"about":[{"href":"https:\/\/educhampions.eu\/pt-pt\/wp-json\/wp\/v2\/types\/page"}],"author":[{"embeddable":true,"href":"https:\/\/educhampions.eu\/pt-pt\/wp-json\/wp\/v2\/users\/1"}],"replies":[{"embeddable":true,"href":"https:\/\/educhampions.eu\/pt-pt\/wp-json\/wp\/v2\/comments?post=1087"}],"version-history":[{"count":7,"href":"https:\/\/educhampions.eu\/pt-pt\/wp-json\/wp\/v2\/pages\/1087\/revisions"}],"predecessor-version":[{"id":3349,"href":"https:\/\/educhampions.eu\/pt-pt\/wp-json\/wp\/v2\/pages\/1087\/revisions\/3349"}],"wp:attachment":[{"href":"https:\/\/educhampions.eu\/pt-pt\/wp-json\/wp\/v2\/media?parent=1087"}],"curies":[{"name":"wp","href":"https:\/\/api.w.org\/{rel}","templated":true}]}}