{"id":1081,"date":"2022-02-24T14:11:37","date_gmt":"2022-02-24T14:11:37","guid":{"rendered":"https:\/\/educhampions.eu\/home\/"},"modified":"2024-01-29T14:20:09","modified_gmt":"2024-01-29T14:20:09","slug":"home","status":"publish","type":"page","link":"https:\/\/educhampions.eu\/pt-pt\/","title":{"rendered":"In\u00edcio"},"content":{"rendered":"<h1>Fostering edupreneurship to<br \/>embrace learners\u2019 diversity<\/h1>\n<p><img decoding=\"async\" src=\"\/wp-content\/uploads\/2023\/06\/home-intro.png\" alt=\"\"><br \/>\n<img decoding=\"async\" src=\"\/wp-content\/uploads\/2023\/06\/home-about.png\" alt=\"\"><\/p>\n<h2>Sobre<\/h2>\n<div>O principal objetivo do projeto EduChampions \u00e9 fomentar uma mentalidade de edupreneur entre os formadores, para que atuem como campe\u00f5es da mudan\u00e7a, incentivando a inova\u00e7\u00e3o e a flexibilidade na educa\u00e7\u00e3o, abordando a diversidade dos formandos atrav\u00e9s de uma combina\u00e7\u00e3o de pedagogias centradas no formando com tecnologias did\u00e1ticas utilizadas para fins espec\u00edficos.<\/div>\n<p>\n    <a href=\"\/pt-pt\/about\/\">Saiba mais<\/a>\n<\/p>\n<h2>Not\u00edcias<\/h2>\n<div>\n<\/div>\n<p>\n    <a href=\"\/pt-pt\/category\/news-pt-pt\/\">Saiba mais<\/a>\n<\/p>\n<p><!--more--><br \/>\n<!-- {\"type\":\"layout\",\"children\":[{\"type\":\"section\",\"props\":{\"animation\":\"fade\",\"height\":\"section\",\"image_position\":\"center-center\",\"padding_remove_bottom\":true,\"sticky\":\"cover\",\"style\":\"default\",\"title_breakpoint\":\"xl\",\"title_position\":\"top-left\",\"title_rotation\":\"left\",\"vertical_align\":\"\",\"width\":\"default\"},\"children\":[{\"type\":\"row\",\"children\":[{\"type\":\"column\",\"props\":{\"image_position\":\"center-center\",\"media_overlay_gradient\":\"\",\"position_sticky_breakpoint\":\"m\"},\"children\":[{\"type\":\"headline\",\"props\":{\"animation\":\"slide-top-small\",\"content\":\"Fostering edupreneurship to<br \\\/>embrace learners\\u2019 diversity\",\"margin\":\"default\",\"margin_remove_top\":false,\"text_align\":\"center\",\"title_color\":\"primary\",\"title_element\":\"h1\"}},{\"type\":\"image\",\"props\":{\"animation\":\"slide-bottom-small\",\"image\":\"wp-content\\\/uploads\\\/2023\\\/06\\\/home-intro.png\",\"image_svg_color\":\"emphasis\",\"margin\":\"medium\",\"margin_remove_bottom\":true,\"text_align\":\"center\"}}]}]}]},{\"type\":\"section\",\"props\":{\"animation\":\"fade\",\"css\":\".el-section{\\n\\tborder-top: 3px solid #32015c;\\n}\",\"image_position\":\"center-center\",\"sticky\":\"cover\",\"style\":\"default\",\"title_breakpoint\":\"xl\",\"title_position\":\"top-left\",\"title_rotation\":\"left\",\"vertical_align\":\"middle\",\"width\":\"default\"},\"children\":[{\"type\":\"row\",\"props\":{\"column_gap\":\"large\",\"layout\":\"1-2,1-2\"},\"children\":[{\"type\":\"column\",\"props\":{\"image_position\":\"center-center\",\"media_overlay_gradient\":\"\",\"position_sticky_breakpoint\":\"m\",\"width_medium\":\"1-2\"},\"children\":[{\"type\":\"image\",\"props\":{\"image\":\"wp-content\\\/uploads\\\/2023\\\/06\\\/home-about.png\",\"image_svg_color\":\"emphasis\",\"margin\":\"default\"}}]},{\"type\":\"column\",\"props\":{\"image_position\":\"center-center\",\"media_overlay_gradient\":\"\",\"position_sticky_breakpoint\":\"m\",\"vertical_align\":\"middle\",\"width_medium\":\"1-2\"},\"children\":[{\"type\":\"headline\",\"props\":{\"content\":\"Sobre\",\"title_color\":\"primary\",\"title_element\":\"h2\"}},{\"type\":\"text\",\"props\":{\"column_breakpoint\":\"m\",\"content\":\"O principal objetivo do projeto EduChampions \\u00e9 fomentar uma mentalidade de edupreneur entre os formadores, para que atuem como campe\\u00f5es da mudan\\u00e7a, incentivando a inova\\u00e7\\u00e3o e a flexibilidade na educa\\u00e7\\u00e3o, abordando a diversidade dos formandos atrav\\u00e9s de uma combina\\u00e7\\u00e3o de pedagogias centradas no formando com tecnologias did\\u00e1ticas utilizadas para fins espec\\u00edficos.\",\"margin\":\"default\"}},{\"type\":\"button\",\"props\":{\"grid_column_gap\":\"small\",\"grid_row_gap\":\"small\",\"margin\":\"default\"},\"children\":[{\"type\":\"button_item\",\"props\":{\"button_style\":\"primary\",\"content\":\"Saiba mais\",\"icon_align\":\"left\",\"link\":\"\\\/pt-pt\\\/about\\\/\",\"link_title\":\"\"}}]}]}]}]},{\"type\":\"section\",\"props\":{\"css\":\".el-section{\\n\\tbackground: #4ea5c4;\\n}\",\"image_position\":\"center-center\",\"padding\":\"small\",\"style\":\"default\",\"title_breakpoint\":\"xl\",\"title_position\":\"top-left\",\"title_rotation\":\"left\",\"vertical_align\":\"middle\",\"width\":\"default\"},\"children\":[{\"type\":\"row\",\"children\":[{\"type\":\"column\",\"props\":{\"image_position\":\"center-center\",\"media_overlay_gradient\":\"\",\"position_sticky_breakpoint\":\"m\"},\"children\":[{\"type\":\"headline\",\"props\":{\"content\":\"[news_header]\",\"css\":\".el-element{\\n\\tcolor: #fff;\\n    text-transform: uppercase;\\n}\",\"text_align\":\"center\",\"title_element\":\"h2\",\"title_style\":\"h2\"}},{\"type\":\"grid\",\"props\":{\"class\":\"news-grid\",\"content_column_breakpoint\":\"m\",\"css\":\".el-item{\\n    background: #fff;\\n    padding: 20px;\\n    border-radius: 40px;\\n    box-shadow: 4px 4px 6px 0 rgba(0 0 0 \\\/.28);\\n}\\n.el-content{\\n\\tmargin-top: 10px!important;\\n    padding-top: 0;\\n}\",\"filter_align\":\"left\",\"filter_all\":true,\"filter_grid_breakpoint\":\"m\",\"filter_grid_width\":\"auto\",\"filter_position\":\"top\",\"filter_style\":\"tab\",\"grid_default\":\"1\",\"grid_medium\":\"3\",\"grid_small\":\"3\",\"icon_width\":80,\"image_align\":\"top\",\"image_grid_breakpoint\":\"m\",\"image_grid_width\":\"1-2\",\"image_svg_color\":\"emphasis\",\"item_animation\":true,\"link_style\":\"secondary\",\"link_text\":\"\",\"margin\":\"default\",\"margin_remove_top\":false,\"meta_align\":\"below-title\",\"meta_element\":\"div\",\"meta_style\":\"text-meta\",\"panel_link\":true,\"parallax_easing\":\"1\",\"show_content\":true,\"show_image\":true,\"show_link\":true,\"show_meta\":true,\"show_title\":true,\"title_align\":\"top\",\"title_color\":\"success\",\"title_element\":\"h4\",\"title_grid_breakpoint\":\"m\",\"title_grid_width\":\"1-2\",\"title_hover_style\":\"reset\"},\"children\":[{\"type\":\"grid_item\",\"props\":{\"link_text\":\"\"},\"source\":{\"query\":{\"name\":\"posts.customPosts\",\"arguments\":{\"terms\":[10],\"category_operator\":\"IN\",\"post_tag_operator\":\"IN\",\"users\":[],\"users_operator\":\"IN\",\"offset\":0,\"limit\":10,\"order\":\"date\",\"order_direction\":\"DESC\"}},\"props\":{\"title\":{\"filters\":{\"search\":\"\"},\"name\":\"title\"},\"content\":{\"filters\":{\"search\":\"\"},\"name\":\"excerpt\"},\"image\":{\"filters\":{\"search\":\"\"},\"name\":\"featuredImage.url\"},\"link\":{\"filters\":{\"search\":\"\"},\"name\":\"link\"}}}}]},{\"type\":\"button\",\"props\":{\"grid_column_gap\":\"small\",\"grid_row_gap\":\"small\",\"margin\":\"default\",\"text_align\":\"center\"},\"children\":[{\"type\":\"button_item\",\"props\":{\"button_style\":\"primary\",\"content\":\"Saiba mais\",\"icon_align\":\"left\",\"link\":\"\\\/pt-pt\\\/category\\\/news-pt-pt\\\/\"}}]}]}]}]}],\"version\":\"3.0.20\"} --><\/p>\n","protected":false},"excerpt":{"rendered":"<p>Fostering edupreneurship toembrace learners\u2019 diversity Sobre O principal objetivo do projeto EduChampions \u00e9 fomentar uma mentalidade de edupreneur entre os formadores, para que atuem como..<\/p>\n","protected":false},"author":1,"featured_media":0,"parent":0,"menu_order":0,"comment_status":"closed","ping_status":"closed","template":"","meta":{"_acf_changed":false,"inline_featured_image":false,"footnotes":""},"class_list":["post-1081","page","type-page","status-publish","hentry"],"acf":[],"_links":{"self":[{"href":"https:\/\/educhampions.eu\/pt-pt\/wp-json\/wp\/v2\/pages\/1081","targetHints":{"allow":["GET"]}}],"collection":[{"href":"https:\/\/educhampions.eu\/pt-pt\/wp-json\/wp\/v2\/pages"}],"about":[{"href":"https:\/\/educhampions.eu\/pt-pt\/wp-json\/wp\/v2\/types\/page"}],"author":[{"embeddable":true,"href":"https:\/\/educhampions.eu\/pt-pt\/wp-json\/wp\/v2\/users\/1"}],"replies":[{"embeddable":true,"href":"https:\/\/educhampions.eu\/pt-pt\/wp-json\/wp\/v2\/comments?post=1081"}],"version-history":[{"count":5,"href":"https:\/\/educhampions.eu\/pt-pt\/wp-json\/wp\/v2\/pages\/1081\/revisions"}],"predecessor-version":[{"id":1211,"href":"https:\/\/educhampions.eu\/pt-pt\/wp-json\/wp\/v2\/pages\/1081\/revisions\/1211"}],"wp:attachment":[{"href":"https:\/\/educhampions.eu\/pt-pt\/wp-json\/wp\/v2\/media?parent=1081"}],"curies":[{"name":"wp","href":"https:\/\/api.w.org\/{rel}","templated":true}]}}