{"id":1086,"date":"2022-02-24T14:11:37","date_gmt":"2022-02-24T14:11:37","guid":{"rendered":"https:\/\/educhampions.eu\/about\/"},"modified":"2024-12-03T13:24:01","modified_gmt":"2024-12-03T13:24:01","slug":"about","status":"publish","type":"page","link":"https:\/\/educhampions.eu\/lv\/about\/","title":{"rendered":"Par projektu"},"content":{"rendered":"<div>\n<p><span>Projekta EduChampions m\u0113r\u0137is ir pal\u012bdz\u0113t izstr\u0101d\u0101t un papla\u0161in\u0101t inovat\u012bvu, iek\u013caujo\u0161u, elast\u012bgu m\u0101c\u012bbu praksi, kas balst\u012bta uz univers\u0101l\u0101 m\u0101c\u012bbu dizaina principiem un apvieno uz izgl\u012btojamo v\u0113rstu pedago\u0123iju ar atbilsto\u0161iem digit\u0101lajiem m\u0101c\u012bbu r\u012bkiem, veicinot uz\u0146\u0113m\u0113jdarb\u012bbas dom\u0101\u0161anu un attieksmi pedagogu vid\u016b. Izgl\u012bt\u012bbai ir potenci\u0101ls efekt\u012bvi utiliz\u0113t apst\u0101k\u013cus, palielinot cilv\u0113ku pa\u0161reiz\u0113j\u0101s un n\u0101kotnes iesp\u0113jas, kas ir \u0101rk\u0101rt\u012bgi svar\u012bgi, \u0146emot v\u0113r\u0101 to, ka pieaug cilv\u0113ku grupa, kas saskaras ar \u0123eopolitisko, <\/span><span>kultur\u0101lo, soci\u0101lo, ekonomisko, k\u0101 ar\u012b izgl\u012bt\u012bbas pieejam\u012bbas faktoru izrais\u012bt\u0101m probl\u0113m\u0101m.<\/span><\/p>\n<\/div>\n<h3>M\u0113r\u0137i<\/h3>\n<div>\n<ol>\n<li><span>apkopot da\u017e\u0101du valstu iedvesmojo\u0161us piem\u0113rus un st\u0101stus par izgl\u012bt\u012bbas speci\u0101listiem, kas veicina univers\u0101l\u0101 m\u0101c\u012bbu dizaina iedvesmotu, uz izgl\u012btojamo orient\u0113tu, digitaliz\u0113tu m\u0101c\u012bbu praksi un izplata to sav\u0101s kopien\u0101s, lai pal\u012bdz\u0113tu ieviest skaidr\u012bbu par svar\u012bg\u0101m pedago\u0123ijas, tehnolo\u0123iju un uz\u0146\u0113m\u0113jdarb\u012bbas dimensij\u0101m \u0161aj\u0101 proces\u0101;<br \/><\/span><\/li>\n<p><\/p>\n<li><span>vairot inform\u0113t\u012bbu par \u0161o paradigmas mai\u0146u un izgl\u012bt\u012bbas speci\u0101listu lomu \u0161aj\u0101 proces\u0101 \u2013 paradigmas ievie\u0161an\u0101 un izplat\u012b\u0161an\u0101;<br \/><\/span><\/li>\n<p><\/p>\n<li><span>pal\u012bdz\u0113t pedagogiem stiprin\u0101t vi\u0146u kompetenci uz izgl\u012btojamo v\u0113rstu strat\u0113\u0123iju izstr\u0101d\u0113, m\u0113r\u0137tiec\u012bgi izmantojot digit\u0101los r\u012bkus m\u0101c\u012bb\u0101m, k\u0101 ar\u012b iek\u013caujo\u0161\u0101k\u0101 un visaptvero\u0161\u0101k\u0101 veid\u0101 risinot izgl\u012btojamo vajadz\u012bbas;<br \/><\/span><\/li>\n<p><\/p>\n<li><span>sekm\u0113t ar inovat\u012bv\u0101m, iek\u013caujo\u0161\u0101m un elast\u012bg\u0101m m\u0101c\u012b\u0161an\u0101s pieej\u0101m saist\u012btas lab\u0101s prakses izplat\u012b\u0161anu PIA sektor\u0101 un papla\u0161in\u0101t to ar\u012b uz citiem izgl\u012bt\u012bbas pied\u0101v\u0101jumiem.<\/span><\/li>\n<\/ol>\n<\/div>\n<p><img decoding=\"async\" src=\"\/wp-content\/uploads\/2023\/06\/inner-about-12.png\" alt=\"\"><\/p>\n<h3>Partneri<\/h3>\n<ul>\n<li>\n<p>        <img decoding=\"async\" src=\"\/wp-content\/uploads\/2023\/06\/Logo-Ikaslan.png\" alt=\"\"><\/p>\n<h3>Ikaslan Bizkaia<\/h3>\n<div>Ikaslan ir 28 valsts arodskolu apvien\u012bba Basku zem\u0113 Sp\u0101nij\u0101, Bizkaijas re\u0123ion\u0101. T\u0101 pied\u0101v\u0101 s\u0101kotn\u0113jo profesion\u0101lo izgl\u012bt\u012bbu p\u0113c oblig\u0101t\u0101s izgl\u012bt\u012bbas ieg\u016b\u0161anas un t\u0101l\u0101kizgl\u012bt\u012bbu darba \u0146\u0113m\u0113jiem, bezdarbniekiem un bezdarba riskam pak\u013cautaj\u0101m person\u0101m. <\/div>\n<p><a href=\"https:\/\/www.ikaslanbizkaia.eus\">M\u0101jaslapa<\/a><\/p>\n<\/li>\n<li>\n<p>        <img decoding=\"async\" src=\"\/wp-content\/uploads\/2023\/06\/Mindshift_logo.png\" alt=\"\"><\/p>\n<h3>Mindshift<\/h3>\n<div>\n<p><span>Mindshift ir konsult\u0101ciju uz\u0146\u0113mums, kas specializ\u0113jas cilv\u0113kresursu jom\u0101 un invest\u0113 cilv\u0113ku kompetences uzlabo\u0161an\u0101 un pilnveido\u0161an\u0101, lai veicin\u0101tu organiz\u0101ciju un sabiedr\u012bbas digit\u0101lo briedumu.<\/span><\/p>\n<p><span>Mindshift darbojas gan nacion\u0101laj\u0101, gan starptautiskaj\u0101 tirg\u016b \u0161\u0101d\u0101s pamatdarb\u012bbas jom\u0101s: kompeten\u010du nov\u0113rt\u0113\u0161ana un att\u012bst\u012b\u0161ana, apm\u0101c\u012bbas, kou\u010dings un mentorings, karjeras vad\u012bba un person\u012bg\u0101s att\u012bst\u012bbas pl\u0101ni, darbasp\u0113ka sagatavo\u0161ana jaunaj\u0101m darba tirgus pras\u012bb\u0101m, jauno talantu iek\u013cau\u0161ana sta\u017eieru programm\u0101s, komunik\u0101cijas strat\u0113\u0123iju izstr\u0101de soci\u0101lajos t\u012bklos.\u00a0 <\/span><\/p>\n<\/div>\n<p><a href=\"https:\/\/www.mindshift.pt\">M\u0101jaslapa<\/a><\/p>\n<\/li>\n<li>\n<p>        <img decoding=\"async\" src=\"\/wp-content\/uploads\/2023\/06\/logo-landscape-blue.png\" alt=\"\"><\/p>\n<h3>Giri\u015fimcilik E\u011fitimve Ara\u015ft\u0131rma Derne\u011f<\/h3>\n<div>\n<p><span>IGEA ir nevalstiska organiz\u0101cija, kas dibin\u0101ta Burs\u0101 un \u012bsteno da\u017e\u0101das starptautiskas aktivit\u0101tes. <\/span><\/p>\n<p><span>Organiz\u0101cijas galvenie m\u0113r\u0137i ir: veicin\u0101t soci\u0101l\u0101s inov\u0101cijas, rad\u012bt jaunas iesp\u0113jas jaunie\u0161iem un pieaugu\u0161ajiem un str\u0101d\u0101t pie vi\u0146u nodarbin\u0101t\u012bbas; uzlabot indiv\u012bdu soci\u0101lo apzi\u0146u, kuri seko zin\u0101tnei un tehnolo\u0123ij\u0101m un kuriem ir sp\u0113ja efekt\u012bvi komunic\u0113t vesel\u012bbas un izgl\u012bt\u012bbas jom\u0101.<\/span><\/p>\n<\/div>\n<p><a href=\"http:\/\/www.igea.org.tr\">M\u0101jaslapa<\/a><\/p>\n<\/li>\n<li>\n<p>        <img decoding=\"async\" src=\"\/wp-content\/uploads\/2023\/06\/Screenshot-2023-01-16-at-10-24-27-Team-Found.ation_.png\" alt=\"\"><\/p>\n<h3>Found.ation<\/h3>\n<div>\n<p>Found.ation ir inov\u0101ciju vad\u012bbas konsult\u0101ciju uz\u0146\u0113mums, kas aizraut\u012bgi p\u0101rveido organiz\u0101cijas un komandas, aktiviz\u0113jot jaunas prasmes un revolucion\u0101ras metodolo\u0123ijas.<\/p>\n<\/div>\n<p><a href=\"https:\/\/thefoundation.gr\/\">M\u0101jaslapa<\/a><\/p>\n<\/li>\n<li>\n<p>        <img decoding=\"async\" src=\"\/wp-content\/uploads\/2023\/06\/cardetLogo-13.png\" alt=\"\"><\/p>\n<h3>CARDET<\/h3>\n<div>\n<p>CARDET ir vado\u0161ais p\u0113tniec\u012bbas un att\u012bst\u012bbas centrs Vidusj\u016bras re\u0123ion\u0101, kam ir glob\u0101la pieredze profesion\u0101l\u0101s izgl\u012bt\u012bbas un apm\u0101c\u012bbas, uz\u0146\u0113m\u0113jdarb\u012bbas digit\u0101lo prasmju un sp\u0113ju veido\u0161anas jom\u0101. K\u0101 liel\u0101kais neatkar\u012bgais bezpe\u013c\u0146as centrs, kas atrodas Kipr\u0101, CARDET ir neatkar\u012bgi saist\u012bts ar universit\u0101t\u0113m un instit\u016bcij\u0101m no visas pasaules, piem\u0113ram, J\u0113las Universit\u0101ti, Nikosijas Universit\u0101ti un Starptautisko Izgl\u012bt\u012bbas mediju padomi.<\/p>\n<\/div>\n<p><a href=\"https:\/\/www.cardet.org\">M\u0101jaslapa<\/a><\/p>\n<\/li>\n<li>\n<p>        <img decoding=\"async\" src=\"\/wp-content\/uploads\/2023\/06\/Disruptia_logo_cuadrado_pos_con-marco.png\" alt=\"\"><\/p>\n<h3>DISRUPTIA<\/h3>\n<div>\n<p>DISRUPTIA ir digit\u0101l\u0101s transform\u0101cijas eksperts, kas vied\u0101s tehnolo\u0123ijas redz k\u0101 sp\u0113les main\u012b\u0161anas r\u012bkus, lai piln\u012bb\u0101 izmantotu digitaliz\u0101cijas sniegt\u0101s iesp\u0113jas ilgtsp\u0113j\u012bgas n\u0101kotnes sabiedr\u012bbas veido\u0161an\u0101. DISRUPTIA atbalsta izgl\u012bt\u012bbas iest\u0101des un valsts iest\u0101des, lai defin\u0113tu skaidrus m\u0113r\u0137us efekt\u012bvai digit\u0101l\u0101s transform\u0101cijas strat\u0113\u0123ijai, veicinot augstas veiktsp\u0113jas digit\u0101l\u0101s izgl\u012bt\u012bbas ekosist\u0113mas att\u012bst\u012bbu un digit\u0101l\u0101s transform\u0101cijas digit\u0101lo prasmju un kompeten\u010du uzlabo\u0161anu.<\/p>\n<\/div>\n<p><a href=\"https:\/\/www.disruptia.es\">M\u0101jaslapa<\/a><\/p>\n<\/li>\n<li>\n<p>        <img decoding=\"async\" src=\"\/wp-content\/uploads\/2023\/06\/Logo-Training-2000-1.jpg\" alt=\"\"><\/p>\n<h3>Training 2000<\/h3>\n<div>\n<p><span><\/span>TRAINING 2000 ir Markes re\u0123iona re\u0123ion\u0101l\u0101s apm\u0101c\u012bbas sertific\u0113ts pieaugu\u0161o izgl\u012bt\u012bbas centrs, kam ir pieredze izgl\u012bt\u012bbas un apm\u0101c\u012bbas jom\u0101 da\u017e\u0101d\u0101s ekonomikas nozar\u0113s. Training 2000 ir iesaist\u012bts inovat\u012bva m\u0101c\u012bbu satura un jaunu metodolo\u0123iju (jaukt\u0101s m\u0101c\u012b\u0161an\u0101s) p\u0113tniec\u012bb\u0101 un izstr\u0101d\u0113, lai paaugstin\u0101tu un p\u0101rkvalific\u0113tu pieaugu\u0161os.<\/p>\n<\/div>\n<p><a href=\"https:\/\/www.training2000.it\">M\u0101jaslapa<\/a><\/p>\n<\/li>\n<li>\n<p>        <img decoding=\"async\" src=\"\/wp-content\/uploads\/2023\/06\/Screenshot-2023-01-16-at-10-22-53-Home-Biedriba-Eurofortis.png\" alt=\"\"><\/p>\n<h3>BIEDRIBA EUROFORTIS<\/h3>\n<div>\n<p>Kop\u0161 2007. gada Eurofortis ir dinamisks \u010cehijas-Latvijas centrs, kas atrodas R\u012bg\u0101, Latvij\u0101. Organiz\u0101cija str\u0101d\u0101 apm\u0101c\u012bbu, person\u012bg\u0101s un profesion\u0101l\u0101s kompetences pilnveides jom\u0101. Biedr\u012bba Eurofortis akt\u012bvi piedal\u0101s Eiropas izgl\u012bt\u012bbas projektos, kas tiek \u012bstenoti Erasmus+ programmas ietvaros, un nodro\u0161ina izgl\u012btojo\u0161u un m\u016bsdien\u012bgu m\u0101c\u012bbu materi\u0101lu, r\u012bku un meto\u017eu pieejam\u012bbu, k\u0101 ar\u012b semin\u0101rus un da\u017e\u0101das apm\u0101c\u012bbas projektu ietvaros, kuru galvenais m\u0113r\u0137is ir da\u017e\u0101du kompeten\u010du un zin\u0101\u0161anu apzin\u0101\u0161ana, att\u012bst\u012b\u0161ana un pilnveido\u0161ana.<\/p>\n<\/div>\n<p><a href=\"https:\/\/www.eurofortis.lv\">M\u0101jaslapa<\/a><\/p>\n<\/li>\n<\/ul>\n<p><!--more--><br \/>\n<!-- {\"type\":\"layout\",\"children\":[{\"type\":\"section\",\"props\":{\"image_position\":\"center-center\",\"padding_remove_top\":true,\"style\":\"default\",\"title_breakpoint\":\"xl\",\"title_position\":\"top-left\",\"title_rotation\":\"left\",\"vertical_align\":\"middle\",\"width\":\"default\"},\"children\":[{\"type\":\"row\",\"children\":[{\"type\":\"column\",\"props\":{\"image_position\":\"center-center\",\"media_overlay_gradient\":\"\",\"position_sticky_breakpoint\":\"m\"},\"children\":[{\"type\":\"headline\",\"props\":{\"text_align\":\"left\",\"title_color\":\"primary\",\"title_element\":\"h1\",\"title_style\":\"h1\"},\"name\":\"headline-pages\",\"source\":{\"query\":{\"name\":\"pages.singlePage\"},\"props\":{\"content\":{\"filters\":{\"search\":\"\"},\"name\":\"title\"}}}}]}]},{\"type\":\"row\",\"children\":[{\"type\":\"column\",\"props\":{\"image_position\":\"center-center\",\"media_overlay_gradient\":\"\",\"position_sticky_breakpoint\":\"m\"},\"children\":[{\"type\":\"text\",\"props\":{\"column_breakpoint\":\"m\",\"content\":\"\n\n<p><span>Projekta EduChampions m\\u0113r\\u0137is ir pal\\u012bdz\\u0113t izstr\\u0101d\\u0101t un papla\\u0161in\\u0101t inovat\\u012bvu, iek\\u013caujo\\u0161u, elast\\u012bgu m\\u0101c\\u012bbu praksi, kas balst\\u012bta uz univers\\u0101l\\u0101 m\\u0101c\\u012bbu dizaina principiem un apvieno uz izgl\\u012btojamo v\\u0113rstu pedago\\u0123iju ar atbilsto\\u0161iem digit\\u0101lajiem m\\u0101c\\u012bbu r\\u012bkiem, veicinot uz\\u0146\\u0113m\\u0113jdarb\\u012bbas dom\\u0101\\u0161anu un attieksmi pedagogu vid\\u016b. Izgl\\u012bt\\u012bbai ir potenci\\u0101ls efekt\\u012bvi utiliz\\u0113t apst\\u0101k\\u013cus, palielinot cilv\\u0113ku pa\\u0161reiz\\u0113j\\u0101s un n\\u0101kotnes iesp\\u0113jas, kas ir \\u0101rk\\u0101rt\\u012bgi svar\\u012bgi, \\u0146emot v\\u0113r\\u0101 to, ka pieaug cilv\\u0113ku grupa, kas saskaras ar \\u0123eopolitisko, <\\\/span><span>kultur\\u0101lo, soci\\u0101lo, ekonomisko, k\\u0101 ar\\u012b izgl\\u012bt\\u012bbas pieejam\\u012bbas faktoru izrais\\u012bt\\u0101m probl\\u0113m\\u0101m.<\\\/span><\\\/p>\",\"margin\":\"default\"}}]}]},{\"type\":\"row\",\"children\":[{\"type\":\"column\",\"props\":{\"image_position\":\"center-center\",\"media_overlay_gradient\":\"\",\"position_sticky_breakpoint\":\"m\",\"vertical_align\":\"middle\",\"width_medium\":\"2-3\"},\"children\":[{\"type\":\"headline\",\"props\":{\"content\":\"M\\u0113r\\u0137i\",\"title_color\":\"success\",\"title_element\":\"h3\"}},{\"type\":\"text\",\"props\":{\"column_breakpoint\":\"m\",\"content\":\"\\n\n\n<ol>\\n\n\n<li><span>apkopot da\\u017e\\u0101du valstu iedvesmojo\\u0161us piem\\u0113rus un st\\u0101stus par izgl\\u012bt\\u012bbas speci\\u0101listiem, kas veicina univers\\u0101l\\u0101 m\\u0101c\\u012bbu dizaina iedvesmotu, uz izgl\\u012btojamo orient\\u0113tu, digitaliz\\u0113tu m\\u0101c\\u012bbu praksi un izplata to sav\\u0101s kopien\\u0101s, lai pal\\u012bdz\\u0113tu ieviest skaidr\\u012bbu par svar\\u012bg\\u0101m pedago\\u0123ijas, tehnolo\\u0123iju un uz\\u0146\\u0113m\\u0113jdarb\\u012bbas dimensij\\u0101m \\u0161aj\\u0101 proces\\u0101;<br \\\/><\\\/span><\\\/li><br \/>\\n\\n\\n\n\n<li><span>vairot inform\\u0113t\\u012bbu par \\u0161o paradigmas mai\\u0146u un izgl\\u012bt\\u012bbas speci\\u0101listu lomu \\u0161aj\\u0101 proces\\u0101 \\u2013 paradigmas ievie\\u0161an\\u0101 un izplat\\u012b\\u0161an\\u0101;<br \\\/><\\\/span><\\\/li><br \/>\\n\\n\\n\\n\n\n<li><span>pal\\u012bdz\\u0113t pedagogiem stiprin\\u0101t vi\\u0146u kompetenci uz izgl\\u012btojamo v\\u0113rstu strat\\u0113\\u0123iju izstr\\u0101d\\u0113, m\\u0113r\\u0137tiec\\u012bgi izmantojot digit\\u0101los r\\u012bkus m\\u0101c\\u012bb\\u0101m, k\\u0101 ar\\u012b iek\\u013caujo\\u0161\\u0101k\\u0101 un visaptvero\\u0161\\u0101k\\u0101 veid\\u0101 risinot izgl\\u012btojamo vajadz\\u012bbas;<br \\\/><\\\/span><\\\/li><br \/>\\n\\n\\n\\n\\n\n\n<li><span>sekm\\u0113t ar inovat\\u012bv\\u0101m, iek\\u013caujo\\u0161\\u0101m un elast\\u012bg\\u0101m m\\u0101c\\u012b\\u0161an\\u0101s pieej\\u0101m saist\\u012btas lab\\u0101s prakses izplat\\u012b\\u0161anu PIA sektor\\u0101 un papla\\u0161in\\u0101t to ar\\u012b uz citiem izgl\\u012bt\\u012bbas pied\\u0101v\\u0101jumiem.<\\\/span><\\\/li>\\n<\\\/ol>\",\"margin\":\"default\"}}]},{\"type\":\"column\",\"props\":{\"image_position\":\"center-center\",\"media_overlay_gradient\":\"\",\"position_sticky_breakpoint\":\"m\",\"vertical_align\":\"middle\",\"width_medium\":\"1-3\"},\"children\":[{\"type\":\"image\",\"props\":{\"image\":\"wp-content\\\/uploads\\\/2023\\\/06\\\/inner-about-12.png\",\"image_svg_color\":\"emphasis\",\"margin\":\"default\"}}]}],\"props\":{\"layout\":\"2-3,1-3\"}},{\"type\":\"row\",\"children\":[{\"type\":\"column\",\"props\":{\"image_position\":\"center-center\",\"media_overlay_gradient\":\"\",\"position_sticky_breakpoint\":\"m\"},\"children\":[{\"type\":\"headline\",\"props\":{\"content\":\"Partneri\",\"title_color\":\"success\",\"title_element\":\"h3\"}}]}]},{\"type\":\"row\",\"children\":[{\"type\":\"column\",\"props\":{\"image_position\":\"center-center\",\"media_overlay_gradient\":\"\",\"position_sticky_breakpoint\":\"m\"},\"children\":[{\"name\":\"Accordion Image Top\",\"type\":\"accordion\",\"children\":[{\"name\":\"\",\"type\":\"accordion_item\",\"props\":{\"content\":\"Ikaslan ir 28 valsts arodskolu apvien\\u012bba Basku zem\\u0113 Sp\\u0101nij\\u0101, Bizkaijas re\\u0123ion\\u0101. T\\u0101 pied\\u0101v\\u0101 s\\u0101kotn\\u0113jo profesion\\u0101lo izgl\\u012bt\\u012bbu p\\u0113c oblig\\u0101t\\u0101s izgl\\u012bt\\u012bbas ieg\\u016b\\u0161anas un t\\u0101l\\u0101kizgl\\u012bt\\u012bbu darba \\u0146\\u0113m\\u0113jiem, bezdarbniekiem un bezdarba riskam pak\\u013cautaj\\u0101m person\\u0101m. \",\"image\":\"wp-content\\\/uploads\\\/2023\\\/06\\\/Logo-Ikaslan.png\",\"link\":\"https:\\\/\\\/www.ikaslanbizkaia.eus\",\"link_text\":\"M\\u0101jaslapa\",\"title\":\"Ikaslan Bizkaia\"}},{\"name\":\"\",\"type\":\"accordion_item\",\"props\":{\"content\":\"\n\n<p><span>Mindshift ir konsult\\u0101ciju uz\\u0146\\u0113mums, kas specializ\\u0113jas cilv\\u0113kresursu jom\\u0101 un invest\\u0113 cilv\\u0113ku kompetences uzlabo\\u0161an\\u0101 un pilnveido\\u0161an\\u0101, lai veicin\\u0101tu organiz\\u0101ciju un sabiedr\\u012bbas digit\\u0101lo briedumu.<\\\/span><\\\/p>\\n\n\n<p><span>Mindshift darbojas gan nacion\\u0101laj\\u0101, gan starptautiskaj\\u0101 tirg\\u016b \\u0161\\u0101d\\u0101s pamatdarb\\u012bbas jom\\u0101s: kompeten\\u010du nov\\u0113rt\\u0113\\u0161ana un att\\u012bst\\u012b\\u0161ana, apm\\u0101c\\u012bbas, kou\\u010dings un mentorings, karjeras vad\\u012bba un person\\u012bg\\u0101s att\\u012bst\\u012bbas pl\\u0101ni, darbasp\\u0113ka sagatavo\\u0161ana jaunaj\\u0101m darba tirgus pras\\u012bb\\u0101m, jauno talantu iek\\u013cau\\u0161ana sta\\u017eieru programm\\u0101s, komunik\\u0101cijas strat\\u0113\\u0123iju izstr\\u0101de soci\\u0101lajos t\\u012bklos.\\u00a0 <\\\/span><\\\/p>\",\"image\":\"wp-content\\\/uploads\\\/2023\\\/06\\\/Mindshift_logo.png\",\"link\":\"https:\\\/\\\/www.mindshift.pt\",\"link_text\":\"M\\u0101jaslapa\",\"title\":\"Mindshift\"}},{\"name\":\"\",\"type\":\"accordion_item\",\"props\":{\"content\":\"\n\n<p><span>IGEA ir nevalstiska organiz\\u0101cija, kas dibin\\u0101ta Burs\\u0101 un \\u012bsteno da\\u017e\\u0101das starptautiskas aktivit\\u0101tes. <\\\/span><\\\/p>\\n\n\n<p><span>Organiz\\u0101cijas galvenie m\\u0113r\\u0137i ir: veicin\\u0101t soci\\u0101l\\u0101s inov\\u0101cijas, rad\\u012bt jaunas iesp\\u0113jas jaunie\\u0161iem un pieaugu\\u0161ajiem un str\\u0101d\\u0101t pie vi\\u0146u nodarbin\\u0101t\\u012bbas; uzlabot indiv\\u012bdu soci\\u0101lo apzi\\u0146u, kuri seko zin\\u0101tnei un tehnolo\\u0123ij\\u0101m un kuriem ir sp\\u0113ja efekt\\u012bvi komunic\\u0113t vesel\\u012bbas un izgl\\u012bt\\u012bbas jom\\u0101.<\\\/span><\\\/p>\",\"image\":\"wp-content\\\/uploads\\\/2023\\\/06\\\/logo-landscape-blue.png\",\"link\":\"http:\\\/\\\/www.igea.org.tr\",\"link_text\":\"M\\u0101jaslapa\",\"title\":\"Giri\\u015fimcilik E\\u011fitimve Ara\\u015ft\\u0131rma Derne\\u011f\"}},{\"name\":\"\",\"type\":\"accordion_item\",\"props\":{\"content\":\"\n\n<p>Found.ation ir inov\\u0101ciju vad\\u012bbas konsult\\u0101ciju uz\\u0146\\u0113mums, kas aizraut\\u012bgi p\\u0101rveido organiz\\u0101cijas un komandas, aktiviz\\u0113jot jaunas prasmes un revolucion\\u0101ras metodolo\\u0123ijas.<\\\/p>\",\"image\":\"wp-content\\\/uploads\\\/2023\\\/06\\\/Screenshot-2023-01-16-at-10-24-27-Team-Found.ation_.png\",\"link\":\"https:\\\/\\\/thefoundation.gr\\\/\",\"link_text\":\"M\\u0101jaslapa\",\"title\":\"Found.ation\"}},{\"type\":\"accordion_item\",\"props\":{\"content\":\"\n\n<p>CARDET ir vado\\u0161ais p\\u0113tniec\\u012bbas un att\\u012bst\\u012bbas centrs Vidusj\\u016bras re\\u0123ion\\u0101, kam ir glob\\u0101la pieredze profesion\\u0101l\\u0101s izgl\\u012bt\\u012bbas un apm\\u0101c\\u012bbas, uz\\u0146\\u0113m\\u0113jdarb\\u012bbas digit\\u0101lo prasmju un sp\\u0113ju veido\\u0161anas jom\\u0101. K\\u0101 liel\\u0101kais neatkar\\u012bgais bezpe\\u013c\\u0146as centrs, kas atrodas Kipr\\u0101, CARDET ir neatkar\\u012bgi saist\\u012bts ar universit\\u0101t\\u0113m un instit\\u016bcij\\u0101m no visas pasaules, piem\\u0113ram, J\\u0113las Universit\\u0101ti, Nikosijas Universit\\u0101ti un Starptautisko Izgl\\u012bt\\u012bbas mediju padomi.<\\\/p>\",\"image\":\"wp-content\\\/uploads\\\/2023\\\/06\\\/cardetLogo-13.png\",\"link\":\"https:\\\/\\\/www.cardet.org\",\"link_text\":\"M\\u0101jaslapa\",\"title\":\"CARDET\"}},{\"type\":\"accordion_item\",\"props\":{\"content\":\"\n\n<p>DISRUPTIA ir digit\\u0101l\\u0101s transform\\u0101cijas eksperts, kas vied\\u0101s tehnolo\\u0123ijas redz k\\u0101 sp\\u0113les main\\u012b\\u0161anas r\\u012bkus, lai piln\\u012bb\\u0101 izmantotu digitaliz\\u0101cijas sniegt\\u0101s iesp\\u0113jas ilgtsp\\u0113j\\u012bgas n\\u0101kotnes sabiedr\\u012bbas veido\\u0161an\\u0101. DISRUPTIA atbalsta izgl\\u012bt\\u012bbas iest\\u0101des un valsts iest\\u0101des, lai defin\\u0113tu skaidrus m\\u0113r\\u0137us efekt\\u012bvai digit\\u0101l\\u0101s transform\\u0101cijas strat\\u0113\\u0123ijai, veicinot augstas veiktsp\\u0113jas digit\\u0101l\\u0101s izgl\\u012bt\\u012bbas ekosist\\u0113mas att\\u012bst\\u012bbu un digit\\u0101l\\u0101s transform\\u0101cijas digit\\u0101lo prasmju un kompeten\\u010du uzlabo\\u0161anu.<\\\/p>\",\"image\":\"wp-content\\\/uploads\\\/2023\\\/06\\\/Disruptia_logo_cuadrado_pos_con-marco.png\",\"link\":\"https:\\\/\\\/www.disruptia.es\",\"link_text\":\"M\\u0101jaslapa\",\"title\":\"DISRUPTIA\"}},{\"type\":\"accordion_item\",\"props\":{\"content\":\"\n\n<p><span><\\\/span>TRAINING 2000 ir Markes re\\u0123iona re\\u0123ion\\u0101l\\u0101s apm\\u0101c\\u012bbas sertific\\u0113ts pieaugu\\u0161o izgl\\u012bt\\u012bbas centrs, kam ir pieredze izgl\\u012bt\\u012bbas un apm\\u0101c\\u012bbas jom\\u0101 da\\u017e\\u0101d\\u0101s ekonomikas nozar\\u0113s. Training 2000 ir iesaist\\u012bts inovat\\u012bva m\\u0101c\\u012bbu satura un jaunu metodolo\\u0123iju (jaukt\\u0101s m\\u0101c\\u012b\\u0161an\\u0101s) p\\u0113tniec\\u012bb\\u0101 un izstr\\u0101d\\u0113, lai paaugstin\\u0101tu un p\\u0101rkvalific\\u0113tu pieaugu\\u0161os.<\\\/p>\",\"image\":\"wp-content\\\/uploads\\\/2023\\\/06\\\/Logo-Training-2000-1.jpg\",\"link\":\"https:\\\/\\\/www.training2000.it\",\"link_text\":\"M\\u0101jaslapa\",\"title\":\"Training 2000\"}},{\"type\":\"accordion_item\",\"props\":{\"content\":\"\n\n<p>Kop\\u0161 2007. gada Eurofortis ir dinamisks \\u010cehijas-Latvijas centrs, kas atrodas R\\u012bg\\u0101, Latvij\\u0101. Organiz\\u0101cija str\\u0101d\\u0101 apm\\u0101c\\u012bbu, person\\u012bg\\u0101s un profesion\\u0101l\\u0101s kompetences pilnveides jom\\u0101. Biedr\\u012bba Eurofortis akt\\u012bvi piedal\\u0101s Eiropas izgl\\u012bt\\u012bbas projektos, kas tiek \\u012bstenoti Erasmus+ programmas ietvaros, un nodro\\u0161ina izgl\\u012btojo\\u0161u un m\\u016bsdien\\u012bgu m\\u0101c\\u012bbu materi\\u0101lu, r\\u012bku un meto\\u017eu pieejam\\u012bbu, k\\u0101 ar\\u012b semin\\u0101rus un da\\u017e\\u0101das apm\\u0101c\\u012bbas projektu ietvaros, kuru galvenais m\\u0113r\\u0137is ir da\\u017e\\u0101du kompeten\\u010du un zin\\u0101\\u0161anu apzin\\u0101\\u0161ana, att\\u012bst\\u012b\\u0161ana un pilnveido\\u0161ana.<\\\/p>\",\"image\":\"wp-content\\\/uploads\\\/2023\\\/06\\\/Screenshot-2023-01-16-at-10-22-53-Home-Biedriba-Eurofortis.png\",\"link\":\"https:\\\/\\\/www.eurofortis.lv\",\"link_text\":\"M\\u0101jaslapa\",\"title\":\"BIEDRIBA EUROFORTIS\"}}],\"props\":{\"class\":\"partners-accordion\",\"collapsible\":false,\"content_column\":\"\",\"content_column_breakpoint\":\"m\",\"content_dropcap\":false,\"image_align\":\"left\",\"image_grid_breakpoint\":\"m\",\"image_grid_width\":\"1-4\",\"image_svg_color\":\"emphasis\",\"image_vertical_align\":true,\"link_style\":\"primary\",\"link_target\":true,\"link_text\":\"[website_text]\",\"multiple\":false,\"show_image\":true,\"show_link\":true,\"text_align\":\"center\",\"title_element\":\"h3\"}}]}]}]}],\"version\":\"3.0.20\"} --><\/p>\n","protected":false},"excerpt":{"rendered":"<p>Projekta EduChampions m\u0113r\u0137is ir pal\u012bdz\u0113t izstr\u0101d\u0101t un papla\u0161in\u0101t inovat\u012bvu, iek\u013caujo\u0161u, elast\u012bgu m\u0101c\u012bbu praksi, kas balst\u012bta uz univers\u0101l\u0101 m\u0101c\u012bbu dizaina principiem un apvieno uz izgl\u012btojamo v\u0113rstu..<\/p>\n","protected":false},"author":1,"featured_media":0,"parent":0,"menu_order":0,"comment_status":"closed","ping_status":"closed","template":"","meta":{"_acf_changed":false,"inline_featured_image":false,"footnotes":""},"class_list":["post-1086","page","type-page","status-publish","hentry"],"acf":[],"_links":{"self":[{"href":"https:\/\/educhampions.eu\/lv\/wp-json\/wp\/v2\/pages\/1086","targetHints":{"allow":["GET"]}}],"collection":[{"href":"https:\/\/educhampions.eu\/lv\/wp-json\/wp\/v2\/pages"}],"about":[{"href":"https:\/\/educhampions.eu\/lv\/wp-json\/wp\/v2\/types\/page"}],"author":[{"embeddable":true,"href":"https:\/\/educhampions.eu\/lv\/wp-json\/wp\/v2\/users\/1"}],"replies":[{"embeddable":true,"href":"https:\/\/educhampions.eu\/lv\/wp-json\/wp\/v2\/comments?post=1086"}],"version-history":[{"count":6,"href":"https:\/\/educhampions.eu\/lv\/wp-json\/wp\/v2\/pages\/1086\/revisions"}],"predecessor-version":[{"id":1170,"href":"https:\/\/educhampions.eu\/lv\/wp-json\/wp\/v2\/pages\/1086\/revisions\/1170"}],"wp:attachment":[{"href":"https:\/\/educhampions.eu\/lv\/wp-json\/wp\/v2\/media?parent=1086"}],"curies":[{"name":"wp","href":"https:\/\/api.w.org\/{rel}","templated":true}]}}