{"id":1080,"date":"2022-02-24T14:11:37","date_gmt":"2022-02-24T14:11:37","guid":{"rendered":"https:\/\/educhampions.eu\/home\/"},"modified":"2023-12-20T12:47:40","modified_gmt":"2023-12-20T12:47:40","slug":"home","status":"publish","type":"page","link":"https:\/\/educhampions.eu\/lv\/","title":{"rendered":"Galven\u0101 lapa"},"content":{"rendered":"<h1><span class=\"HwtZe\" jsaction=\"mouseup:Sxi9L,BR6jm; mousedown:qjlr0e\" jsname=\"jqKxS\" lang=\"lv\"><span jsaction=\"agoMJf:PFBcW;MZfLnc:P7O7bd;nt4Alf:pvnm0e,pfE8Hb,PFBcW;B01qod:dJXsye;H1e5u:iXtTIf;lYIUJf:hij5Wb;bmeZHc:iURhpf;Oxj3Xe:qAKMYb,yaf12d\" jsname=\"txFAF\" class=\"jCAhz ChMk0b\" jscontroller=\"Gn4SMb\"><span class=\"ryNqvb\" jsaction=\"click:E6Tfl,GFf3ac,tMZCfe; contextmenu:Nqw7Te,QP7LD; mouseout:Nqw7Te; mouseover:E6Tfl,c2aHje\" jsname=\"W297wb\">Veicin\u0101t izgl\u012bt\u012bbas uz\u0146\u0113m\u0113jdarb\u012bbu,<br \/>lai<\/span><\/span><span jsaction=\"agoMJf:PFBcW;MZfLnc:P7O7bd;nt4Alf:pvnm0e,pfE8Hb,PFBcW;B01qod:dJXsye;H1e5u:iXtTIf;lYIUJf:hij5Wb;bmeZHc:iURhpf;Oxj3Xe:qAKMYb,yaf12d\" jsname=\"txFAF\" class=\"jCAhz\" jscontroller=\"Gn4SMb\"><span class=\"ryNqvb\" jsaction=\"click:E6Tfl,GFf3ac,tMZCfe; contextmenu:Nqw7Te,QP7LD; mouseout:Nqw7Te; mouseover:E6Tfl,c2aHje\" jsname=\"W297wb\"> <\/span><\/span><span jsaction=\"agoMJf:PFBcW;MZfLnc:P7O7bd;nt4Alf:pvnm0e,pfE8Hb,PFBcW;B01qod:dJXsye;H1e5u:iXtTIf;lYIUJf:hij5Wb;bmeZHc:iURhpf;Oxj3Xe:qAKMYb,yaf12d\" jsname=\"txFAF\" class=\"jCAhz ChMk0b\" jscontroller=\"Gn4SMb\"><span class=\"ryNqvb\" jsaction=\"click:E6Tfl,GFf3ac,tMZCfe; contextmenu:Nqw7Te,QP7LD; mouseout:Nqw7Te; mouseover:E6Tfl,c2aHje\" jsname=\"W297wb\">aptvert audz\u0113k\u0146u da\u017e\u0101d\u012bbu<\/span><\/span><\/span><\/h1>\n<p><img decoding=\"async\" src=\"\/wp-content\/uploads\/2023\/06\/home-intro.png\" alt=\"\"><br \/>\n<img decoding=\"async\" src=\"\/wp-content\/uploads\/2023\/06\/home-about.png\" alt=\"\"><\/p>\n<h2>Par projektu<\/h2>\n<div>\n<p class=\"MsoNormal\"><span lang=\"EN-US\">Projekta EduChampions m\u0113r\u0137is ir pal\u012bdz\u0113t izstr\u0101d\u0101t un papla\u0161in\u0101t inovat\u012bvu, iek\u013caujo\u0161u, elast\u012bgu m\u0101c\u012bbu praksi, kas balst\u012bta uz univers\u0101l\u0101 m\u0101c\u012bbu dizaina principiem un apvieno uz izgl\u012btojamo v\u0113rstu pedago\u0123iju ar atbilsto\u0161iem digit\u0101lajiem m\u0101c\u012bbu r\u012bkiem, veicinot uz\u0146\u0113m\u0113jdarb\u012bbas dom\u0101\u0161anu un attieksmi pedagogu vid\u016b. Izgl\u012bt\u012bbai ir potenci\u0101ls efekt\u012bvi utiliz\u0113t apst\u0101k\u013cus, palielinot cilv\u0113ku pa\u0161reiz\u0113j\u0101s un n\u0101kotnes iesp\u0113jas, kas ir \u0101rk\u0101rt\u012bgi svar\u012bgi, \u0146emot v\u0113r\u0101 to, ka pieaug cilv\u0113ku grupa, kas saskaras ar \u0123eopolitisko,<\/span><\/p>\n<p class=\"MsoNormal\">kultur\u0101lo, soci\u0101lo, ekonomisko, k\u0101 ar\u012b izgl\u012bt\u012bbas pieejam\u012bbas faktoru izrais\u012bt\u0101m probl\u0113m\u0101m.<\/p>\n<\/div>\n<p>\n    <a href=\"\/lv\/about\/\">Uzzin\u0101t vair\u0101k<\/a>\n<\/p>\n<h2>Jaunumi<\/h2>\n<div>\n<\/div>\n<p>\n    <a href=\"\/lv\/category\/news-lv\/\">Visas zi\u0146as<\/a>\n<\/p>\n<p><!--more--><br \/>\n<!-- {\"type\":\"layout\",\"children\":[{\"type\":\"section\",\"props\":{\"animation\":\"fade\",\"height\":\"section\",\"image_position\":\"center-center\",\"padding_remove_bottom\":true,\"sticky\":\"cover\",\"style\":\"default\",\"title_breakpoint\":\"xl\",\"title_position\":\"top-left\",\"title_rotation\":\"left\",\"vertical_align\":\"\",\"width\":\"default\"},\"children\":[{\"type\":\"row\",\"children\":[{\"type\":\"column\",\"props\":{\"image_position\":\"center-center\",\"media_overlay_gradient\":\"\",\"position_sticky_breakpoint\":\"m\"},\"children\":[{\"type\":\"headline\",\"props\":{\"animation\":\"slide-top-small\",\"content\":\"<span class=\\\"HwtZe\\\" jsaction=\\\"mouseup:Sxi9L,BR6jm; mousedown:qjlr0e\\\" jsname=\\\"jqKxS\\\" lang=\\\"lv\\\"><span jsaction=\\\"agoMJf:PFBcW;MZfLnc:P7O7bd;nt4Alf:pvnm0e,pfE8Hb,PFBcW;B01qod:dJXsye;H1e5u:iXtTIf;lYIUJf:hij5Wb;bmeZHc:iURhpf;Oxj3Xe:qAKMYb,yaf12d\\\" jsname=\\\"txFAF\\\" class=\\\"jCAhz ChMk0b\\\" jscontroller=\\\"Gn4SMb\\\"><span class=\\\"ryNqvb\\\" jsaction=\\\"click:E6Tfl,GFf3ac,tMZCfe; contextmenu:Nqw7Te,QP7LD; mouseout:Nqw7Te; mouseover:E6Tfl,c2aHje\\\" jsname=\\\"W297wb\\\">Veicin\\u0101t izgl\\u012bt\\u012bbas uz\\u0146\\u0113m\\u0113jdarb\\u012bbu,<br \\\/>lai<\\\/span><\\\/span><span jsaction=\\\"agoMJf:PFBcW;MZfLnc:P7O7bd;nt4Alf:pvnm0e,pfE8Hb,PFBcW;B01qod:dJXsye;H1e5u:iXtTIf;lYIUJf:hij5Wb;bmeZHc:iURhpf;Oxj3Xe:qAKMYb,yaf12d\\\" jsname=\\\"txFAF\\\" class=\\\"jCAhz\\\" jscontroller=\\\"Gn4SMb\\\"><span class=\\\"ryNqvb\\\" jsaction=\\\"click:E6Tfl,GFf3ac,tMZCfe; contextmenu:Nqw7Te,QP7LD; mouseout:Nqw7Te; mouseover:E6Tfl,c2aHje\\\" jsname=\\\"W297wb\\\"> <\\\/span><\\\/span><span jsaction=\\\"agoMJf:PFBcW;MZfLnc:P7O7bd;nt4Alf:pvnm0e,pfE8Hb,PFBcW;B01qod:dJXsye;H1e5u:iXtTIf;lYIUJf:hij5Wb;bmeZHc:iURhpf;Oxj3Xe:qAKMYb,yaf12d\\\" jsname=\\\"txFAF\\\" class=\\\"jCAhz ChMk0b\\\" jscontroller=\\\"Gn4SMb\\\"><span class=\\\"ryNqvb\\\" jsaction=\\\"click:E6Tfl,GFf3ac,tMZCfe; contextmenu:Nqw7Te,QP7LD; mouseout:Nqw7Te; mouseover:E6Tfl,c2aHje\\\" jsname=\\\"W297wb\\\">aptvert audz\\u0113k\\u0146u da\\u017e\\u0101d\\u012bbu<\\\/span><\\\/span><\\\/span>\",\"margin\":\"default\",\"margin_remove_top\":false,\"text_align\":\"center\",\"title_color\":\"primary\",\"title_element\":\"h1\"}},{\"type\":\"image\",\"props\":{\"animation\":\"slide-bottom-small\",\"image\":\"wp-content\\\/uploads\\\/2023\\\/06\\\/home-intro.png\",\"image_svg_color\":\"emphasis\",\"margin\":\"medium\",\"margin_remove_bottom\":true,\"text_align\":\"center\"}}]}]}]},{\"type\":\"section\",\"props\":{\"animation\":\"fade\",\"css\":\".el-section{\\n\\tborder-top: 3px solid #32015c;\\n}\",\"image_position\":\"center-center\",\"sticky\":\"cover\",\"style\":\"default\",\"title_breakpoint\":\"xl\",\"title_position\":\"top-left\",\"title_rotation\":\"left\",\"vertical_align\":\"middle\",\"width\":\"default\"},\"children\":[{\"type\":\"row\",\"props\":{\"column_gap\":\"large\",\"layout\":\"1-2,1-2\"},\"children\":[{\"type\":\"column\",\"props\":{\"image_position\":\"center-center\",\"media_overlay_gradient\":\"\",\"position_sticky_breakpoint\":\"m\",\"width_medium\":\"1-2\"},\"children\":[{\"type\":\"image\",\"props\":{\"image\":\"wp-content\\\/uploads\\\/2023\\\/06\\\/home-about.png\",\"image_svg_color\":\"emphasis\",\"margin\":\"default\"}}]},{\"type\":\"column\",\"props\":{\"image_position\":\"center-center\",\"media_overlay_gradient\":\"\",\"position_sticky_breakpoint\":\"m\",\"vertical_align\":\"middle\",\"width_medium\":\"1-2\"},\"children\":[{\"type\":\"headline\",\"props\":{\"content\":\"Par projektu\",\"title_color\":\"primary\",\"title_element\":\"h2\"}},{\"type\":\"text\",\"props\":{\"column_breakpoint\":\"m\",\"content\":\"\n\n<p class=\\\"MsoNormal\\\"><span lang=\\\"EN-US\\\">Projekta EduChampions m\\u0113r\\u0137is ir pal\\u012bdz\\u0113t izstr\\u0101d\\u0101t un papla\\u0161in\\u0101t inovat\\u012bvu, iek\\u013caujo\\u0161u, elast\\u012bgu m\\u0101c\\u012bbu praksi, kas balst\\u012bta uz univers\\u0101l\\u0101 m\\u0101c\\u012bbu dizaina principiem un apvieno uz izgl\\u012btojamo v\\u0113rstu pedago\\u0123iju ar atbilsto\\u0161iem digit\\u0101lajiem m\\u0101c\\u012bbu r\\u012bkiem, veicinot uz\\u0146\\u0113m\\u0113jdarb\\u012bbas dom\\u0101\\u0161anu un attieksmi pedagogu vid\\u016b. Izgl\\u012bt\\u012bbai ir potenci\\u0101ls efekt\\u012bvi utiliz\\u0113t apst\\u0101k\\u013cus, palielinot cilv\\u0113ku pa\\u0161reiz\\u0113j\\u0101s un n\\u0101kotnes iesp\\u0113jas, kas ir \\u0101rk\\u0101rt\\u012bgi svar\\u012bgi, \\u0146emot v\\u0113r\\u0101 to, ka pieaug cilv\\u0113ku grupa, kas saskaras ar \\u0123eopolitisko,<\\\/span><\\\/p>\\n\n\n<p class=\\\"MsoNormal\\\">kultur\\u0101lo, soci\\u0101lo, ekonomisko, k\\u0101 ar\\u012b izgl\\u012bt\\u012bbas pieejam\\u012bbas faktoru izrais\\u012bt\\u0101m probl\\u0113m\\u0101m.<\\\/p>\",\"margin\":\"default\"}},{\"type\":\"button\",\"props\":{\"grid_column_gap\":\"small\",\"grid_row_gap\":\"small\",\"margin\":\"default\"},\"children\":[{\"type\":\"button_item\",\"props\":{\"button_style\":\"primary\",\"content\":\"Uzzin\\u0101t vair\\u0101k\",\"icon_align\":\"left\",\"link\":\"\\\/lv\\\/about\\\/\"}}]}]}]}]},{\"type\":\"section\",\"props\":{\"css\":\".el-section{\\n\\tbackground: #4ea5c4;\\n}\",\"image_position\":\"center-center\",\"padding\":\"small\",\"style\":\"default\",\"title_breakpoint\":\"xl\",\"title_position\":\"top-left\",\"title_rotation\":\"left\",\"vertical_align\":\"middle\",\"width\":\"default\"},\"children\":[{\"type\":\"row\",\"children\":[{\"type\":\"column\",\"props\":{\"image_position\":\"center-center\",\"media_overlay_gradient\":\"\",\"position_sticky_breakpoint\":\"m\"},\"children\":[{\"type\":\"headline\",\"props\":{\"content\":\"[news_header]\",\"css\":\".el-element{\\n\\tcolor: #fff;\\n    text-transform: uppercase;\\n}\",\"text_align\":\"center\",\"title_element\":\"h2\",\"title_style\":\"h2\"}},{\"type\":\"grid\",\"props\":{\"class\":\"news-grid\",\"content_column_breakpoint\":\"m\",\"css\":\".el-item{\\n    background: #fff;\\n    padding: 20px;\\n    border-radius: 40px;\\n    box-shadow: 4px 4px 6px 0 rgba(0 0 0 \\\/.28);\\n}\\n.el-content{\\n\\tmargin-top: 10px!important;\\n    padding-top: 0;\\n}\",\"filter_align\":\"left\",\"filter_all\":true,\"filter_grid_breakpoint\":\"m\",\"filter_grid_width\":\"auto\",\"filter_position\":\"top\",\"filter_style\":\"tab\",\"grid_default\":\"1\",\"grid_medium\":\"3\",\"grid_small\":\"3\",\"icon_width\":80,\"image_align\":\"top\",\"image_grid_breakpoint\":\"m\",\"image_grid_width\":\"1-2\",\"image_svg_color\":\"emphasis\",\"item_animation\":true,\"link_style\":\"secondary\",\"link_text\":\"\",\"margin\":\"default\",\"margin_remove_top\":false,\"meta_align\":\"below-title\",\"meta_element\":\"div\",\"meta_style\":\"text-meta\",\"panel_link\":true,\"parallax_easing\":\"1\",\"show_content\":true,\"show_image\":true,\"show_link\":true,\"show_meta\":true,\"show_title\":true,\"title_align\":\"top\",\"title_color\":\"success\",\"title_element\":\"h4\",\"title_grid_breakpoint\":\"m\",\"title_grid_width\":\"1-2\",\"title_hover_style\":\"reset\"},\"children\":[{\"type\":\"grid_item\",\"props\":{\"link_text\":\"\"},\"source\":{\"query\":{\"name\":\"posts.customPosts\",\"arguments\":{\"terms\":[10],\"category_operator\":\"IN\",\"post_tag_operator\":\"IN\",\"users\":[],\"users_operator\":\"IN\",\"offset\":0,\"limit\":10,\"order\":\"date\",\"order_direction\":\"DESC\"}},\"props\":{\"title\":{\"filters\":{\"search\":\"\"},\"name\":\"title\"},\"content\":{\"filters\":{\"search\":\"\"},\"name\":\"excerpt\"},\"image\":{\"filters\":{\"search\":\"\"},\"name\":\"featuredImage.url\"},\"link\":{\"filters\":{\"search\":\"\"},\"name\":\"link\"}}}}]},{\"type\":\"button\",\"props\":{\"grid_column_gap\":\"small\",\"grid_row_gap\":\"small\",\"margin\":\"default\",\"text_align\":\"center\"},\"children\":[{\"type\":\"button_item\",\"props\":{\"button_style\":\"primary\",\"content\":\"Visas zi\\u0146as\",\"icon_align\":\"left\",\"link\":\"\\\/lv\\\/category\\\/news-lv\\\/\"}}]}]}]}]}],\"version\":\"3.0.20\"} --><\/p>\n","protected":false},"excerpt":{"rendered":"<p>Veicin\u0101t izgl\u012bt\u012bbas uz\u0146\u0113m\u0113jdarb\u012bbu,lai aptvert audz\u0113k\u0146u da\u017e\u0101d\u012bbu Par projektu Projekta EduChampions m\u0113r\u0137is ir pal\u012bdz\u0113t izstr\u0101d\u0101t un papla\u0161in\u0101t inovat\u012bvu, iek\u013caujo\u0161u, elast\u012bgu m\u0101c\u012bbu praksi, kas balst\u012bta uz univers\u0101l\u0101..<\/p>\n","protected":false},"author":1,"featured_media":0,"parent":0,"menu_order":0,"comment_status":"closed","ping_status":"closed","template":"","meta":{"_acf_changed":false,"inline_featured_image":false,"footnotes":""},"class_list":["post-1080","page","type-page","status-publish","hentry"],"acf":[],"_links":{"self":[{"href":"https:\/\/educhampions.eu\/lv\/wp-json\/wp\/v2\/pages\/1080","targetHints":{"allow":["GET"]}}],"collection":[{"href":"https:\/\/educhampions.eu\/lv\/wp-json\/wp\/v2\/pages"}],"about":[{"href":"https:\/\/educhampions.eu\/lv\/wp-json\/wp\/v2\/types\/page"}],"author":[{"embeddable":true,"href":"https:\/\/educhampions.eu\/lv\/wp-json\/wp\/v2\/users\/1"}],"replies":[{"embeddable":true,"href":"https:\/\/educhampions.eu\/lv\/wp-json\/wp\/v2\/comments?post=1080"}],"version-history":[{"count":4,"href":"https:\/\/educhampions.eu\/lv\/wp-json\/wp\/v2\/pages\/1080\/revisions"}],"predecessor-version":[{"id":1162,"href":"https:\/\/educhampions.eu\/lv\/wp-json\/wp\/v2\/pages\/1080\/revisions\/1162"}],"wp:attachment":[{"href":"https:\/\/educhampions.eu\/lv\/wp-json\/wp\/v2\/media?parent=1080"}],"curies":[{"name":"wp","href":"https:\/\/api.w.org\/{rel}","templated":true}]}}