{"id":1085,"date":"2022-02-24T14:11:37","date_gmt":"2022-02-24T14:11:37","guid":{"rendered":"https:\/\/educhampions.eu\/about\/"},"modified":"2024-12-03T13:23:55","modified_gmt":"2024-12-03T13:23:55","slug":"about","status":"publish","type":"page","link":"https:\/\/educhampions.eu\/it\/about\/","title":{"rendered":"Il progetto"},"content":{"rendered":"<div>\n<p><span>Il progetto di EduChampions mira a promuovere e diffondere pratiche di apprendimento innovative, inclusive e flessibili. Queste pratiche si basano sui principi della Progettazione Universale per l&#8217;Apprendimento e combinano pedagogie incentrate sullo studente con l&#8217;utilizzo di strumenti digitali adeguati. L&#8217;obiettivo \u00e8 alimentare la mentalit\u00e0 e l&#8217;atteggiamento imprenditoriale tra gli educatori. L&#8217;istruzione ha il potenziale di sfruttare le qualit\u00e0\u00a0 e le opportunit\u00e0 delle persone, amplificando le possibilit\u00e0 presenti e future per ciascuno. Ci\u00f2 \u00e8 particolarmente importante considerando il crescente numero di persone che affrontano barriere sociali, geografiche, culturali ed economiche nell&#8217;accesso all&#8217;istruzione e alla formazione.<\/span><\/p>\n<\/div>\n<h3>Obiettivi<\/h3>\n<div>\n<ol>\n<li><span>raccogliere esempi e storie ispiratrici di edupreneur che promuovono pratiche di apprendimento basate sull&#8217;UDL, incentrate sullo studente e supportate dalla tecnologia digitale. L&#8217;obiettivo \u00e8 diffondere queste esperienze all&#8217;interno delle varie comunit\u00e0 locali al fine di chiarire aspetti pedagogici, tecnologici ed imprenditoriali fondamentali nel processo educativo.\n<p><\/span><\/li>\n<li><span>sensibilizzare l&#8217;opinione pubblica su questo cambio di paradigma e sul ruolo fondamentale degli edupreneur e dei campioni dell&#8217;istruzione nel renderlo possibile e scalabile.\n<p><\/span><\/li>\n<li><span>aiutare gli educatori a potenziare le loro competenze nella progettazione di strategie incentrate sullo studente, nell&#8217;uso mirato degli strumenti digitali per l&#8217;apprendimento e nella capacit\u00e0 di rispondere in modo pi\u00f9 inclusivo e completo alle esigenze degli studenti.\n<p><\/span><\/li>\n<li>promuovere la diffusione di buone pratiche per favorire opportunit\u00e0 di apprendimento innovative, inclusive e flessibili all&#8217;interno dell&#8217;ecosistema dell&#8217;istruzione e della formazione professionale, cercando di estendere tali pratiche anche ad altri ambiti formativi.<\/li>\n<\/ol>\n<\/div>\n<p><img decoding=\"async\" src=\"\/wp-content\/uploads\/2023\/06\/inner-about-12.png\" alt=\"\"><\/p>\n<h3>Partenariato<\/h3>\n<ul>\n<li>\n<p>        <img decoding=\"async\" src=\"\/wp-content\/uploads\/2023\/06\/Logo-Ikaslan.png\" alt=\"\"><\/p>\n<h3>Ikaslan Bizkaia<\/h3>\n<div>\n<p>Ikaslan \u00e8 un&#8217;associazione di 28 istituti di formazione professionale pubblici nella regione basca della Spagna, Bizkaia. Offre formazione professionale iniziale per gli studenti post-obbligo scolastico e formazione continua per lavoratori, disoccupati e coloro che rischiano la disoccupazione.<\/p>\n<\/div>\n<p><a href=\"https:\/\/www.ikaslanbizkaia.eus\">Sito web<\/a><\/p>\n<\/li>\n<li>\n<p>        <img decoding=\"async\" src=\"\/wp-content\/uploads\/2023\/06\/Mindshift_logo.png\" alt=\"\"><\/p>\n<h3>Mindshift<\/h3>\n<div>\n<p><span>Mindshift \u00e8 una societ\u00e0 di consulenza specializzata nelle risorse umane che investe nella performance e nello sviluppo delle competenze delle persone, cercando di potenziare la maturit\u00e0 digitale e interpersonale nelle organizzazioni e nella societ\u00e0.<\/span><\/p>\n<p>Mindshift opera sia a livello nazionale che internazionale, focalizzandosi sui seguenti settori principali: valutazione e sviluppo delle competenze e percorsi di sviluppo, formazione, coaching e mentoring, gestione della carriera e piani di sviluppo personale, preparazione della forza lavoro alle nuove esigenze del mercato del lavoro, integrazione dei giovani talenti nei programmi di formazione, progettazione di strategie di comunicazione nei social network.<\/p>\n<\/div>\n<p><a href=\"https:\/\/www.mindshift.pt\">Sito web<\/a><\/p>\n<\/li>\n<li>\n<p>        <img decoding=\"async\" src=\"\/wp-content\/uploads\/2023\/06\/logo-landscape-blue.png\" alt=\"\"><\/p>\n<h3>Giri\u015fimcilik E\u011fitimve Ara\u015ft\u0131rma Derne\u011f<\/h3>\n<div>\n<p><span>IGEA \u00e8 un&#8217;organizzazione non governativa fondata a Bursa e che svolge attivit\u00e0 internazionali. Il suo obiettivo \u00e8 promuovere l&#8217;innovazione sociale, creare nuove opportunit\u00e0 per giovani e adulti e lavorare per favorire l&#8217;occupazione. Inoltre, si impegna a migliorare la consapevolezza sociale delle persone che seguono scienza e tecnologia e che hanno la capacit\u00e0 di comunicare efficacemente nel campo della salute e dell&#8217;istruzione.<\/span><\/p>\n<\/div>\n<p><a href=\"http:\/\/www.igea.org.tr\">Sito web<\/a><\/p>\n<\/li>\n<li>\n<p>        <img decoding=\"async\" src=\"\/wp-content\/uploads\/2023\/06\/Screenshot-2023-01-16-at-10-24-27-Team-Found.ation_.png\" alt=\"\"><\/p>\n<h3>Found.ation<\/h3>\n<div>Found.ation \u00e8 una societ\u00e0 di consulenza per la gestione dell&#8217;innovazione che trasforma appassionatamente organizzazioni e team attivando nuove competenze e metodologie innovative.<\/div>\n<p><a href=\"https:\/\/thefoundation.gr\/\">Sito web<\/a><\/p>\n<\/li>\n<li>\n<p>        <img decoding=\"async\" src=\"\/wp-content\/uploads\/2023\/06\/cardetLogo-13.png\" alt=\"\"><\/p>\n<h3>CARDET<\/h3>\n<div>CARDET \u00e8 il principale centro di ricerca e sviluppo nella regione mediterranea che ha competenze globali nell&#8217;istruzione professionale (VET), nell&#8217;imprenditorialit\u00e0, nelle competenze digitali e nella costruzione di capacit\u00e0. Situato a Cipro, CARDET \u00e8 il pi\u00f9 grande centro indipendente no-profit nella sua sede e ha affiliamenti con prestigiose universit\u00e0 e istituzioni internazionali come la Yale University, l&#8217;Universit\u00e0 di Nicosia e il Consiglio Internazionale dei Media Educativi.<\/div>\n<p><a href=\"https:\/\/www.cardet.org\">Sito web<\/a><\/p>\n<\/li>\n<li>\n<p>        <img decoding=\"async\" src=\"\/wp-content\/uploads\/2023\/06\/Disruptia_logo_cuadrado_pos_con-marco.png\" alt=\"\"><\/p>\n<h3>DISRUPTIA<\/h3>\n<div>DISRUPTIA \u00e8 un&#8217;azienda esperta nella trasformazione digitale che considera le tecnologie intelligenti come strumenti rivoluzionari per sfruttare appieno le opportunit\u00e0 che la digitalizzazione pu\u00f2 offrire per costruire la societ\u00e0 sostenibile del futuro. DISRUPTIA supporta enti educativi e istituzioni pubbliche nel definire obiettivi chiari per una strategia di trasformazione digitale efficace, promuovendo lo sviluppo di un ecosistema educativo digitale ad alte prestazioni e potenziando le competenze digitali per la trasformazione digitale.<\/div>\n<p><a href=\"https:\/\/www.disruptia.es\">Sito web<\/a><\/p>\n<\/li>\n<li>\n<p>        <img decoding=\"async\" src=\"\/wp-content\/uploads\/2023\/06\/Logo-Training-2000-1.jpg\" alt=\"\"><\/p>\n<h3>Training 2000<\/h3>\n<div>TRAINING 2000 \u00e8 un centro di formazione per adulti certificato nella regione Marche per la formazione regionale, con esperienza nell&#8217;istruzione e nella formazione in diversi settori economici. Training 2000 \u00e8 coinvolto nella ricerca e nello sviluppo di contenuti formativi innovativi e nuove metodologie (apprendimento integrato) per la riqualificazione e l&#8217;aggiornamento delle competenze degli adulti.<\/div>\n<p><a href=\"https:\/\/www.training2000.it\">Sito web<\/a><\/p>\n<\/li>\n<li>\n<p>        <img decoding=\"async\" src=\"\/wp-content\/uploads\/2023\/06\/Screenshot-2023-01-16-at-10-22-53-Home-Biedriba-Eurofortis.png\" alt=\"\"><\/p>\n<h3>BIEDRIBA EUROFORTIS<\/h3>\n<div>Dal 2007, Eurofortis \u00e8 un centro dinamico ceco-lettone con sede a Riga, in Lettonia, che opera nel campo della formazione e dello sviluppo delle competenze personali e professionali. Biedriba Eurofortis partecipa attivamente a progetti educativi europei realizzati nell&#8217;ambito del programma Erasmus+ e si impegna a fornire materiali didattici e strumenti di apprendimento aggiornati, nonch\u00e9 seminari e diverse formazioni all&#8217;interno dei progetti, principalmente mirati all&#8217;identificazione, allo sviluppo e al miglioramento di varie competenze e conoscenze.<\/div>\n<p><a href=\"https:\/\/www.eurofortis.lv\">Sito web<\/a><\/p>\n<\/li>\n<\/ul>\n<p><!--more--><br \/>\n<!-- {\"type\":\"layout\",\"children\":[{\"type\":\"section\",\"props\":{\"image_position\":\"center-center\",\"padding_remove_top\":true,\"style\":\"default\",\"title_breakpoint\":\"xl\",\"title_position\":\"top-left\",\"title_rotation\":\"left\",\"vertical_align\":\"middle\",\"width\":\"default\"},\"children\":[{\"type\":\"row\",\"children\":[{\"type\":\"column\",\"props\":{\"image_position\":\"center-center\",\"media_overlay_gradient\":\"\",\"position_sticky_breakpoint\":\"m\"},\"children\":[{\"type\":\"headline\",\"props\":{\"text_align\":\"left\",\"title_color\":\"primary\",\"title_element\":\"h1\",\"title_style\":\"h1\"},\"name\":\"headline-pages\",\"source\":{\"query\":{\"name\":\"pages.singlePage\"},\"props\":{\"content\":{\"filters\":{\"search\":\"\"},\"name\":\"title\"}}}}]}]},{\"type\":\"row\",\"children\":[{\"type\":\"column\",\"props\":{\"image_position\":\"center-center\",\"media_overlay_gradient\":\"\",\"position_sticky_breakpoint\":\"m\"},\"children\":[{\"type\":\"text\",\"props\":{\"column_breakpoint\":\"m\",\"content\":\"\n\n<p><span>Il progetto di EduChampions mira a promuovere e diffondere pratiche di apprendimento innovative, inclusive e flessibili. Queste pratiche si basano sui principi della Progettazione Universale per l'Apprendimento e combinano pedagogie incentrate sullo studente con l'utilizzo di strumenti digitali adeguati. L'obiettivo \\u00e8 alimentare la mentalit\\u00e0 e l'atteggiamento imprenditoriale tra gli educatori. L'istruzione ha il potenziale di sfruttare le qualit\\u00e0\\u00a0 e le opportunit\\u00e0 delle persone, amplificando le possibilit\\u00e0 presenti e future per ciascuno. Ci\\u00f2 \\u00e8 particolarmente importante considerando il crescente numero di persone che affrontano barriere sociali, geografiche, culturali ed economiche nell'accesso all'istruzione e alla formazione.<\\\/span><\\\/p>\",\"margin\":\"default\"}}]}]},{\"type\":\"row\",\"children\":[{\"type\":\"column\",\"props\":{\"image_position\":\"center-center\",\"media_overlay_gradient\":\"\",\"position_sticky_breakpoint\":\"m\",\"vertical_align\":\"middle\",\"width_medium\":\"2-3\"},\"children\":[{\"type\":\"headline\",\"props\":{\"content\":\"Obiettivi\",\"title_color\":\"success\",\"title_element\":\"h3\"}},{\"type\":\"text\",\"props\":{\"column_breakpoint\":\"m\",\"content\":\"\n\n<ol>\\n\n\n<li><span>raccogliere esempi e storie ispiratrici di edupreneur che promuovono pratiche di apprendimento basate sull'UDL, incentrate sullo studente e supportate dalla tecnologia digitale. L'obiettivo \\u00e8 diffondere queste esperienze all'interno delle varie comunit\\u00e0 locali al fine di chiarire aspetti pedagogici, tecnologici ed imprenditoriali fondamentali nel processo educativo.<br \\\/><br \\\/><\\\/span><\\\/li>\\n\n\n<li><span>sensibilizzare l'opinione pubblica su questo cambio di paradigma e sul ruolo fondamentale degli edupreneur e dei campioni dell'istruzione nel renderlo possibile e scalabile.<br \\\/><br \\\/><\\\/span><\\\/li>\\n\n\n<li><span>aiutare gli educatori a potenziare le loro competenze nella progettazione di strategie incentrate sullo studente, nell'uso mirato degli strumenti digitali per l'apprendimento e nella capacit\\u00e0 di rispondere in modo pi\\u00f9 inclusivo e completo alle esigenze degli studenti.<br \\\/><br \\\/><\\\/span><\\\/li>\\n\n\n<li>promuovere la diffusione di buone pratiche per favorire opportunit\\u00e0 di apprendimento innovative, inclusive e flessibili all'interno dell'ecosistema dell'istruzione e della formazione professionale, cercando di estendere tali pratiche anche ad altri ambiti formativi.<\\\/li>\\n<\\\/ol>\",\"margin\":\"default\"}}]},{\"type\":\"column\",\"props\":{\"image_position\":\"center-center\",\"media_overlay_gradient\":\"\",\"position_sticky_breakpoint\":\"m\",\"vertical_align\":\"middle\",\"width_medium\":\"1-3\"},\"children\":[{\"type\":\"image\",\"props\":{\"image\":\"wp-content\\\/uploads\\\/2023\\\/06\\\/inner-about-12.png\",\"image_svg_color\":\"emphasis\",\"margin\":\"default\"}}]}],\"props\":{\"layout\":\"2-3,1-3\"}},{\"type\":\"row\",\"children\":[{\"type\":\"column\",\"props\":{\"image_position\":\"center-center\",\"media_overlay_gradient\":\"\",\"position_sticky_breakpoint\":\"m\"},\"children\":[{\"type\":\"headline\",\"props\":{\"content\":\"Partenariato\",\"title_color\":\"success\",\"title_element\":\"h3\"}}]}]},{\"type\":\"row\",\"children\":[{\"type\":\"column\",\"props\":{\"image_position\":\"center-center\",\"media_overlay_gradient\":\"\",\"position_sticky_breakpoint\":\"m\"},\"children\":[{\"name\":\"Accordion Image Top\",\"type\":\"accordion\",\"children\":[{\"name\":\"\",\"type\":\"accordion_item\",\"props\":{\"content\":\"\n\n<p>Ikaslan \\u00e8 un'associazione di 28 istituti di formazione professionale pubblici nella regione basca della Spagna, Bizkaia. Offre formazione professionale iniziale per gli studenti post-obbligo scolastico e formazione continua per lavoratori, disoccupati e coloro che rischiano la disoccupazione.<\\\/p>\",\"image\":\"wp-content\\\/uploads\\\/2023\\\/06\\\/Logo-Ikaslan.png\",\"link\":\"https:\\\/\\\/www.ikaslanbizkaia.eus\",\"link_text\":\"\",\"title\":\"Ikaslan Bizkaia\"}},{\"name\":\"\",\"type\":\"accordion_item\",\"props\":{\"content\":\"\n\n<p><span>Mindshift \\u00e8 una societ\\u00e0 di consulenza specializzata nelle risorse umane che investe nella performance e nello sviluppo delle competenze delle persone, cercando di potenziare la maturit\\u00e0 digitale e interpersonale nelle organizzazioni e nella societ\\u00e0.<\\\/span><\\\/p>\\n\n\n<p>Mindshift opera sia a livello nazionale che internazionale, focalizzandosi sui seguenti settori principali: valutazione e sviluppo delle competenze e percorsi di sviluppo, formazione, coaching e mentoring, gestione della carriera e piani di sviluppo personale, preparazione della forza lavoro alle nuove esigenze del mercato del lavoro, integrazione dei giovani talenti nei programmi di formazione, progettazione di strategie di comunicazione nei social network.<\\\/p>\",\"image\":\"wp-content\\\/uploads\\\/2023\\\/06\\\/Mindshift_logo.png\",\"link\":\"https:\\\/\\\/www.mindshift.pt\",\"title\":\"Mindshift\"}},{\"name\":\"\",\"type\":\"accordion_item\",\"props\":{\"content\":\"\n\n<p><span>IGEA \\u00e8 un'organizzazione non governativa fondata a Bursa e che svolge attivit\\u00e0 internazionali. Il suo obiettivo \\u00e8 promuovere l'innovazione sociale, creare nuove opportunit\\u00e0 per giovani e adulti e lavorare per favorire l'occupazione. Inoltre, si impegna a migliorare la consapevolezza sociale delle persone che seguono scienza e tecnologia e che hanno la capacit\\u00e0 di comunicare efficacemente nel campo della salute e dell'istruzione.<\\\/span><\\\/p>\",\"image\":\"wp-content\\\/uploads\\\/2023\\\/06\\\/logo-landscape-blue.png\",\"link\":\"http:\\\/\\\/www.igea.org.tr\",\"title\":\"Giri\\u015fimcilik E\\u011fitimve Ara\\u015ft\\u0131rma Derne\\u011f\"}},{\"name\":\"\",\"type\":\"accordion_item\",\"props\":{\"content\":\"Found.ation \\u00e8 una societ\\u00e0 di consulenza per la gestione dell'innovazione che trasforma appassionatamente organizzazioni e team attivando nuove competenze e metodologie innovative.\",\"image\":\"wp-content\\\/uploads\\\/2023\\\/06\\\/Screenshot-2023-01-16-at-10-24-27-Team-Found.ation_.png\",\"link\":\"https:\\\/\\\/thefoundation.gr\\\/\",\"title\":\"Found.ation\"}},{\"type\":\"accordion_item\",\"props\":{\"content\":\"CARDET \\u00e8 il principale centro di ricerca e sviluppo nella regione mediterranea che ha competenze globali nell'istruzione professionale (VET), nell'imprenditorialit\\u00e0, nelle competenze digitali e nella costruzione di capacit\\u00e0. Situato a Cipro, CARDET \\u00e8 il pi\\u00f9 grande centro indipendente no-profit nella sua sede e ha affiliamenti con prestigiose universit\\u00e0 e istituzioni internazionali come la Yale University, l'Universit\\u00e0 di Nicosia e il Consiglio Internazionale dei Media Educativi.\",\"image\":\"wp-content\\\/uploads\\\/2023\\\/06\\\/cardetLogo-13.png\",\"link\":\"https:\\\/\\\/www.cardet.org\",\"title\":\"CARDET\"}},{\"type\":\"accordion_item\",\"props\":{\"content\":\"DISRUPTIA \\u00e8 un'azienda esperta nella trasformazione digitale che considera le tecnologie intelligenti come strumenti rivoluzionari per sfruttare appieno le opportunit\\u00e0 che la digitalizzazione pu\\u00f2 offrire per costruire la societ\\u00e0 sostenibile del futuro. DISRUPTIA supporta enti educativi e istituzioni pubbliche nel definire obiettivi chiari per una strategia di trasformazione digitale efficace, promuovendo lo sviluppo di un ecosistema educativo digitale ad alte prestazioni e potenziando le competenze digitali per la trasformazione digitale.\",\"image\":\"wp-content\\\/uploads\\\/2023\\\/06\\\/Disruptia_logo_cuadrado_pos_con-marco.png\",\"link\":\"https:\\\/\\\/www.disruptia.es\",\"title\":\"DISRUPTIA\"}},{\"type\":\"accordion_item\",\"props\":{\"content\":\"TRAINING 2000 \\u00e8 un centro di formazione per adulti certificato nella regione Marche per la formazione regionale, con esperienza nell'istruzione e nella formazione in diversi settori economici. Training 2000 \\u00e8 coinvolto nella ricerca e nello sviluppo di contenuti formativi innovativi e nuove metodologie (apprendimento integrato) per la riqualificazione e l'aggiornamento delle competenze degli adulti.\",\"image\":\"wp-content\\\/uploads\\\/2023\\\/06\\\/Logo-Training-2000-1.jpg\",\"link\":\"https:\\\/\\\/www.training2000.it\",\"title\":\"Training 2000\"}},{\"type\":\"accordion_item\",\"props\":{\"content\":\"Dal 2007, Eurofortis \\u00e8 un centro dinamico ceco-lettone con sede a Riga, in Lettonia, che opera nel campo della formazione e dello sviluppo delle competenze personali e professionali. Biedriba Eurofortis partecipa attivamente a progetti educativi europei realizzati nell'ambito del programma Erasmus+ e si impegna a fornire materiali didattici e strumenti di apprendimento aggiornati, nonch\\u00e9 seminari e diverse formazioni all'interno dei progetti, principalmente mirati all'identificazione, allo sviluppo e al miglioramento di varie competenze e conoscenze.\",\"image\":\"wp-content\\\/uploads\\\/2023\\\/06\\\/Screenshot-2023-01-16-at-10-22-53-Home-Biedriba-Eurofortis.png\",\"link\":\"https:\\\/\\\/www.eurofortis.lv\",\"title\":\"BIEDRIBA EUROFORTIS\"}}],\"props\":{\"class\":\"partners-accordion\",\"collapsible\":false,\"content_column\":\"\",\"content_column_breakpoint\":\"m\",\"content_dropcap\":false,\"image_align\":\"left\",\"image_grid_breakpoint\":\"m\",\"image_grid_width\":\"1-4\",\"image_svg_color\":\"emphasis\",\"image_vertical_align\":true,\"link_style\":\"primary\",\"link_target\":true,\"link_text\":\"[website_text]\",\"multiple\":false,\"show_image\":true,\"show_link\":true,\"text_align\":\"center\",\"title_element\":\"h3\"}}]}]}]}],\"version\":\"3.0.20\"} --><\/p>\n","protected":false},"excerpt":{"rendered":"<p>Il progetto di EduChampions mira a promuovere e diffondere pratiche di apprendimento innovative, inclusive e flessibili. Queste pratiche si basano sui principi della Progettazione Universale..<\/p>\n","protected":false},"author":1,"featured_media":0,"parent":0,"menu_order":0,"comment_status":"closed","ping_status":"closed","template":"","meta":{"_acf_changed":false,"inline_featured_image":false,"footnotes":""},"class_list":["post-1085","page","type-page","status-publish","hentry"],"acf":[],"_links":{"self":[{"href":"https:\/\/educhampions.eu\/it\/wp-json\/wp\/v2\/pages\/1085","targetHints":{"allow":["GET"]}}],"collection":[{"href":"https:\/\/educhampions.eu\/it\/wp-json\/wp\/v2\/pages"}],"about":[{"href":"https:\/\/educhampions.eu\/it\/wp-json\/wp\/v2\/types\/page"}],"author":[{"embeddable":true,"href":"https:\/\/educhampions.eu\/it\/wp-json\/wp\/v2\/users\/1"}],"replies":[{"embeddable":true,"href":"https:\/\/educhampions.eu\/it\/wp-json\/wp\/v2\/comments?post=1085"}],"version-history":[{"count":2,"href":"https:\/\/educhampions.eu\/it\/wp-json\/wp\/v2\/pages\/1085\/revisions"}],"predecessor-version":[{"id":1155,"href":"https:\/\/educhampions.eu\/it\/wp-json\/wp\/v2\/pages\/1085\/revisions\/1155"}],"wp:attachment":[{"href":"https:\/\/educhampions.eu\/it\/wp-json\/wp\/v2\/media?parent=1085"}],"curies":[{"name":"wp","href":"https:\/\/api.w.org\/{rel}","templated":true}]}}