{"id":1079,"date":"2022-02-24T14:11:37","date_gmt":"2022-02-24T14:11:37","guid":{"rendered":"https:\/\/educhampions.eu\/home\/"},"modified":"2024-01-30T16:31:54","modified_gmt":"2024-01-30T16:31:54","slug":"home","status":"publish","type":"page","link":"https:\/\/educhampions.eu\/it\/","title":{"rendered":"Home"},"content":{"rendered":"<h1>Promuovere l\u2019edupreneurship<br \/>abbracciare la diversit\u00e0 degli studenti<\/h1>\n<p><img decoding=\"async\" src=\"\/wp-content\/uploads\/2023\/06\/home-intro.png\" alt=\"\"><br \/>\n<img decoding=\"async\" src=\"\/wp-content\/uploads\/2023\/06\/home-about.png\" alt=\"\"><\/p>\n<h2>Il progetto<\/h2>\n<div>\n<p class=\"MsoNormal\" style=\"text-align: left;\"><span lang=\"EN-US\">L&#8217;obiettivo principale del progetto di EduChampions \u00e8 quello di promuovere una nuova mentalit\u00e0 imprenditoriale tra gli educatori, affinch\u00e9 possano diventare agenti di cambiamento nell&#8217;ambito dell&#8217;educazione. Questo significa incoraggiare l&#8217;innovazione e la flessibilit\u00e0 nell&#8217;insegnamento, garantendo al contempo l&#8217;inclusione di studenti con bisogni specifici provenienti da diverse realt\u00e0 attraverso una combinazione di metodologie pedagogiche orientate allo studente e basate sull&#8217;utilizzo mirato di nuove tecnologie educative.<\/span><span lang=\"EN-US\" style=\"font-size: 12.0pt; line-height: 107%; color: #c9d1d9;\"><o:p><\/o:p><\/span><\/p>\n<\/div>\n<p>\n    <a href=\"\/it\/about\/\">Scopri di pi\u00f9<\/a>\n<\/p>\n<h2><span><\/span><span>News<\/span><span><\/span><\/h2>\n<div>\n<\/div>\n<p>\n    <a href=\"\/it\/category\/news-it\/\">Tutte le novit\u00e0<\/a>\n<\/p>\n<p><!--more--><br \/>\n<!-- {\"type\":\"layout\",\"children\":[{\"type\":\"section\",\"props\":{\"animation\":\"fade\",\"height\":\"section\",\"image_position\":\"center-center\",\"padding_remove_bottom\":true,\"sticky\":\"cover\",\"style\":\"default\",\"title_breakpoint\":\"xl\",\"title_position\":\"top-left\",\"title_rotation\":\"left\",\"vertical_align\":\"\",\"width\":\"default\"},\"children\":[{\"type\":\"row\",\"children\":[{\"type\":\"column\",\"props\":{\"image_position\":\"center-center\",\"media_overlay_gradient\":\"\",\"position_sticky_breakpoint\":\"m\"},\"children\":[{\"type\":\"headline\",\"props\":{\"animation\":\"slide-top-small\",\"content\":\"Promuovere l\\u2019edupreneurship<br \\\/>abbracciare la diversit\\u00e0 degli studenti\",\"margin\":\"default\",\"margin_remove_top\":false,\"text_align\":\"center\",\"title_color\":\"primary\",\"title_element\":\"h1\"}},{\"type\":\"image\",\"props\":{\"animation\":\"slide-bottom-small\",\"image\":\"wp-content\\\/uploads\\\/2023\\\/06\\\/home-intro.png\",\"image_svg_color\":\"emphasis\",\"margin\":\"medium\",\"margin_remove_bottom\":true,\"text_align\":\"center\"}}]}]}]},{\"type\":\"section\",\"props\":{\"animation\":\"fade\",\"css\":\".el-section{\\n\\tborder-top: 3px solid #32015c;\\n}\",\"image_position\":\"center-center\",\"sticky\":\"cover\",\"style\":\"default\",\"title_breakpoint\":\"xl\",\"title_position\":\"top-left\",\"title_rotation\":\"left\",\"vertical_align\":\"middle\",\"width\":\"default\"},\"children\":[{\"type\":\"row\",\"props\":{\"column_gap\":\"large\",\"layout\":\"1-2,1-2\"},\"children\":[{\"type\":\"column\",\"props\":{\"image_position\":\"center-center\",\"media_overlay_gradient\":\"\",\"position_sticky_breakpoint\":\"m\",\"width_medium\":\"1-2\"},\"children\":[{\"type\":\"image\",\"props\":{\"image\":\"wp-content\\\/uploads\\\/2023\\\/06\\\/home-about.png\",\"image_svg_color\":\"emphasis\",\"margin\":\"default\"}}]},{\"type\":\"column\",\"props\":{\"image_position\":\"center-center\",\"media_overlay_gradient\":\"\",\"position_sticky_breakpoint\":\"m\",\"vertical_align\":\"middle\",\"width_medium\":\"1-2\"},\"children\":[{\"type\":\"headline\",\"props\":{\"content\":\"Il progetto\",\"title_color\":\"primary\",\"title_element\":\"h2\"}},{\"type\":\"text\",\"props\":{\"column_breakpoint\":\"m\",\"content\":\"\n\n<p class=\\\"MsoNormal\\\" style=\\\"text-align: left;\\\"><span lang=\\\"EN-US\\\">L'obiettivo principale del progetto di EduChampions \\u00e8 quello di promuovere una nuova mentalit\\u00e0 imprenditoriale tra gli educatori, affinch\\u00e9 possano diventare agenti di cambiamento nell'ambito dell'educazione. Questo significa incoraggiare l'innovazione e la flessibilit\\u00e0 nell'insegnamento, garantendo al contempo l'inclusione di studenti con bisogni specifici provenienti da diverse realt\\u00e0 attraverso una combinazione di metodologie pedagogiche orientate allo studente e basate sull'utilizzo mirato di nuove tecnologie educative.<\\\/span><span lang=\\\"EN-US\\\" style=\\\"font-size: 12.0pt; line-height: 107%; color: #c9d1d9;\\\"><o:p><\\\/o:p><\\\/span><\\\/p>\",\"margin\":\"default\"}},{\"type\":\"button\",\"props\":{\"grid_column_gap\":\"small\",\"grid_row_gap\":\"small\",\"margin\":\"default\"},\"children\":[{\"type\":\"button_item\",\"props\":{\"button_style\":\"primary\",\"content\":\"Scopri di pi\\u00f9\",\"icon_align\":\"left\",\"link\":\"\\\/it\\\/about\\\/\"}}]}]}]}]},{\"type\":\"section\",\"props\":{\"css\":\".el-section{\\n\\tbackground: #4ea5c4;\\n}\",\"image_position\":\"center-center\",\"padding\":\"small\",\"style\":\"default\",\"title_breakpoint\":\"xl\",\"title_position\":\"top-left\",\"title_rotation\":\"left\",\"vertical_align\":\"middle\",\"width\":\"default\"},\"children\":[{\"type\":\"row\",\"children\":[{\"type\":\"column\",\"props\":{\"image_position\":\"center-center\",\"media_overlay_gradient\":\"\",\"position_sticky_breakpoint\":\"m\"},\"children\":[{\"type\":\"headline\",\"props\":{\"content\":\"<span><\\\/span><span>News<\\\/span><span><\\\/span>\",\"css\":\".el-element{\\n\\tcolor: #fff;\\n    text-transform: uppercase;\\n}\",\"text_align\":\"center\",\"title_element\":\"h2\",\"title_style\":\"h2\"}},{\"type\":\"grid\",\"props\":{\"class\":\"news-grid\",\"content_column_breakpoint\":\"m\",\"css\":\".el-item{\\n    background: #fff;\\n    padding: 20px;\\n    border-radius: 40px;\\n    box-shadow: 4px 4px 6px 0 rgba(0 0 0 \\\/.28);\\n}\\n.el-content{\\n\\tmargin-top: 10px!important;\\n    padding-top: 0;\\n}\",\"filter_align\":\"left\",\"filter_all\":true,\"filter_grid_breakpoint\":\"m\",\"filter_grid_width\":\"auto\",\"filter_position\":\"top\",\"filter_style\":\"tab\",\"grid_default\":\"1\",\"grid_medium\":\"3\",\"grid_small\":\"3\",\"icon_width\":80,\"image_align\":\"top\",\"image_grid_breakpoint\":\"m\",\"image_grid_width\":\"1-2\",\"image_svg_color\":\"emphasis\",\"item_animation\":true,\"link_style\":\"secondary\",\"link_text\":\"\",\"margin\":\"default\",\"margin_remove_top\":false,\"meta_align\":\"below-title\",\"meta_element\":\"div\",\"meta_style\":\"text-meta\",\"panel_link\":true,\"parallax_easing\":\"1\",\"show_content\":true,\"show_image\":true,\"show_link\":true,\"show_meta\":true,\"show_title\":true,\"title_align\":\"top\",\"title_color\":\"success\",\"title_element\":\"h4\",\"title_grid_breakpoint\":\"m\",\"title_grid_width\":\"1-2\",\"title_hover_style\":\"reset\"},\"children\":[{\"type\":\"grid_item\",\"props\":{\"link_text\":\"\"},\"source\":{\"query\":{\"name\":\"posts.customPosts\",\"arguments\":{\"terms\":[10],\"category_operator\":\"IN\",\"post_tag_operator\":\"IN\",\"users\":[],\"users_operator\":\"IN\",\"offset\":0,\"limit\":10,\"order\":\"date\",\"order_direction\":\"DESC\"}},\"props\":{\"title\":{\"filters\":{\"search\":\"\"},\"name\":\"title\"},\"content\":{\"filters\":{\"search\":\"\"},\"name\":\"excerpt\"},\"image\":{\"filters\":{\"search\":\"\"},\"name\":\"featuredImage.url\"},\"link\":{\"filters\":{\"search\":\"\"},\"name\":\"link\"}}}}]},{\"type\":\"button\",\"props\":{\"grid_column_gap\":\"small\",\"grid_row_gap\":\"small\",\"margin\":\"default\",\"text_align\":\"center\"},\"children\":[{\"type\":\"button_item\",\"props\":{\"button_style\":\"primary\",\"content\":\"Tutte le novit\\u00e0\",\"icon_align\":\"left\",\"link\":\"\\\/it\\\/category\\\/news-it\\\/\"},\"source\":{\"query\":{\"name\":\"categories.customCategories\",\"arguments\":{\"id\":0,\"offset\":0,\"limit\":10,\"order\":\"term_order\",\"order_direction\":\"ASC\"}}}}]}]}]}]}],\"version\":\"3.0.20\"} --><\/p>\n","protected":false},"excerpt":{"rendered":"<p>Promuovere l\u2019edupreneurshipabbracciare la diversit\u00e0 degli studenti Il progetto L&#8217;obiettivo principale del progetto di EduChampions \u00e8 quello di promuovere una nuova mentalit\u00e0 imprenditoriale tra gli educatori,..<\/p>\n","protected":false},"author":1,"featured_media":0,"parent":0,"menu_order":0,"comment_status":"closed","ping_status":"closed","template":"","meta":{"_acf_changed":false,"inline_featured_image":false,"footnotes":""},"class_list":["post-1079","page","type-page","status-publish","hentry"],"acf":[],"_links":{"self":[{"href":"https:\/\/educhampions.eu\/it\/wp-json\/wp\/v2\/pages\/1079","targetHints":{"allow":["GET"]}}],"collection":[{"href":"https:\/\/educhampions.eu\/it\/wp-json\/wp\/v2\/pages"}],"about":[{"href":"https:\/\/educhampions.eu\/it\/wp-json\/wp\/v2\/types\/page"}],"author":[{"embeddable":true,"href":"https:\/\/educhampions.eu\/it\/wp-json\/wp\/v2\/users\/1"}],"replies":[{"embeddable":true,"href":"https:\/\/educhampions.eu\/it\/wp-json\/wp\/v2\/comments?post=1079"}],"version-history":[{"count":6,"href":"https:\/\/educhampions.eu\/it\/wp-json\/wp\/v2\/pages\/1079\/revisions"}],"predecessor-version":[{"id":1213,"href":"https:\/\/educhampions.eu\/it\/wp-json\/wp\/v2\/pages\/1079\/revisions\/1213"}],"wp:attachment":[{"href":"https:\/\/educhampions.eu\/it\/wp-json\/wp\/v2\/media?parent=1079"}],"curies":[{"name":"wp","href":"https:\/\/api.w.org\/{rel}","templated":true}]}}