{"id":1088,"date":"2022-02-24T14:11:37","date_gmt":"2022-02-24T14:11:37","guid":{"rendered":"https:\/\/educhampions.eu\/about\/"},"modified":"2024-12-03T13:24:06","modified_gmt":"2024-12-03T13:24:06","slug":"about","status":"publish","type":"page","link":"https:\/\/educhampions.eu\/es\/about\/","title":{"rendered":"Acerca de"},"content":{"rendered":"<div>El lema del proyecto EduChampions es ayudar a dise\u00f1ar y ampliar pr\u00e1cticas de aprendizaje innovadoras, inclusivas y flexibles, basadas en los principios del Dise\u00f1o Universal para el Aprendizaje y una combinaci\u00f3n de pedagog\u00edas centradas en el alumno con herramientas digitales relevantes para el aprendizaje, alimentando la mentalidad emprendedora. y actitud entre los educadores. La educaci\u00f3n tiene el potencial de aprovechar las condiciones y posibilidades de las personas, amplificando las oportunidades presentes y futuras de cada uno, lo cual es extremadamente importante frente al creciente grupo de personas que enfrentan barreras sociales, geogr\u00e1ficas, culturales, econ\u00f3micas, educativas y relacionadas con la capacitaci\u00f3n.<\/div>\n<h3>Objetivos<\/h3>\n<div>\n<ol>\n<li>recopilar ejemplos inspiradores interculturales e historias de emprendedores educativos que promueven pr\u00e1cticas de aprendizaje inspiradas en el UDL, centradas en el alumno y con apoyo digital y difundirlas dentro de sus comunidades para ayudar a aclarar importantes dimensiones de pedagog\u00eda, tecnolog\u00eda y emprendimiento en el proceso;\n<\/li>\n<li>crear conciencia sobre este cambio de paradigma y el papel de los emprendedores educativos y los defensores de la educaci\u00f3n para hacerlo realidad y ampliarlo;\n<\/li>\n<li>estrategias centradas en el alumno , utilizar intencionadamente herramientas digitales para el aprendizaje y abordar las necesidades de los alumnos de una manera m\u00e1s inclusiva e integral;\n<\/li>\n<li>Fomentar la difusi\u00f3n de mejores pr\u00e1cticas para promover oportunidades de aprendizaje innovadoras, inclusivas y flexibles dentro del ecosistema de FP y expandirlas tambi\u00e9n a otras ofertas educativas.<\/li>\n<\/ol>\n<\/div>\n<p><img decoding=\"async\" src=\"\/wp-content\/uploads\/2023\/06\/inner-about-12.png\" alt=\"\"><\/p>\n<h3>Socios<\/h3>\n<ul>\n<li>\n<p>        <img decoding=\"async\" src=\"\/wp-content\/uploads\/2023\/06\/Logo-Ikaslan.png\" alt=\"\"><\/p>\n<h3>Ikaslan Bizkaia<\/h3>\n<div>Ikaslan es una asociaci\u00f3n de 28 centros de formaci\u00f3n profesional p\u00fablicos del Pa\u00eds Vasco de Espa\u00f1a, Bizkaia. Ofrece educaci\u00f3n vocacional inicial para estudiantes postobligatorios y educaci\u00f3n continua para trabajadores, desempleados y aquellos amenazados de desempleo.<\/div>\n<p><a href=\"https:\/\/www.ikaslanbizkaia.eus\">P\u00e1gina web<\/a><\/p>\n<\/li>\n<li>\n<p>        <img decoding=\"async\" src=\"\/wp-content\/uploads\/2023\/06\/Mindshift_logo.png\" alt=\"\"><\/p>\n<h3>Mindshift<\/h3>\n<div>\n<p>Mindshift es una consultora especializada en Recursos Humanos que invierte en el desempe\u00f1o y mejora de las competencias de las personas, buscando impulsar la madurez digital e interpersonal en las organizaciones y la sociedad.<\/p>\n<p>Mindshift opera tanto en los mercados nacionales como internacionales en las siguientes \u00e1reas principales de negocio: evaluaci\u00f3n y desarrollo de competencias y v\u00edas de mejora de habilidades, formaci\u00f3n, coaching y tutor\u00eda, gesti\u00f3n de carreras y planes de desarrollo personal, preparaci\u00f3n de la fuerza laboral para las nuevas demandas del mercado laboral . Incorporaci\u00f3n de j\u00f3venes talentos a los programas de becarios , dise\u00f1o de estrategias de comunicaci\u00f3n en redes sociales.<\/p>\n<\/div>\n<p><a href=\"https:\/\/www.mindshift.pt\">P\u00e1gina web<\/a><\/p>\n<\/li>\n<li>\n<p>        <img decoding=\"async\" src=\"\/wp-content\/uploads\/2023\/06\/logo-landscape-blue.png\" alt=\"\"><\/p>\n<h3>Giri\u015fimcilik E\u011fitimve Ara\u015ft\u0131rma Derne\u011f<\/h3>\n<div>IGEA es una organizaci\u00f3n no gubernamental establecida en Bursa y que lleva a cabo actividades internacionales. Promover la innovaci\u00f3n social, crear nuevas oportunidades para j\u00f3venes y adultos y trabajar por su empleo. Mejorar la<br \/>\nconciencia social de las personas que siguen la ciencia y la tecnolog\u00eda y que tienen la capacidad de comunicarse eficazmente en el \u00e1mbito de la salud y la educaci\u00f3n.<\/div>\n<p><a href=\"http:\/\/www.igea.org.tr\">P\u00e1gina web<\/a><\/p>\n<\/li>\n<li>\n<p>        <img decoding=\"async\" src=\"\/wp-content\/uploads\/2023\/06\/Screenshot-2023-01-16-at-10-24-27-Team-Found.ation_.png\" alt=\"\"><\/p>\n<h3>Found.ation<\/h3>\n<div>Found.ation es una consultora de gesti\u00f3n de la innovaci\u00f3n que transforma con pasi\u00f3n organizaciones y equipos activando nuevas habilidades y metodolog\u00edas disruptivas.<\/div>\n<p><a href=\"https:\/\/thefoundation.gr\/\">P\u00e1gina web<\/a><\/p>\n<\/li>\n<li>\n<p>        <img decoding=\"async\" src=\"\/wp-content\/uploads\/2023\/06\/cardetLogo-13.png\" alt=\"\"><\/p>\n<h3>CARDET<\/h3>\n<div>CARDET es un centro de investigaci\u00f3n y desarrollo l\u00edder en la regi\u00f3n mediterr\u00e1nea con experiencia global en educaci\u00f3n FP, habilidades digitales de emprendimiento y desarrollo de capacidades. Como el centro independiente sin fines de lucro m\u00e1s grande con sede en Chipre, CARDET est\u00e1 afiliado de forma independiente a universidades e instituciones de todo el mundo, como la Universidad de Yale, la Universidad de Nicosia y el Consejo Internacional de Medios Educativos<\/div>\n<p><a href=\"https:\/\/www.cardet.org\">P\u00e1gina web<\/a><\/p>\n<\/li>\n<li>\n<p>        <img decoding=\"async\" src=\"\/wp-content\/uploads\/2023\/06\/Disruptia_logo_cuadrado_pos_con-marco.png\" alt=\"\"><\/p>\n<h3>DISRUPTIA<\/h3>\n<div>DISRUPTIA es una empresa experta en transformaci\u00f3n digital que visualiza las tecnolog\u00edas inteligentes como herramientas innovadoras para explotar plenamente las oportunidades que la digitalizaci\u00f3n puede brindar para construir la sociedad sostenible del futuro. DISRUPTIA apoya a entidades educativas e instituciones p\u00fablicas a definir objetivos claros para una estrategia de transformaci\u00f3n digital efectiva, fomentando el desarrollo de un ecosistema de educaci\u00f3n digital de alto rendimiento y mejorando las habilidades y competencias digitales para la transformaci\u00f3n digital.<\/div>\n<p><a href=\"https:\/\/www.disruptia.es\">P\u00e1gina web<\/a><\/p>\n<\/li>\n<li>\n<p>        <img decoding=\"async\" src=\"\/wp-content\/uploads\/2023\/06\/Logo-Training-2000-1.jpg\" alt=\"\"><\/p>\n<h3>Training 2000<\/h3>\n<div>TRAINING 2000 centro de educaci\u00f3n de adultos certificado en la Regi\u00f3n de Marche para la formaci\u00f3n regional, con experiencia en educaci\u00f3n y formaci\u00f3n en diferentes sectores econ\u00f3micos. Training 2000 participa en la investigaci\u00f3n y el desarrollo de contenidos formativos innovadores y nuevas metodolog\u00edas (aprendizaje combinado) para el reciclaje y la mejora de las capacidades de los adultos.<\/div>\n<p><a href=\"https:\/\/www.training2000.it\">P\u00e1gina web<\/a><\/p>\n<\/li>\n<li>\n<p>        <img decoding=\"async\" src=\"\/wp-content\/uploads\/2023\/06\/Screenshot-2023-01-16-at-10-22-53-Home-Biedriba-Eurofortis.png\" alt=\"\"><\/p>\n<h3>BIEDRIBA EUROFORTIS<\/h3>\n<div>Desde 2007, Eurofort es un centro din\u00e1mico checo-let\u00f3n con sede en Riga, Letonia, una organizaci\u00f3n que trabaja en el campo de la formaci\u00f3n y el desarrollo de competencias personales y profesionales. biedriba Eurofortis participa activamente en proyectos educativos europeos realizados en el marco del programa Erasmus+ y garantiza la disponibilidad de materiales, herramientas y m\u00e9todos educativos y de aprendizaje actualizados, as\u00ed como seminarios y diferentes formaciones dentro de proyectos destinados principalmente a la identificaci\u00f3n, el desarrollo y mejora de diversas competencias y conocimientos.<\/div>\n<p><a href=\"https:\/\/www.eurofortis.lv\">P\u00e1gina web<\/a><\/p>\n<\/li>\n<\/ul>\n<p><!--more--><br \/>\n<!-- {\"type\":\"layout\",\"children\":[{\"type\":\"section\",\"props\":{\"image_position\":\"center-center\",\"padding_remove_top\":true,\"style\":\"default\",\"title_breakpoint\":\"xl\",\"title_position\":\"top-left\",\"title_rotation\":\"left\",\"vertical_align\":\"middle\",\"width\":\"default\"},\"children\":[{\"type\":\"row\",\"children\":[{\"type\":\"column\",\"props\":{\"image_position\":\"center-center\",\"media_overlay_gradient\":\"\",\"position_sticky_breakpoint\":\"m\"},\"children\":[{\"type\":\"headline\",\"props\":{\"text_align\":\"left\",\"title_color\":\"primary\",\"title_element\":\"h1\",\"title_style\":\"h1\"},\"name\":\"headline-pages\",\"source\":{\"query\":{\"name\":\"pages.singlePage\"},\"props\":{\"content\":{\"filters\":{\"search\":\"\"},\"name\":\"title\"}}}}]}]},{\"type\":\"row\",\"children\":[{\"type\":\"column\",\"props\":{\"image_position\":\"center-center\",\"media_overlay_gradient\":\"\",\"position_sticky_breakpoint\":\"m\"},\"children\":[{\"type\":\"text\",\"props\":{\"column_breakpoint\":\"m\",\"content\":\"El lema del proyecto EduChampions es ayudar a dise\\u00f1ar y ampliar pr\\u00e1cticas de aprendizaje innovadoras, inclusivas y flexibles, basadas en los principios del Dise\\u00f1o Universal para el Aprendizaje y una combinaci\\u00f3n de pedagog\\u00edas centradas en el alumno con herramientas digitales relevantes para el aprendizaje, alimentando la mentalidad emprendedora. y actitud entre los educadores. La educaci\\u00f3n tiene el potencial de aprovechar las condiciones y posibilidades de las personas, amplificando las oportunidades presentes y futuras de cada uno, lo cual es extremadamente importante frente al creciente grupo de personas que enfrentan barreras sociales, geogr\\u00e1ficas, culturales, econ\\u00f3micas, educativas y relacionadas con la capacitaci\\u00f3n.\",\"margin\":\"default\"}}]}]},{\"type\":\"row\",\"children\":[{\"type\":\"column\",\"props\":{\"image_position\":\"center-center\",\"media_overlay_gradient\":\"\",\"position_sticky_breakpoint\":\"m\",\"vertical_align\":\"middle\",\"width_medium\":\"2-3\"},\"children\":[{\"type\":\"headline\",\"props\":{\"content\":\"Objetivos\",\"title_color\":\"success\",\"title_element\":\"h3\"}},{\"type\":\"text\",\"props\":{\"column_breakpoint\":\"m\",\"content\":\"\n\n<ol>\\n\n\n<li>recopilar ejemplos inspiradores interculturales e historias de emprendedores educativos que promueven pr\\u00e1cticas de aprendizaje inspiradas en el UDL, centradas en el alumno y con apoyo digital y difundirlas dentro de sus comunidades para ayudar a aclarar importantes dimensiones de pedagog\\u00eda, tecnolog\\u00eda y emprendimiento en el proceso;<br \\\/><br \\\/><\\\/li>\\n\n\n<li>crear conciencia sobre este cambio de paradigma y el papel de los emprendedores educativos y los defensores de la educaci\\u00f3n para hacerlo realidad y ampliarlo;<br \\\/><br \\\/><\\\/li>\\n\n\n<li>estrategias centradas en el alumno , utilizar intencionadamente herramientas digitales para el aprendizaje y abordar las necesidades de los alumnos de una manera m\\u00e1s inclusiva e integral;<br \\\/><br \\\/><\\\/li>\\n\n\n<li>Fomentar la difusi\\u00f3n de mejores pr\\u00e1cticas para promover oportunidades de aprendizaje innovadoras, inclusivas y flexibles dentro del ecosistema de FP y expandirlas tambi\\u00e9n a otras ofertas educativas.<\\\/li>\\n<\\\/ol>\",\"margin\":\"default\"}}]},{\"type\":\"column\",\"props\":{\"image_position\":\"center-center\",\"media_overlay_gradient\":\"\",\"position_sticky_breakpoint\":\"m\",\"vertical_align\":\"middle\",\"width_medium\":\"1-3\"},\"children\":[{\"type\":\"image\",\"props\":{\"image\":\"wp-content\\\/uploads\\\/2023\\\/06\\\/inner-about-12.png\",\"image_svg_color\":\"emphasis\",\"margin\":\"default\"}}]}],\"props\":{\"layout\":\"2-3,1-3\"}},{\"type\":\"row\",\"children\":[{\"type\":\"column\",\"props\":{\"image_position\":\"center-center\",\"media_overlay_gradient\":\"\",\"position_sticky_breakpoint\":\"m\"},\"children\":[{\"type\":\"headline\",\"props\":{\"content\":\"Socios\",\"title_color\":\"success\",\"title_element\":\"h3\"}}]}]},{\"type\":\"row\",\"children\":[{\"type\":\"column\",\"props\":{\"image_position\":\"center-center\",\"media_overlay_gradient\":\"\",\"position_sticky_breakpoint\":\"m\"},\"children\":[{\"name\":\"Accordion Image Top\",\"type\":\"accordion\",\"children\":[{\"name\":\"\",\"type\":\"accordion_item\",\"props\":{\"content\":\"Ikaslan es una asociaci\\u00f3n de 28 centros de formaci\\u00f3n profesional p\\u00fablicos del Pa\\u00eds Vasco de Espa\\u00f1a, Bizkaia. Ofrece educaci\\u00f3n vocacional inicial para estudiantes postobligatorios y educaci\\u00f3n continua para trabajadores, desempleados y aquellos amenazados de desempleo.\",\"image\":\"wp-content\\\/uploads\\\/2023\\\/06\\\/Logo-Ikaslan.png\",\"link\":\"https:\\\/\\\/www.ikaslanbizkaia.eus\",\"link_text\":\"P\\u00e1gina web\",\"title\":\"Ikaslan Bizkaia\"}},{\"name\":\"\",\"type\":\"accordion_item\",\"props\":{\"content\":\"\n\n<p>Mindshift es una consultora especializada en Recursos Humanos que invierte en el desempe\\u00f1o y mejora de las competencias de las personas, buscando impulsar la madurez digital e interpersonal en las organizaciones y la sociedad.<\\\/p>\\n\n\n<p>Mindshift opera tanto en los mercados nacionales como internacionales en las siguientes \\u00e1reas principales de negocio: evaluaci\\u00f3n y desarrollo de competencias y v\\u00edas de mejora de habilidades, formaci\\u00f3n, coaching y tutor\\u00eda, gesti\\u00f3n de carreras y planes de desarrollo personal, preparaci\\u00f3n de la fuerza laboral para las nuevas demandas del mercado laboral . Incorporaci\\u00f3n de j\\u00f3venes talentos a los programas de becarios , dise\\u00f1o de estrategias de comunicaci\\u00f3n en redes sociales.<\\\/p>\",\"image\":\"wp-content\\\/uploads\\\/2023\\\/06\\\/Mindshift_logo.png\",\"link\":\"https:\\\/\\\/www.mindshift.pt\",\"link_text\":\"P\\u00e1gina web\",\"title\":\"Mindshift\"}},{\"name\":\"\",\"type\":\"accordion_item\",\"props\":{\"content\":\"IGEA es una organizaci\\u00f3n no gubernamental establecida en Bursa y que lleva a cabo actividades internacionales. Promover la innovaci\\u00f3n social, crear nuevas oportunidades para j\\u00f3venes y adultos y trabajar por su empleo. Mejorar la \\nconciencia social de las personas que siguen la ciencia y la tecnolog\\u00eda y que tienen la capacidad de comunicarse eficazmente en el \\u00e1mbito de la salud y la educaci\\u00f3n.\",\"image\":\"wp-content\\\/uploads\\\/2023\\\/06\\\/logo-landscape-blue.png\",\"link\":\"http:\\\/\\\/www.igea.org.tr\",\"link_text\":\"P\\u00e1gina web\",\"title\":\"Giri\\u015fimcilik E\\u011fitimve Ara\\u015ft\\u0131rma Derne\\u011f\"}},{\"name\":\"\",\"type\":\"accordion_item\",\"props\":{\"content\":\"Found.ation es una consultora de gesti\\u00f3n de la innovaci\\u00f3n que transforma con pasi\\u00f3n organizaciones y equipos activando nuevas habilidades y metodolog\\u00edas disruptivas.\",\"image\":\"wp-content\\\/uploads\\\/2023\\\/06\\\/Screenshot-2023-01-16-at-10-24-27-Team-Found.ation_.png\",\"link\":\"https:\\\/\\\/thefoundation.gr\\\/\",\"link_text\":\"P\\u00e1gina web\",\"title\":\"Found.ation\"}},{\"type\":\"accordion_item\",\"props\":{\"content\":\"CARDET es un centro de investigaci\\u00f3n y desarrollo l\\u00edder en la regi\\u00f3n mediterr\\u00e1nea con experiencia global en educaci\\u00f3n FP, habilidades digitales de emprendimiento y desarrollo de capacidades. Como el centro independiente sin fines de lucro m\\u00e1s grande con sede en Chipre, CARDET est\\u00e1 afiliado de forma independiente a universidades e instituciones de todo el mundo, como la Universidad de Yale, la Universidad de Nicosia y el Consejo Internacional de Medios Educativos\",\"image\":\"wp-content\\\/uploads\\\/2023\\\/06\\\/cardetLogo-13.png\",\"link\":\"https:\\\/\\\/www.cardet.org\",\"link_text\":\"P\\u00e1gina web\",\"title\":\"CARDET\"}},{\"type\":\"accordion_item\",\"props\":{\"content\":\"DISRUPTIA es una empresa experta en transformaci\\u00f3n digital que visualiza las tecnolog\\u00edas inteligentes como herramientas innovadoras para explotar plenamente las oportunidades que la digitalizaci\\u00f3n puede brindar para construir la sociedad sostenible del futuro. DISRUPTIA apoya a entidades educativas e instituciones p\\u00fablicas a definir objetivos claros para una estrategia de transformaci\\u00f3n digital efectiva, fomentando el desarrollo de un ecosistema de educaci\\u00f3n digital de alto rendimiento y mejorando las habilidades y competencias digitales para la transformaci\\u00f3n digital.\",\"image\":\"wp-content\\\/uploads\\\/2023\\\/06\\\/Disruptia_logo_cuadrado_pos_con-marco.png\",\"link\":\"https:\\\/\\\/www.disruptia.es\",\"link_text\":\"P\\u00e1gina web\",\"title\":\"DISRUPTIA\"}},{\"type\":\"accordion_item\",\"props\":{\"content\":\"TRAINING 2000 centro de educaci\\u00f3n de adultos certificado en la Regi\\u00f3n de Marche para la formaci\\u00f3n regional, con experiencia en educaci\\u00f3n y formaci\\u00f3n en diferentes sectores econ\\u00f3micos. Training 2000 participa en la investigaci\\u00f3n y el desarrollo de contenidos formativos innovadores y nuevas metodolog\\u00edas (aprendizaje combinado) para el reciclaje y la mejora de las capacidades de los adultos.\",\"image\":\"wp-content\\\/uploads\\\/2023\\\/06\\\/Logo-Training-2000-1.jpg\",\"link\":\"https:\\\/\\\/www.training2000.it\",\"link_text\":\"P\\u00e1gina web\",\"title\":\"Training 2000\"}},{\"type\":\"accordion_item\",\"props\":{\"content\":\"Desde 2007, Eurofort es un centro din\\u00e1mico checo-let\\u00f3n con sede en Riga, Letonia, una organizaci\\u00f3n que trabaja en el campo de la formaci\\u00f3n y el desarrollo de competencias personales y profesionales. biedriba Eurofortis participa activamente en proyectos educativos europeos realizados en el marco del programa Erasmus+ y garantiza la disponibilidad de materiales, herramientas y m\\u00e9todos educativos y de aprendizaje actualizados, as\\u00ed como seminarios y diferentes formaciones dentro de proyectos destinados principalmente a la identificaci\\u00f3n, el desarrollo y mejora de diversas competencias y conocimientos.\",\"image\":\"wp-content\\\/uploads\\\/2023\\\/06\\\/Screenshot-2023-01-16-at-10-22-53-Home-Biedriba-Eurofortis.png\",\"link\":\"https:\\\/\\\/www.eurofortis.lv\",\"link_text\":\"P\\u00e1gina web\",\"title\":\"BIEDRIBA EUROFORTIS\"}}],\"props\":{\"class\":\"partners-accordion\",\"collapsible\":false,\"content_column\":\"\",\"content_column_breakpoint\":\"m\",\"content_dropcap\":false,\"image_align\":\"left\",\"image_grid_breakpoint\":\"m\",\"image_grid_width\":\"1-4\",\"image_svg_color\":\"emphasis\",\"image_vertical_align\":true,\"link_style\":\"primary\",\"link_target\":true,\"link_text\":\"[website_text]\",\"multiple\":false,\"show_image\":true,\"show_link\":true,\"text_align\":\"center\",\"title_element\":\"h3\"}}]}]}]}],\"version\":\"3.0.20\"} --><\/p>\n","protected":false},"excerpt":{"rendered":"<p>El lema del proyecto EduChampions es ayudar a dise\u00f1ar y ampliar pr\u00e1cticas de aprendizaje innovadoras, inclusivas y flexibles, basadas en los principios del Dise\u00f1o Universal..<\/p>\n","protected":false},"author":1,"featured_media":0,"parent":0,"menu_order":0,"comment_status":"closed","ping_status":"closed","template":"","meta":{"_acf_changed":false,"inline_featured_image":false,"footnotes":""},"class_list":["post-1088","page","type-page","status-publish","hentry"],"acf":[],"_links":{"self":[{"href":"https:\/\/educhampions.eu\/es\/wp-json\/wp\/v2\/pages\/1088","targetHints":{"allow":["GET"]}}],"collection":[{"href":"https:\/\/educhampions.eu\/es\/wp-json\/wp\/v2\/pages"}],"about":[{"href":"https:\/\/educhampions.eu\/es\/wp-json\/wp\/v2\/types\/page"}],"author":[{"embeddable":true,"href":"https:\/\/educhampions.eu\/es\/wp-json\/wp\/v2\/users\/1"}],"replies":[{"embeddable":true,"href":"https:\/\/educhampions.eu\/es\/wp-json\/wp\/v2\/comments?post=1088"}],"version-history":[{"count":3,"href":"https:\/\/educhampions.eu\/es\/wp-json\/wp\/v2\/pages\/1088\/revisions"}],"predecessor-version":[{"id":1179,"href":"https:\/\/educhampions.eu\/es\/wp-json\/wp\/v2\/pages\/1088\/revisions\/1179"}],"wp:attachment":[{"href":"https:\/\/educhampions.eu\/es\/wp-json\/wp\/v2\/media?parent=1088"}],"curies":[{"name":"wp","href":"https:\/\/api.w.org\/{rel}","templated":true}]}}